{"id":644,"date":"2021-03-24T17:32:03","date_gmt":"2021-03-24T20:32:03","guid":{"rendered":"https:\/\/www.sindiapi.com.br\/2021\/?page_id=644"},"modified":"2024-02-01T13:13:39","modified_gmt":"2024-02-01T16:13:39","slug":"ficha-para-associar-se","status":"publish","type":"page","link":"https:\/\/www.sindiapi.com.br\/2021\/?page_id=644","title":{"rendered":"Fique S\u00f3cio"},"content":{"rendered":"\n<p><strong>Fique S\u00f3cio<\/strong><strong><\/strong><\/p>\n\n\n\n<p>Com voc\u00ea Aposentado, Pensionista e Idoso o Sindicato fica mais forte, somando as nossas for\u00e7as conseguiremos mais vit\u00f3rias para fortalecer a nossa categoria.<\/p>\n\n\n\n<p>\u00c9 f\u00e1cil filiar-se ao SINDIAPI, basta estar com os seguintes documentos, RG, CPF, Comprovante de Resid\u00eancia, N\u00famero do seu Benef\u00edcio e o Hist\u00f3rico de Cr\u00e9ditos.<\/p>\n\n\n\n<p>Obs. O Hist\u00f3rico de Cr\u00e9ditos pode ser consultado e extra\u00eddo do Meu Inss.<\/p>\n\n\n\n<p>Compare\u00e7a em nosso endere\u00e7o ou entre em contato atrav\u00e9s dos nossos canais de atendimento.<\/p>\n\n\n\n<p><strong>Telefone:<\/strong><\/p>\n\n\n\n<p>&nbsp;(11) 3136-1636<\/p>\n\n\n\n<p><strong>Email:<\/strong><\/p>\n\n\n\n<p><a href=\"mailto:sindiapi@sindiapi.com.br\">sindiapi@sindiapi.com.br<\/a><\/p>\n\n\n\n<p><a href=\"mailto:beneficio@sindiapi.com.br\">beneficio@sindiapi.com.br<\/a><\/p>\n\n\n\n<p><strong>Endere\u00e7o:<\/strong><\/p>\n\n\n\n<p>Rua Doutor Ricardo Batista, 44 \u2013 Bela Vista \u2013 S\u00e3o Paulo \u2013 Cep 01326-040<\/p>\n\n\n\n<p><strong>Hor\u00e1rio de atendimento:<\/strong><\/p>\n\n\n\n<p>Das 8h00 \u00e0s 17h00 \/ Segunda-feira a Sexta-feira<\/p>\n","protected":false},"excerpt":{"rendered":"<p>Fique S\u00f3cio Com voc\u00ea Aposentado, Pensionista e Idoso o Sindicato fica mais forte, somando as nossas for\u00e7as conseguiremos mais vit\u00f3rias para fortalecer a nossa categoria. \u00c9 f\u00e1cil filiar-se ao SINDIAPI, basta estar com os seguintes documentos, RG, CPF, Comprovante de Resid\u00eancia, N\u00famero do seu Benef\u00edcio e o Hist\u00f3rico de Cr\u00e9ditos. Obs. O Hist\u00f3rico de Cr\u00e9ditos [&hellip;]<\/p>\n","protected":false},"author":1,"featured_media":0,"parent":0,"menu_order":0,"comment_status":"closed","ping_status":"closed","template":"","meta":{"footnotes":""},"class_list":["post-644","page","type-page","status-publish","hentry"],"blog_post_layout_featured_media_urls":{"thumbnail":"","full":""},"categories_names":null,"comments_number":"0","wpmagazine_modules_lite_featured_media_urls":{"thumbnail":"","cvmm-medium":"","cvmm-medium-plus":"","cvmm-portrait":"","cvmm-medium-square":"","cvmm-large":"","cvmm-small":"","full":""},"_links":{"self":[{"href":"https:\/\/www.sindiapi.com.br\/2021\/index.php?rest_route=\/wp\/v2\/pages\/644","targetHints":{"allow":["GET"]}}],"collection":[{"href":"https:\/\/www.sindiapi.com.br\/2021\/index.php?rest_route=\/wp\/v2\/pages"}],"about":[{"href":"https:\/\/www.sindiapi.com.br\/2021\/index.php?rest_route=\/wp\/v2\/types\/page"}],"author":[{"embeddable":true,"href":"https:\/\/www.sindiapi.com.br\/2021\/index.php?rest_route=\/wp\/v2\/users\/1"}],"replies":[{"embeddable":true,"href":"https:\/\/www.sindiapi.com.br\/2021\/index.php?rest_route=%2Fwp%2Fv2%2Fcomments&post=644"}],"version-history":[{"count":5,"href":"https:\/\/www.sindiapi.com.br\/2021\/index.php?rest_route=\/wp\/v2\/pages\/644\/revisions"}],"predecessor-version":[{"id":1077,"href":"https:\/\/www.sindiapi.com.br\/2021\/index.php?rest_route=\/wp\/v2\/pages\/644\/revisions\/1077"}],"wp:attachment":[{"href":"https:\/\/www.sindiapi.com.br\/2021\/index.php?rest_route=%2Fwp%2Fv2%2Fmedia&parent=644"}],"curies":[{"name":"wp","href":"https:\/\/api.w.org\/{rel}","templated":true}]}}