{"id":1456,"date":"2024-11-04T22:20:52","date_gmt":"2024-11-05T01:20:52","guid":{"rendered":"https:\/\/www.sindiapi.com.br\/2021\/?page_id=1456"},"modified":"2024-11-04T22:20:54","modified_gmt":"2024-11-05T01:20:54","slug":"beneficios-sao-paulo-18","status":"publish","type":"page","link":"https:\/\/www.sindiapi.com.br\/2021\/?page_id=1456","title":{"rendered":"Benef\u00edcios S\u00e3o Paulo"},"content":{"rendered":"\n<div class=\"wp-block-cover has-background-dim\" style=\"min-height:265px;aspect-ratio:unset;\"><video class=\"wp-block-cover__video-background intrinsic-ignore\" autoplay muted loop playsinline src=\"https:\/\/www.sindiapi.com.br\/2021\/wp-content\/uploads\/2024\/01\/pexels-vlada-karpovich-5798913-1080p.mp4\" style=\"object-position:47% 0%\" data-object-fit=\"cover\" data-object-position=\"47% 0%\"><\/video><div class=\"wp-block-cover__inner-container is-layout-flow wp-block-cover-is-layout-flow\">\n<p class=\"has-large-font-size\"><\/p>\n<\/div><\/div>\n\n\n\n<p class=\"has-large-font-size\"><strong>CLOK Cl\u00ednica Oftalmol\u00f3gica Kamlot<\/strong><\/p>\n\n\n\n<p>Descontos de 10% a 50% dependendo do exame;<\/p>\n\n\n\n<p>Consultas por R$ 150,00;<\/p>\n\n\n\n<p>Exames de Tonometria R$ 20,00;<\/p>\n\n\n\n<p>Mapeamento de retina R$ 80,00 e<\/p>\n\n\n\n<p>Paquimetria R$ 100,00.<\/p>\n\n\n\n<p>Os valores podem sofrer altera\u00e7\u00e3o sem aviso pr\u00e9vio, faz necess\u00e1rio ligar e confirmar o valor.<\/p>\n\n\n\n<p>Rua Doutor Cesar, 530 Conjunto 407<\/p>\n\n\n\n<p>Santana \u2013 S\u00e3o Paulo \u2013 SP &#8211; CEP 02013-002<\/p>\n\n\n\n<p>Hor\u00e1rio de atendimento:<\/p>\n\n\n\n<p>Segunda a sexta-feira das 8h00 \u00e0s 19h30<\/p>\n\n\n\n<p>Telefone: (11) 2977-3624<\/p>\n","protected":false},"excerpt":{"rendered":"<p>CLOK Cl\u00ednica Oftalmol\u00f3gica Kamlot Descontos de 10% a 50% dependendo do exame; Consultas por R$ 150,00; Exames de Tonometria R$ 20,00; Mapeamento de retina R$ 80,00 e Paquimetria R$ 100,00. Os valores podem sofrer altera\u00e7\u00e3o sem aviso pr\u00e9vio, faz necess\u00e1rio ligar e confirmar o valor. Rua Doutor Cesar, 530 Conjunto 407 Santana \u2013 S\u00e3o Paulo [&hellip;]<\/p>\n","protected":false},"author":2,"featured_media":0,"parent":0,"menu_order":0,"comment_status":"closed","ping_status":"closed","template":"","meta":{"footnotes":""},"class_list":["post-1456","page","type-page","status-publish","hentry"],"blog_post_layout_featured_media_urls":{"thumbnail":"","full":""},"categories_names":null,"comments_number":"0","wpmagazine_modules_lite_featured_media_urls":{"thumbnail":"","cvmm-medium":"","cvmm-medium-plus":"","cvmm-portrait":"","cvmm-medium-square":"","cvmm-large":"","cvmm-small":"","full":""},"_links":{"self":[{"href":"https:\/\/www.sindiapi.com.br\/2021\/index.php?rest_route=\/wp\/v2\/pages\/1456","targetHints":{"allow":["GET"]}}],"collection":[{"href":"https:\/\/www.sindiapi.com.br\/2021\/index.php?rest_route=\/wp\/v2\/pages"}],"about":[{"href":"https:\/\/www.sindiapi.com.br\/2021\/index.php?rest_route=\/wp\/v2\/types\/page"}],"author":[{"embeddable":true,"href":"https:\/\/www.sindiapi.com.br\/2021\/index.php?rest_route=\/wp\/v2\/users\/2"}],"replies":[{"embeddable":true,"href":"https:\/\/www.sindiapi.com.br\/2021\/index.php?rest_route=%2Fwp%2Fv2%2Fcomments&post=1456"}],"version-history":[{"count":1,"href":"https:\/\/www.sindiapi.com.br\/2021\/index.php?rest_route=\/wp\/v2\/pages\/1456\/revisions"}],"predecessor-version":[{"id":1457,"href":"https:\/\/www.sindiapi.com.br\/2021\/index.php?rest_route=\/wp\/v2\/pages\/1456\/revisions\/1457"}],"wp:attachment":[{"href":"https:\/\/www.sindiapi.com.br\/2021\/index.php?rest_route=%2Fwp%2Fv2%2Fmedia&parent=1456"}],"curies":[{"name":"wp","href":"https:\/\/api.w.org\/{rel}","templated":true}]}}