{"id":1454,"date":"2024-11-04T22:18:36","date_gmt":"2024-11-05T01:18:36","guid":{"rendered":"https:\/\/www.sindiapi.com.br\/2021\/?page_id=1454"},"modified":"2024-11-04T22:18:38","modified_gmt":"2024-11-05T01:18:38","slug":"beneficios-sao-paulo-17","status":"publish","type":"page","link":"https:\/\/www.sindiapi.com.br\/2021\/?page_id=1454","title":{"rendered":"Benef\u00edcios S\u00e3o Paulo"},"content":{"rendered":"\n<div class=\"wp-block-cover has-background-dim\" style=\"min-height:265px;aspect-ratio:unset;\"><video class=\"wp-block-cover__video-background intrinsic-ignore\" autoplay muted loop playsinline src=\"https:\/\/www.sindiapi.com.br\/2021\/wp-content\/uploads\/2024\/01\/pexels-vlada-karpovich-5798913-1080p.mp4\" style=\"object-position:47% 0%\" data-object-fit=\"cover\" data-object-position=\"47% 0%\"><\/video><div class=\"wp-block-cover__inner-container is-layout-flow wp-block-cover-is-layout-flow\">\n<p class=\"has-large-font-size\"><\/p>\n<\/div><\/div>\n\n\n\n<p class=\"has-large-font-size\"><strong>M\u00e1ximo Diagn\u00f3sticos<\/strong><\/p>\n\n\n\n<p>Exames de an\u00e1lises cl\u00ednicas e exames de imagens.<\/p>\n\n\n\n<p>40% de desconto sob o valor da tabela particular.<\/p>\n\n\n\n<p>Rua Doutor Raul da Rocha de Medeiros, 127<\/p>\n\n\n\n<p>Tatuap\u00e9 \u2013 S\u00e3o Paulo \u2013 SP &#8211; CEP 03071-110<\/p>\n\n\n\n<p>Hor\u00e1rio de atendimento:<\/p>\n\n\n\n<p>Segunda a sexta-feira das 7h00 \u00e0s 17h00<\/p>\n\n\n\n<p>S\u00e1bado das 07h00 \u00e0s 12h00.<\/p>\n\n\n\n<p>Telefone: (11) 2090-7999<\/p>\n","protected":false},"excerpt":{"rendered":"<p>M\u00e1ximo Diagn\u00f3sticos Exames de an\u00e1lises cl\u00ednicas e exames de imagens. 40% de desconto sob o valor da tabela particular. Rua Doutor Raul da Rocha de Medeiros, 127 Tatuap\u00e9 \u2013 S\u00e3o Paulo \u2013 SP &#8211; CEP 03071-110 Hor\u00e1rio de atendimento: Segunda a sexta-feira das 7h00 \u00e0s 17h00 S\u00e1bado das 07h00 \u00e0s 12h00. Telefone: (11) 2090-7999<\/p>\n","protected":false},"author":2,"featured_media":0,"parent":0,"menu_order":0,"comment_status":"closed","ping_status":"closed","template":"","meta":{"footnotes":""},"class_list":["post-1454","page","type-page","status-publish","hentry"],"blog_post_layout_featured_media_urls":{"thumbnail":"","full":""},"categories_names":null,"comments_number":"0","wpmagazine_modules_lite_featured_media_urls":{"thumbnail":"","cvmm-medium":"","cvmm-medium-plus":"","cvmm-portrait":"","cvmm-medium-square":"","cvmm-large":"","cvmm-small":"","full":""},"_links":{"self":[{"href":"https:\/\/www.sindiapi.com.br\/2021\/index.php?rest_route=\/wp\/v2\/pages\/1454","targetHints":{"allow":["GET"]}}],"collection":[{"href":"https:\/\/www.sindiapi.com.br\/2021\/index.php?rest_route=\/wp\/v2\/pages"}],"about":[{"href":"https:\/\/www.sindiapi.com.br\/2021\/index.php?rest_route=\/wp\/v2\/types\/page"}],"author":[{"embeddable":true,"href":"https:\/\/www.sindiapi.com.br\/2021\/index.php?rest_route=\/wp\/v2\/users\/2"}],"replies":[{"embeddable":true,"href":"https:\/\/www.sindiapi.com.br\/2021\/index.php?rest_route=%2Fwp%2Fv2%2Fcomments&post=1454"}],"version-history":[{"count":1,"href":"https:\/\/www.sindiapi.com.br\/2021\/index.php?rest_route=\/wp\/v2\/pages\/1454\/revisions"}],"predecessor-version":[{"id":1455,"href":"https:\/\/www.sindiapi.com.br\/2021\/index.php?rest_route=\/wp\/v2\/pages\/1454\/revisions\/1455"}],"wp:attachment":[{"href":"https:\/\/www.sindiapi.com.br\/2021\/index.php?rest_route=%2Fwp%2Fv2%2Fmedia&parent=1454"}],"curies":[{"name":"wp","href":"https:\/\/api.w.org\/{rel}","templated":true}]}}