{"id":1451,"date":"2024-11-04T22:12:52","date_gmt":"2024-11-05T01:12:52","guid":{"rendered":"https:\/\/www.sindiapi.com.br\/2021\/?page_id=1451"},"modified":"2024-11-04T22:12:53","modified_gmt":"2024-11-05T01:12:53","slug":"beneficios-sao-paulo-16","status":"publish","type":"page","link":"https:\/\/www.sindiapi.com.br\/2021\/?page_id=1451","title":{"rendered":"Benef\u00edcios S\u00e3o Paulo"},"content":{"rendered":"\n<div class=\"wp-block-cover has-background-dim\" style=\"min-height:265px;aspect-ratio:unset;\"><video class=\"wp-block-cover__video-background intrinsic-ignore\" autoplay muted loop playsinline src=\"https:\/\/www.sindiapi.com.br\/2021\/wp-content\/uploads\/2024\/01\/pexels-vlada-karpovich-5798913-1080p.mp4\" style=\"object-position:47% 0%\" data-object-fit=\"cover\" data-object-position=\"47% 0%\"><\/video><div class=\"wp-block-cover__inner-container is-layout-flow wp-block-cover-is-layout-flow\">\n<p class=\"has-large-font-size\"><\/p>\n<\/div><\/div>\n\n\n\n<p class=\"has-large-font-size\"><strong>Zool\u00f3gico de S\u00e3o Paulo<\/strong><\/p>\n\n\n\n<p>De 5% a 20% de desconto sob o valor da bilheteria.<\/p>\n\n\n\n<p>Avenida Miguel Estefano, 4241<\/p>\n\n\n\n<p>\u00c1gua Funda \u2013 S\u00e3o Paulo \u2013 SP &#8211; CEP 04301-905<\/p>\n\n\n\n<p>Hor\u00e1rio de atendimento:<\/p>\n\n\n\n<p>Segunda a sexta-feira das 9h00 \u00e0s 17h00<\/p>\n\n\n\n<p>S\u00e1bado e Domingo das 09h00 \u00e0s 18h00.<\/p>\n\n\n\n<p>Entrar em contato no telefone (11) 3136-1636 para solicitar o link promocional.<\/p>\n","protected":false},"excerpt":{"rendered":"<p>Zool\u00f3gico de S\u00e3o Paulo De 5% a 20% de desconto sob o valor da bilheteria. Avenida Miguel Estefano, 4241 \u00c1gua Funda \u2013 S\u00e3o Paulo \u2013 SP &#8211; CEP 04301-905 Hor\u00e1rio de atendimento: Segunda a sexta-feira das 9h00 \u00e0s 17h00 S\u00e1bado e Domingo das 09h00 \u00e0s 18h00. Entrar em contato no telefone (11) 3136-1636 para solicitar [&hellip;]<\/p>\n","protected":false},"author":2,"featured_media":0,"parent":0,"menu_order":0,"comment_status":"closed","ping_status":"closed","template":"","meta":{"footnotes":""},"class_list":["post-1451","page","type-page","status-publish","hentry"],"blog_post_layout_featured_media_urls":{"thumbnail":"","full":""},"categories_names":null,"comments_number":"0","wpmagazine_modules_lite_featured_media_urls":{"thumbnail":"","cvmm-medium":"","cvmm-medium-plus":"","cvmm-portrait":"","cvmm-medium-square":"","cvmm-large":"","cvmm-small":"","full":""},"_links":{"self":[{"href":"https:\/\/www.sindiapi.com.br\/2021\/index.php?rest_route=\/wp\/v2\/pages\/1451","targetHints":{"allow":["GET"]}}],"collection":[{"href":"https:\/\/www.sindiapi.com.br\/2021\/index.php?rest_route=\/wp\/v2\/pages"}],"about":[{"href":"https:\/\/www.sindiapi.com.br\/2021\/index.php?rest_route=\/wp\/v2\/types\/page"}],"author":[{"embeddable":true,"href":"https:\/\/www.sindiapi.com.br\/2021\/index.php?rest_route=\/wp\/v2\/users\/2"}],"replies":[{"embeddable":true,"href":"https:\/\/www.sindiapi.com.br\/2021\/index.php?rest_route=%2Fwp%2Fv2%2Fcomments&post=1451"}],"version-history":[{"count":1,"href":"https:\/\/www.sindiapi.com.br\/2021\/index.php?rest_route=\/wp\/v2\/pages\/1451\/revisions"}],"predecessor-version":[{"id":1452,"href":"https:\/\/www.sindiapi.com.br\/2021\/index.php?rest_route=\/wp\/v2\/pages\/1451\/revisions\/1452"}],"wp:attachment":[{"href":"https:\/\/www.sindiapi.com.br\/2021\/index.php?rest_route=%2Fwp%2Fv2%2Fmedia&parent=1451"}],"curies":[{"name":"wp","href":"https:\/\/api.w.org\/{rel}","templated":true}]}}