{"id":1441,"date":"2024-10-18T14:41:44","date_gmt":"2024-10-18T17:41:44","guid":{"rendered":"https:\/\/www.sindiapi.com.br\/2021\/?page_id=1441"},"modified":"2024-10-18T14:41:46","modified_gmt":"2024-10-18T17:41:46","slug":"beneficios-sao-paulo-15","status":"publish","type":"page","link":"https:\/\/www.sindiapi.com.br\/2021\/?page_id=1441","title":{"rendered":"Benef\u00edcios S\u00e3o Paulo"},"content":{"rendered":"\n<div class=\"wp-block-cover has-background-dim\" style=\"min-height:265px;aspect-ratio:unset;\"><video class=\"wp-block-cover__video-background intrinsic-ignore\" autoplay muted loop playsinline src=\"https:\/\/www.sindiapi.com.br\/2021\/wp-content\/uploads\/2024\/01\/pexels-vlada-karpovich-5798913-1080p.mp4\" style=\"object-position:47% 0%\" data-object-fit=\"cover\" data-object-position=\"47% 0%\"><\/video><div class=\"wp-block-cover__inner-container is-layout-flow wp-block-cover-is-layout-flow\">\n<p class=\"has-large-font-size\"><\/p>\n<\/div><\/div>\n\n\n\n<p class=\"has-large-font-size\"><strong>Golabek Laborat\u00f3rio de An\u00e1lises Cl\u00ednicas<\/strong><\/p>\n\n\n\n<p>20% do valor da tabela particular, an\u00e1lises cl\u00ednicas (exames de sangue, urina e fezes)<\/p>\n\n\n\n<p>Rua Itapeva, 366 Conj 114<\/p>\n\n\n\n<p>Bela Vista \u2013 S\u00e3o Paulo \u2013 SP &#8211; CEP 01332-000<\/p>\n\n\n\n<p><strong>Hor\u00e1rio de atendimento da Cl\u00ednica:<\/strong><\/p>\n\n\n\n<p>Segunda a s\u00e1bado das 8h00 \u00e0s 19h00<\/p>\n\n\n\n<p><strong>Hor\u00e1rio de atendimento para coleta de exames:<\/strong><\/p>\n\n\n\n<p>Segunda a s\u00e1bado das 08h00 \u00e0s 13h00<\/p>\n\n\n\n<p>Telefone: (11) 3326-8153 WhatsApp (11) 999328131<\/p>\n","protected":false},"excerpt":{"rendered":"<p>Golabek Laborat\u00f3rio de An\u00e1lises Cl\u00ednicas 20% do valor da tabela particular, an\u00e1lises cl\u00ednicas (exames de sangue, urina e fezes) Rua Itapeva, 366 Conj 114 Bela Vista \u2013 S\u00e3o Paulo \u2013 SP &#8211; CEP 01332-000 Hor\u00e1rio de atendimento da Cl\u00ednica: Segunda a s\u00e1bado das 8h00 \u00e0s 19h00 Hor\u00e1rio de atendimento para coleta de exames: Segunda a [&hellip;]<\/p>\n","protected":false},"author":2,"featured_media":0,"parent":0,"menu_order":0,"comment_status":"closed","ping_status":"closed","template":"","meta":{"footnotes":""},"class_list":["post-1441","page","type-page","status-publish","hentry"],"blog_post_layout_featured_media_urls":{"thumbnail":"","full":""},"categories_names":null,"comments_number":"0","wpmagazine_modules_lite_featured_media_urls":{"thumbnail":"","cvmm-medium":"","cvmm-medium-plus":"","cvmm-portrait":"","cvmm-medium-square":"","cvmm-large":"","cvmm-small":"","full":""},"_links":{"self":[{"href":"https:\/\/www.sindiapi.com.br\/2021\/index.php?rest_route=\/wp\/v2\/pages\/1441","targetHints":{"allow":["GET"]}}],"collection":[{"href":"https:\/\/www.sindiapi.com.br\/2021\/index.php?rest_route=\/wp\/v2\/pages"}],"about":[{"href":"https:\/\/www.sindiapi.com.br\/2021\/index.php?rest_route=\/wp\/v2\/types\/page"}],"author":[{"embeddable":true,"href":"https:\/\/www.sindiapi.com.br\/2021\/index.php?rest_route=\/wp\/v2\/users\/2"}],"replies":[{"embeddable":true,"href":"https:\/\/www.sindiapi.com.br\/2021\/index.php?rest_route=%2Fwp%2Fv2%2Fcomments&post=1441"}],"version-history":[{"count":1,"href":"https:\/\/www.sindiapi.com.br\/2021\/index.php?rest_route=\/wp\/v2\/pages\/1441\/revisions"}],"predecessor-version":[{"id":1442,"href":"https:\/\/www.sindiapi.com.br\/2021\/index.php?rest_route=\/wp\/v2\/pages\/1441\/revisions\/1442"}],"wp:attachment":[{"href":"https:\/\/www.sindiapi.com.br\/2021\/index.php?rest_route=%2Fwp%2Fv2%2Fmedia&parent=1441"}],"curies":[{"name":"wp","href":"https:\/\/api.w.org\/{rel}","templated":true}]}}