{"id":1435,"date":"2024-10-18T14:30:02","date_gmt":"2024-10-18T17:30:02","guid":{"rendered":"https:\/\/www.sindiapi.com.br\/2021\/?page_id=1435"},"modified":"2024-10-18T14:30:03","modified_gmt":"2024-10-18T17:30:03","slug":"beneficios-sao-paulo-13","status":"publish","type":"page","link":"https:\/\/www.sindiapi.com.br\/2021\/?page_id=1435","title":{"rendered":"Benef\u00edcios S\u00e3o Paulo"},"content":{"rendered":"\n<div class=\"wp-block-cover has-background-dim\" style=\"min-height:265px;aspect-ratio:unset;\"><video class=\"wp-block-cover__video-background intrinsic-ignore\" autoplay muted loop playsinline src=\"https:\/\/www.sindiapi.com.br\/2021\/wp-content\/uploads\/2024\/01\/pexels-vlada-karpovich-5798913-1080p.mp4\" style=\"object-position:47% 0%\" data-object-fit=\"cover\" data-object-position=\"47% 0%\"><\/video><div class=\"wp-block-cover__inner-container is-layout-flow wp-block-cover-is-layout-flow\">\n<p class=\"has-large-font-size\"><\/p>\n<\/div><\/div>\n\n\n\n<p class=\"has-large-font-size\"><strong>Cl\u00ednica Scopp Diagn\u00f3sticos<\/strong><\/p>\n\n\n\n<p>Oferecer at\u00e9 30% de desconto na realiza\u00e7\u00e3o de exames, como; Radiologia, Mamografia, Ultrassom, Tomografia e Resson\u00e2ncia.<\/p>\n\n\n\n<p><strong>UNIDADE PRESTIGE \u2013 POMP\u00c9IA<\/strong><\/p>\n\n\n\n<p>Avenida Pompeia, 1137<\/p>\n\n\n\n<p>Perdizes \u2013 S\u00e3o Paulo \u2013 SP &#8211; CEP 04734-002<\/p>\n\n\n\n<p>Hor\u00e1rio de atendimento:<\/p>\n\n\n\n<p>Segunda a sexta-feira das 6h00 \u00e0s 21hh00<\/p>\n\n\n\n<p>S\u00e1bado: das 6h00 \u00e0s 19hh00<\/p>\n\n\n\n<p>Domingos: 07h00 as 19h00<\/p>\n\n\n\n<p>Telefone (11) 3874-6666<\/p>\n\n\n\n<p><strong>UNIDADE SANTO AMARO<\/strong><\/p>\n\n\n\n<p>Avenida Adolfo Pinheiro, 1178<\/p>\n\n\n\n<p>Santo Amaro \u2013 S\u00e3o Paulo \u2013 SP &#8211; CEP 04734-003<\/p>\n\n\n\n<p>Hor\u00e1rio de atendimento:<\/p>\n\n\n\n<p>Segunda a sexta-feira das 6h00 \u00e0s 21hh00<\/p>\n\n\n\n<p>S\u00e1bado: das 6h00 \u00e0s 19hh00<\/p>\n\n\n\n<p>Domingos: 07h00 as 19h00<\/p>\n\n\n\n<p>Telefone (11) 3874-6666<\/p>\n","protected":false},"excerpt":{"rendered":"<p>Cl\u00ednica Scopp Diagn\u00f3sticos Oferecer at\u00e9 30% de desconto na realiza\u00e7\u00e3o de exames, como; Radiologia, Mamografia, Ultrassom, Tomografia e Resson\u00e2ncia. UNIDADE PRESTIGE \u2013 POMP\u00c9IA Avenida Pompeia, 1137 Perdizes \u2013 S\u00e3o Paulo \u2013 SP &#8211; CEP 04734-002 Hor\u00e1rio de atendimento: Segunda a sexta-feira das 6h00 \u00e0s 21hh00 S\u00e1bado: das 6h00 \u00e0s 19hh00 Domingos: 07h00 as 19h00 Telefone [&hellip;]<\/p>\n","protected":false},"author":2,"featured_media":0,"parent":0,"menu_order":0,"comment_status":"closed","ping_status":"closed","template":"","meta":{"footnotes":""},"class_list":["post-1435","page","type-page","status-publish","hentry"],"blog_post_layout_featured_media_urls":{"thumbnail":"","full":""},"categories_names":null,"comments_number":"0","wpmagazine_modules_lite_featured_media_urls":{"thumbnail":"","cvmm-medium":"","cvmm-medium-plus":"","cvmm-portrait":"","cvmm-medium-square":"","cvmm-large":"","cvmm-small":"","full":""},"_links":{"self":[{"href":"https:\/\/www.sindiapi.com.br\/2021\/index.php?rest_route=\/wp\/v2\/pages\/1435","targetHints":{"allow":["GET"]}}],"collection":[{"href":"https:\/\/www.sindiapi.com.br\/2021\/index.php?rest_route=\/wp\/v2\/pages"}],"about":[{"href":"https:\/\/www.sindiapi.com.br\/2021\/index.php?rest_route=\/wp\/v2\/types\/page"}],"author":[{"embeddable":true,"href":"https:\/\/www.sindiapi.com.br\/2021\/index.php?rest_route=\/wp\/v2\/users\/2"}],"replies":[{"embeddable":true,"href":"https:\/\/www.sindiapi.com.br\/2021\/index.php?rest_route=%2Fwp%2Fv2%2Fcomments&post=1435"}],"version-history":[{"count":1,"href":"https:\/\/www.sindiapi.com.br\/2021\/index.php?rest_route=\/wp\/v2\/pages\/1435\/revisions"}],"predecessor-version":[{"id":1436,"href":"https:\/\/www.sindiapi.com.br\/2021\/index.php?rest_route=\/wp\/v2\/pages\/1435\/revisions\/1436"}],"wp:attachment":[{"href":"https:\/\/www.sindiapi.com.br\/2021\/index.php?rest_route=%2Fwp%2Fv2%2Fmedia&parent=1435"}],"curies":[{"name":"wp","href":"https:\/\/api.w.org\/{rel}","templated":true}]}}