{"id":1432,"date":"2024-10-18T14:27:28","date_gmt":"2024-10-18T17:27:28","guid":{"rendered":"https:\/\/www.sindiapi.com.br\/2021\/?page_id=1432"},"modified":"2024-10-18T14:27:30","modified_gmt":"2024-10-18T17:27:30","slug":"beneficios-sao-paulo-12","status":"publish","type":"page","link":"https:\/\/www.sindiapi.com.br\/2021\/?page_id=1432","title":{"rendered":"Benef\u00edcios S\u00e3o Paulo"},"content":{"rendered":"\n<div class=\"wp-block-cover has-background-dim\" style=\"min-height:265px;aspect-ratio:unset;\"><video class=\"wp-block-cover__video-background intrinsic-ignore\" autoplay muted loop playsinline src=\"https:\/\/www.sindiapi.com.br\/2021\/wp-content\/uploads\/2024\/01\/pexels-vlada-karpovich-5798913-1080p.mp4\" style=\"object-position:47% 0%\" data-object-fit=\"cover\" data-object-position=\"47% 0%\"><\/video><div class=\"wp-block-cover__inner-container is-layout-flow wp-block-cover-is-layout-flow\">\n<p class=\"has-large-font-size\"><\/p>\n<\/div><\/div>\n\n\n\n<p class=\"has-medium-font-size\"><strong>Big \u00d3tica<\/strong><\/p>\n\n\n\n<p>15% de desconto na compra de qualquer \u00f3culo comercializado;<\/p>\n\n\n\n<p>15% de desconto na consulta com M\u00e9dico Oftalmologista.<\/p>\n\n\n\n<p>Rua Marechal Deodoro, 2135<\/p>\n\n\n\n<p>Centro \u2013 S\u00e3o Bernardo do Campo \u2013 SP &#8211; CEP 09710-192<\/p>\n\n\n\n<p>Hor\u00e1rio de atendimento:<\/p>\n\n\n\n<p>Segunda a sexta-feira das 8h00 \u00e0s 17h00<\/p>\n\n\n\n<p>Telefone: (11) 4345-4346<\/p>\n","protected":false},"excerpt":{"rendered":"<p>Big \u00d3tica 15% de desconto na compra de qualquer \u00f3culo comercializado; 15% de desconto na consulta com M\u00e9dico Oftalmologista. Rua Marechal Deodoro, 2135 Centro \u2013 S\u00e3o Bernardo do Campo \u2013 SP &#8211; CEP 09710-192 Hor\u00e1rio de atendimento: Segunda a sexta-feira das 8h00 \u00e0s 17h00 Telefone: (11) 4345-4346<\/p>\n","protected":false},"author":2,"featured_media":0,"parent":0,"menu_order":0,"comment_status":"closed","ping_status":"closed","template":"","meta":{"footnotes":""},"class_list":["post-1432","page","type-page","status-publish","hentry"],"blog_post_layout_featured_media_urls":{"thumbnail":"","full":""},"categories_names":null,"comments_number":"0","wpmagazine_modules_lite_featured_media_urls":{"thumbnail":"","cvmm-medium":"","cvmm-medium-plus":"","cvmm-portrait":"","cvmm-medium-square":"","cvmm-large":"","cvmm-small":"","full":""},"_links":{"self":[{"href":"https:\/\/www.sindiapi.com.br\/2021\/index.php?rest_route=\/wp\/v2\/pages\/1432","targetHints":{"allow":["GET"]}}],"collection":[{"href":"https:\/\/www.sindiapi.com.br\/2021\/index.php?rest_route=\/wp\/v2\/pages"}],"about":[{"href":"https:\/\/www.sindiapi.com.br\/2021\/index.php?rest_route=\/wp\/v2\/types\/page"}],"author":[{"embeddable":true,"href":"https:\/\/www.sindiapi.com.br\/2021\/index.php?rest_route=\/wp\/v2\/users\/2"}],"replies":[{"embeddable":true,"href":"https:\/\/www.sindiapi.com.br\/2021\/index.php?rest_route=%2Fwp%2Fv2%2Fcomments&post=1432"}],"version-history":[{"count":1,"href":"https:\/\/www.sindiapi.com.br\/2021\/index.php?rest_route=\/wp\/v2\/pages\/1432\/revisions"}],"predecessor-version":[{"id":1434,"href":"https:\/\/www.sindiapi.com.br\/2021\/index.php?rest_route=\/wp\/v2\/pages\/1432\/revisions\/1434"}],"wp:attachment":[{"href":"https:\/\/www.sindiapi.com.br\/2021\/index.php?rest_route=%2Fwp%2Fv2%2Fmedia&parent=1432"}],"curies":[{"name":"wp","href":"https:\/\/api.w.org\/{rel}","templated":true}]}}