{"id":1421,"date":"2024-10-09T16:09:04","date_gmt":"2024-10-09T19:09:04","guid":{"rendered":"https:\/\/www.sindiapi.com.br\/2021\/?page_id=1421"},"modified":"2024-10-09T16:12:34","modified_gmt":"2024-10-09T19:12:34","slug":"beneficios-sao-paulo-11","status":"publish","type":"page","link":"https:\/\/www.sindiapi.com.br\/2021\/?page_id=1421","title":{"rendered":"Benef\u00edcios S\u00e3o Paulo"},"content":{"rendered":"\n<div class=\"wp-block-cover has-background-dim\" style=\"min-height:265px;aspect-ratio:unset;\"><video class=\"wp-block-cover__video-background intrinsic-ignore\" autoplay muted loop playsinline src=\"https:\/\/www.sindiapi.com.br\/2021\/wp-content\/uploads\/2024\/01\/pexels-vlada-karpovich-5798913-1080p.mp4\" style=\"object-position:47% 0%\" data-object-fit=\"cover\" data-object-position=\"47% 0%\"><\/video><div class=\"wp-block-cover__inner-container is-layout-flow wp-block-cover-is-layout-flow\">\n<p class=\"has-large-font-size\"><\/p>\n<\/div><\/div>\n\n\n\n<p class=\"has-large-font-size\"><strong>Inova<\/strong> <strong>Audi\u00e7\u00e3o<\/strong><\/p>\n\n\n\n<p>Desconto de 25% na compra de aparelhos auditivos.<\/p>\n\n\n\n<p>Shopping Penha<\/p>\n\n\n\n<p>Rua Dr Jo\u00e3o Ribeiro, 304 Loja 3109, Piso G2<\/p>\n\n\n\n<p>Penha &#8211;&nbsp;&nbsp; S\u00e3o Paulo \u2013 SP &#8211; CEP 03634-000<\/p>\n\n\n\n<p>Hor\u00e1rio de atendimento:<\/p>\n\n\n\n<p>Segunda a s\u00e1bado das 10h00 \u00e0s 20h00.<\/p>\n\n\n\n<p>Telefone: 3136-0027<strong><\/strong><\/p>\n","protected":false},"excerpt":{"rendered":"<p>Inova Audi\u00e7\u00e3o Desconto de 25% na compra de aparelhos auditivos. Shopping Penha Rua Dr Jo\u00e3o Ribeiro, 304 Loja 3109, Piso G2 Penha &#8211;&nbsp;&nbsp; S\u00e3o Paulo \u2013 SP &#8211; CEP 03634-000 Hor\u00e1rio de atendimento: Segunda a s\u00e1bado das 10h00 \u00e0s 20h00. Telefone: 3136-0027<\/p>\n","protected":false},"author":2,"featured_media":0,"parent":0,"menu_order":0,"comment_status":"closed","ping_status":"closed","template":"","meta":{"footnotes":""},"class_list":["post-1421","page","type-page","status-publish","hentry"],"blog_post_layout_featured_media_urls":{"thumbnail":"","full":""},"categories_names":null,"comments_number":"0","wpmagazine_modules_lite_featured_media_urls":{"thumbnail":"","cvmm-medium":"","cvmm-medium-plus":"","cvmm-portrait":"","cvmm-medium-square":"","cvmm-large":"","cvmm-small":"","full":""},"_links":{"self":[{"href":"https:\/\/www.sindiapi.com.br\/2021\/index.php?rest_route=\/wp\/v2\/pages\/1421","targetHints":{"allow":["GET"]}}],"collection":[{"href":"https:\/\/www.sindiapi.com.br\/2021\/index.php?rest_route=\/wp\/v2\/pages"}],"about":[{"href":"https:\/\/www.sindiapi.com.br\/2021\/index.php?rest_route=\/wp\/v2\/types\/page"}],"author":[{"embeddable":true,"href":"https:\/\/www.sindiapi.com.br\/2021\/index.php?rest_route=\/wp\/v2\/users\/2"}],"replies":[{"embeddable":true,"href":"https:\/\/www.sindiapi.com.br\/2021\/index.php?rest_route=%2Fwp%2Fv2%2Fcomments&post=1421"}],"version-history":[{"count":2,"href":"https:\/\/www.sindiapi.com.br\/2021\/index.php?rest_route=\/wp\/v2\/pages\/1421\/revisions"}],"predecessor-version":[{"id":1424,"href":"https:\/\/www.sindiapi.com.br\/2021\/index.php?rest_route=\/wp\/v2\/pages\/1421\/revisions\/1424"}],"wp:attachment":[{"href":"https:\/\/www.sindiapi.com.br\/2021\/index.php?rest_route=%2Fwp%2Fv2%2Fmedia&parent=1421"}],"curies":[{"name":"wp","href":"https:\/\/api.w.org\/{rel}","templated":true}]}}