{"id":1418,"date":"2024-10-09T16:06:46","date_gmt":"2024-10-09T19:06:46","guid":{"rendered":"https:\/\/www.sindiapi.com.br\/2021\/?page_id=1418"},"modified":"2024-10-09T16:06:47","modified_gmt":"2024-10-09T19:06:47","slug":"beneficios-sao-paulo-10","status":"publish","type":"page","link":"https:\/\/www.sindiapi.com.br\/2021\/?page_id=1418","title":{"rendered":"Benef\u00edcios S\u00e3o Paulo"},"content":{"rendered":"\n<div class=\"wp-block-cover has-background-dim\" style=\"min-height:265px;aspect-ratio:unset;\"><video class=\"wp-block-cover__video-background intrinsic-ignore\" autoplay muted loop playsinline src=\"https:\/\/www.sindiapi.com.br\/2021\/wp-content\/uploads\/2024\/01\/pexels-vlada-karpovich-5798913-1080p.mp4\" style=\"object-position:47% 0%\" data-object-fit=\"cover\" data-object-position=\"47% 0%\"><\/video><div class=\"wp-block-cover__inner-container is-layout-flow wp-block-cover-is-layout-flow\">\n<p class=\"has-large-font-size\"><\/p>\n<\/div><\/div>\n\n\n\n<p><br><\/p>\n\n\n\n<p class=\"has-large-font-size\"><strong>5asec<\/strong><strong><\/strong><\/p>\n\n\n\n<p>Desconto de 10% nos servi\u00e7os de lavagem t\u00eaxtil.<\/p>\n\n\n\n<p><strong>5\u00e0sec Penha<\/strong><\/p>\n\n\n\n<p>Av. Amador Bueno da Veiga, 2294<\/p>\n\n\n\n<p>Penha de Fran\u00e7a &#8211; S\u00e3o Paulo &#8211; SP<strong>&nbsp;&#8211; <\/strong>CEP 03636-100<\/p>\n\n\n\n<p>Hor\u00e1rio de atendimento:<\/p>\n\n\n\n<p>Segunda a sexta feira das 8h00 \u00e0s 19h00.<\/p>\n\n\n\n<p>S\u00e1bado das 9h00 \u00e0s 13h00.<\/p>\n\n\n\n<p>Telefone: (11) 2682-3700 ou WhatsApp: (11) 95355-1448<strong><\/strong><\/p>\n\n\n\n<p><strong>5\u00e0sec Shopping Penha<\/strong><\/p>\n\n\n\n<p>Rua Dr. Jo\u00e3o Ribeiro, 304<\/p>\n\n\n\n<p>Penha de Fran\u00e7a &#8211; S\u00e3o Paulo &#8211; SP&nbsp;&#8211; CEP 03634-040<\/p>\n\n\n\n<p>Hor\u00e1rio de atendimento:<\/p>\n\n\n\n<p>Segunda a s\u00e1bado das 10h00 \u00e0s 22h00.<\/p>\n\n\n\n<p>Domingos e feriados das 9h00 \u00e0s 13h00.<\/p>\n\n\n\n<p>Telefone: (11) 2941-8412 ou WhatsApp: (11) 98429-2219<\/p>\n\n\n\n<p><strong>5\u00e0sec Vila Carr\u00e3o<\/strong><\/p>\n\n\n\n<p>Av. Conselheiro Carr\u00e3o, 2931<\/p>\n\n\n\n<p>Vila Carr\u00e3o &#8211; S\u00e3o Paulo &#8211; SP&nbsp;&#8211; CEP 03402-002<\/p>\n\n\n\n<p>Hor\u00e1rio de atendimento:<\/p>\n\n\n\n<p>Segunda a sexta feira das 8h00 \u00e0s 19h00.<\/p>\n\n\n\n<p>S\u00e1bado das 9h00 \u00e0s 13h00.<\/p>\n\n\n\n<p>Telefone: (11) 2294-5416 ou WhatsApp: (11) 98548-0014<\/p>\n\n\n\n<p><strong>5\u00e0sec Vila Gomes Cardim<\/strong><\/p>\n\n\n\n<p>Rua Azevedo Soares, 2643,<\/p>\n\n\n\n<p>Vila Gomes Cardim &#8211; S\u00e3o Paulo \u2013 SP &#8211; CEP 03322-002<\/p>\n\n\n\n<p>Hor\u00e1rio de atendimento:<\/p>\n\n\n\n<p>Segunda a sexta feira das 8h00 \u00e0s 19h00.<\/p>\n\n\n\n<p>S\u00e1bado das 9h00 \u00e0s 13h00.<\/p>\n\n\n\n<p>Telefone: &nbsp;(11) 2387-2643 ou WhatsApp:(11) 96925-4501<\/p>\n\n\n\n<p><strong>5\u00e0sec Belenzinho<\/strong><\/p>\n\n\n\n<p>Rua Visconde de Parna\u00edba, 3500<\/p>\n\n\n\n<p>Belenzinho &#8211; S\u00e3o Paulo &#8211; SP&nbsp;\u2013 CEP 03045-002<\/p>\n\n\n\n<p>Hor\u00e1rio de atendimento:<\/p>\n\n\n\n<p>Segunda a sexta feira das 8h00 \u00e0s 19h00.<\/p>\n\n\n\n<p>S\u00e1bado das 9h00 \u00e0s 13h00.<\/p>\n\n\n\n<p>Telefone: (11) 2693-3990 ou WhatsApp: (11) 91777-7712<strong><\/strong><\/p>\n","protected":false},"excerpt":{"rendered":"<p>5asec Desconto de 10% nos servi\u00e7os de lavagem t\u00eaxtil. 5\u00e0sec Penha Av. Amador Bueno da Veiga, 2294 Penha de Fran\u00e7a &#8211; S\u00e3o Paulo &#8211; SP&nbsp;&#8211; CEP 03636-100 Hor\u00e1rio de atendimento: Segunda a sexta feira das 8h00 \u00e0s 19h00. S\u00e1bado das 9h00 \u00e0s 13h00. Telefone: (11) 2682-3700 ou WhatsApp: (11) 95355-1448 5\u00e0sec Shopping Penha Rua Dr. [&hellip;]<\/p>\n","protected":false},"author":2,"featured_media":0,"parent":0,"menu_order":0,"comment_status":"closed","ping_status":"closed","template":"","meta":{"footnotes":""},"class_list":["post-1418","page","type-page","status-publish","hentry"],"blog_post_layout_featured_media_urls":{"thumbnail":"","full":""},"categories_names":null,"comments_number":"0","wpmagazine_modules_lite_featured_media_urls":{"thumbnail":"","cvmm-medium":"","cvmm-medium-plus":"","cvmm-portrait":"","cvmm-medium-square":"","cvmm-large":"","cvmm-small":"","full":""},"_links":{"self":[{"href":"https:\/\/www.sindiapi.com.br\/2021\/index.php?rest_route=\/wp\/v2\/pages\/1418","targetHints":{"allow":["GET"]}}],"collection":[{"href":"https:\/\/www.sindiapi.com.br\/2021\/index.php?rest_route=\/wp\/v2\/pages"}],"about":[{"href":"https:\/\/www.sindiapi.com.br\/2021\/index.php?rest_route=\/wp\/v2\/types\/page"}],"author":[{"embeddable":true,"href":"https:\/\/www.sindiapi.com.br\/2021\/index.php?rest_route=\/wp\/v2\/users\/2"}],"replies":[{"embeddable":true,"href":"https:\/\/www.sindiapi.com.br\/2021\/index.php?rest_route=%2Fwp%2Fv2%2Fcomments&post=1418"}],"version-history":[{"count":1,"href":"https:\/\/www.sindiapi.com.br\/2021\/index.php?rest_route=\/wp\/v2\/pages\/1418\/revisions"}],"predecessor-version":[{"id":1419,"href":"https:\/\/www.sindiapi.com.br\/2021\/index.php?rest_route=\/wp\/v2\/pages\/1418\/revisions\/1419"}],"wp:attachment":[{"href":"https:\/\/www.sindiapi.com.br\/2021\/index.php?rest_route=%2Fwp%2Fv2%2Fmedia&parent=1418"}],"curies":[{"name":"wp","href":"https:\/\/api.w.org\/{rel}","templated":true}]}}