{"id":1413,"date":"2024-10-09T15:59:10","date_gmt":"2024-10-09T18:59:10","guid":{"rendered":"https:\/\/www.sindiapi.com.br\/2021\/?page_id=1413"},"modified":"2024-10-09T15:59:11","modified_gmt":"2024-10-09T18:59:11","slug":"beneficios-sao-paulo-interior-2","status":"publish","type":"page","link":"https:\/\/www.sindiapi.com.br\/2021\/?page_id=1413","title":{"rendered":"Benef\u00edcios S\u00e3o Paulo Interior"},"content":{"rendered":"\n<div class=\"wp-block-cover has-background-dim\" style=\"min-height:265px;aspect-ratio:unset;\"><video class=\"wp-block-cover__video-background intrinsic-ignore\" autoplay muted loop playsinline src=\"https:\/\/www.sindiapi.com.br\/2021\/wp-content\/uploads\/2024\/01\/pexels-vlada-karpovich-5798913-1080p.mp4\" style=\"object-position:47% 0%\" data-object-fit=\"cover\" data-object-position=\"47% 0%\"><\/video><div class=\"wp-block-cover__inner-container is-layout-flow wp-block-cover-is-layout-flow\">\n<p class=\"has-large-font-size\"><\/p>\n<\/div><\/div>\n\n\n\n<p class=\"has-large-font-size\"><strong>\u00d3ticas Ultrafarma<\/strong><strong><\/strong><\/p>\n\n\n\n<p>Desconto de 20 % na\u00a0compra de produtos de \u00f3tica (menos\u00a0lentes\u00a0de<br>contato\u00a0e\u00a0campanhas\u00a0j\u00e1\u00a0existentes). Ou na\u00a0compra\u00a0de\u00a0lentes\u00a0multifocais, gr\u00e1tis a arma\u00e7\u00e3o das marcas Feel,\u00a0EyeFly\u00a0ou\u00a0MX.<br><\/p>\n\n\n\n<p><strong>Interior de S\u00e3o Paulo:<\/strong><\/p>\n\n\n\n<p><strong>Hortol\u00e2ndia &#8211; Centro<\/strong><\/p>\n\n\n\n<p>Rua Luiz Camilo Camargo, 880<\/p>\n\n\n\n<p>Centro \u2013 Hortol\u00e2ndia &#8211; SP<strong>&nbsp;\u2013 <\/strong>CEP 13184-420<\/p>\n\n\n\n<p>Hor\u00e1rio de atendimento:<\/p>\n\n\n\n<p>Segunda a sexta feira das 9h00 \u00e0s 18h00.<\/p>\n\n\n\n<p>S\u00e1bado das 9h00 \u00e0s 13h00.<\/p>\n\n\n\n<p>Telefone: (19) 9.7163-5485<\/p>\n\n\n\n<p><strong>Indaiatuba &#8211; Centro<\/strong><\/p>\n\n\n\n<p>Rua XV de Novembro, 497<\/p>\n\n\n\n<p>Centro \u2013 Indaiatuba &#8211; SP<strong>&nbsp;\u2013 <\/strong>CEP 13330-070<\/p>\n\n\n\n<p>Hor\u00e1rio de atendimento:<\/p>\n\n\n\n<p>Segunda a sexta feira das 9h00 \u00e0s 18h00.<\/p>\n\n\n\n<p>S\u00e1bado das 9h00 \u00e0s 13h00.<\/p>\n\n\n\n<p>Telefone: (19) 9.7126-1374<\/p>\n\n\n\n<p><strong>Mogi Gua\u00e7u &#8211; Centro<\/strong><\/p>\n\n\n\n<p>Pra\u00e7a Padre Armani, 69<\/p>\n\n\n\n<p>Centro \u2013 Mogi Gua\u00e7u &#8211; SP<strong>&nbsp;\u2013 <\/strong>CEP 13840-011<\/p>\n\n\n\n<p>Hor\u00e1rio de atendimento:<\/p>\n\n\n\n<p>Segunda a sexta feira das 8h30 \u00e0s 17h45.<\/p>\n\n\n\n<p>S\u00e1bado das 8h30 \u00e0s 12h30.<\/p>\n\n\n\n<p>Telefone: (19) 3818-8710<\/p>\n\n\n\n<p><strong>Sumar\u00e9 \u2013 Centro<\/strong><\/p>\n\n\n\n<p>Rua Dom Barreto, 551<\/p>\n\n\n\n<p>Centro \u2013 Sumar\u00e9 &#8211; SP<strong>&nbsp;\u2013 <\/strong>CEP 13170-002<\/p>\n\n\n\n<p>Hor\u00e1rio de atendimento:<\/p>\n\n\n\n<p>Segunda a sexta feira das 9h00 \u00e0s 18h00.<\/p>\n\n\n\n<p>S\u00e1bado das 9h00 \u00e0s 13h00.<\/p>\n\n\n\n<p>Telefone: (19) 3883-2338<\/p>\n\n\n\n<p><strong>Ribeir\u00e3o Preto<\/strong><\/p>\n\n\n\n<p>Rua Visconde de Inha\u00fama, 551<\/p>\n\n\n\n<p>Centro \u2013 Ribeir\u00e3o Preto &#8211; SP<strong>&nbsp;\u2013 <\/strong>CEP 13170-002<\/p>\n\n\n\n<p>Hor\u00e1rio de atendimento:<\/p>\n\n\n\n<p>Segunda a sexta feira das 9h00 \u00e0s 18h00.<\/p>\n\n\n\n<p>S\u00e1bado das 9h00 \u00e0s 13h00.<\/p>\n\n\n\n<p>Telefone: (16) 3237-2874<\/p>\n","protected":false},"excerpt":{"rendered":"<p>\u00d3ticas Ultrafarma Desconto de 20 % na\u00a0compra de produtos de \u00f3tica (menos\u00a0lentes\u00a0decontato\u00a0e\u00a0campanhas\u00a0j\u00e1\u00a0existentes). Ou na\u00a0compra\u00a0de\u00a0lentes\u00a0multifocais, gr\u00e1tis a arma\u00e7\u00e3o das marcas Feel,\u00a0EyeFly\u00a0ou\u00a0MX. Interior de S\u00e3o Paulo: Hortol\u00e2ndia &#8211; Centro Rua Luiz Camilo Camargo, 880 Centro \u2013 Hortol\u00e2ndia &#8211; SP&nbsp;\u2013 CEP 13184-420 Hor\u00e1rio de atendimento: Segunda a sexta feira das 9h00 \u00e0s 18h00. S\u00e1bado das 9h00 \u00e0s 13h00. [&hellip;]<\/p>\n","protected":false},"author":2,"featured_media":0,"parent":0,"menu_order":0,"comment_status":"closed","ping_status":"closed","template":"","meta":{"footnotes":""},"class_list":["post-1413","page","type-page","status-publish","hentry"],"blog_post_layout_featured_media_urls":{"thumbnail":"","full":""},"categories_names":null,"comments_number":"0","wpmagazine_modules_lite_featured_media_urls":{"thumbnail":"","cvmm-medium":"","cvmm-medium-plus":"","cvmm-portrait":"","cvmm-medium-square":"","cvmm-large":"","cvmm-small":"","full":""},"_links":{"self":[{"href":"https:\/\/www.sindiapi.com.br\/2021\/index.php?rest_route=\/wp\/v2\/pages\/1413","targetHints":{"allow":["GET"]}}],"collection":[{"href":"https:\/\/www.sindiapi.com.br\/2021\/index.php?rest_route=\/wp\/v2\/pages"}],"about":[{"href":"https:\/\/www.sindiapi.com.br\/2021\/index.php?rest_route=\/wp\/v2\/types\/page"}],"author":[{"embeddable":true,"href":"https:\/\/www.sindiapi.com.br\/2021\/index.php?rest_route=\/wp\/v2\/users\/2"}],"replies":[{"embeddable":true,"href":"https:\/\/www.sindiapi.com.br\/2021\/index.php?rest_route=%2Fwp%2Fv2%2Fcomments&post=1413"}],"version-history":[{"count":1,"href":"https:\/\/www.sindiapi.com.br\/2021\/index.php?rest_route=\/wp\/v2\/pages\/1413\/revisions"}],"predecessor-version":[{"id":1414,"href":"https:\/\/www.sindiapi.com.br\/2021\/index.php?rest_route=\/wp\/v2\/pages\/1413\/revisions\/1414"}],"wp:attachment":[{"href":"https:\/\/www.sindiapi.com.br\/2021\/index.php?rest_route=%2Fwp%2Fv2%2Fmedia&parent=1413"}],"curies":[{"name":"wp","href":"https:\/\/api.w.org\/{rel}","templated":true}]}}