{"id":1404,"date":"2024-10-08T12:45:48","date_gmt":"2024-10-08T15:45:48","guid":{"rendered":"https:\/\/www.sindiapi.com.br\/2021\/?page_id=1404"},"modified":"2024-10-08T12:45:49","modified_gmt":"2024-10-08T15:45:49","slug":"beneficios-sao-paulo-litoral-2","status":"publish","type":"page","link":"https:\/\/www.sindiapi.com.br\/2021\/?page_id=1404","title":{"rendered":"Benef\u00edcios S\u00e3o Paulo &#8211; Litoral"},"content":{"rendered":"\n<div class=\"wp-block-cover has-background-dim\" style=\"min-height:265px;aspect-ratio:unset;\"><video class=\"wp-block-cover__video-background intrinsic-ignore\" autoplay muted loop playsinline src=\"https:\/\/www.sindiapi.com.br\/2021\/wp-content\/uploads\/2024\/01\/pexels-vlada-karpovich-5798913-1080p.mp4\" style=\"object-position:47% 0%\" data-object-fit=\"cover\" data-object-position=\"47% 0%\"><\/video><div class=\"wp-block-cover__inner-container is-layout-flow wp-block-cover-is-layout-flow\">\n<p class=\"has-large-font-size\"><\/p>\n<\/div><\/div>\n\n\n\n<p class=\"has-large-font-size\"><strong>\u00d3ticas Ultrafarma<\/strong><strong><\/strong><\/p>\n\n\n\n<p>Desconto de 20 % na\u00a0compra de produtos de \u00f3tica (menos\u00a0lentes\u00a0de<br>contato\u00a0e\u00a0campanhas\u00a0j\u00e1\u00a0existentes). Ou na\u00a0compra\u00a0de\u00a0lentes\u00a0multifocais, gr\u00e1tis a arma\u00e7\u00e3o das marcas Feel,\u00a0EyeFly\u00a0ou\u00a0MX.<br><br><\/p>\n\n\n\n<p><strong>Litoral:<\/strong><strong><\/strong><\/p>\n\n\n\n<p><strong>Praia Grande \u2013 Vila Tupi<\/strong><\/p>\n\n\n\n<p>Avenida Presidente Kennedy, 5394<\/p>\n\n\n\n<p>Vila Tupi \u2013 Praia Grande &#8211; SP<strong>&nbsp;\u2013 <\/strong>CEP 11703-200<\/p>\n\n\n\n<p>Hor\u00e1rio de atendimento:<\/p>\n\n\n\n<p>Segunda a sexta feira das 8h30 \u00e0s 19h00.<\/p>\n\n\n\n<p>S\u00e1bado das 8h30 \u00e0s 17h00.<\/p>\n\n\n\n<p>Telefone: (11) 2097-8300<\/p>\n","protected":false},"excerpt":{"rendered":"<p>\u00d3ticas Ultrafarma Desconto de 20 % na\u00a0compra de produtos de \u00f3tica (menos\u00a0lentes\u00a0decontato\u00a0e\u00a0campanhas\u00a0j\u00e1\u00a0existentes). Ou na\u00a0compra\u00a0de\u00a0lentes\u00a0multifocais, gr\u00e1tis a arma\u00e7\u00e3o das marcas Feel,\u00a0EyeFly\u00a0ou\u00a0MX. Litoral: Praia Grande \u2013 Vila Tupi Avenida Presidente Kennedy, 5394 Vila Tupi \u2013 Praia Grande &#8211; SP&nbsp;\u2013 CEP 11703-200 Hor\u00e1rio de atendimento: Segunda a sexta feira das 8h30 \u00e0s 19h00. S\u00e1bado das 8h30 \u00e0s 17h00. [&hellip;]<\/p>\n","protected":false},"author":2,"featured_media":0,"parent":0,"menu_order":0,"comment_status":"closed","ping_status":"closed","template":"","meta":{"footnotes":""},"class_list":["post-1404","page","type-page","status-publish","hentry"],"blog_post_layout_featured_media_urls":{"thumbnail":"","full":""},"categories_names":null,"comments_number":"0","wpmagazine_modules_lite_featured_media_urls":{"thumbnail":"","cvmm-medium":"","cvmm-medium-plus":"","cvmm-portrait":"","cvmm-medium-square":"","cvmm-large":"","cvmm-small":"","full":""},"_links":{"self":[{"href":"https:\/\/www.sindiapi.com.br\/2021\/index.php?rest_route=\/wp\/v2\/pages\/1404","targetHints":{"allow":["GET"]}}],"collection":[{"href":"https:\/\/www.sindiapi.com.br\/2021\/index.php?rest_route=\/wp\/v2\/pages"}],"about":[{"href":"https:\/\/www.sindiapi.com.br\/2021\/index.php?rest_route=\/wp\/v2\/types\/page"}],"author":[{"embeddable":true,"href":"https:\/\/www.sindiapi.com.br\/2021\/index.php?rest_route=\/wp\/v2\/users\/2"}],"replies":[{"embeddable":true,"href":"https:\/\/www.sindiapi.com.br\/2021\/index.php?rest_route=%2Fwp%2Fv2%2Fcomments&post=1404"}],"version-history":[{"count":1,"href":"https:\/\/www.sindiapi.com.br\/2021\/index.php?rest_route=\/wp\/v2\/pages\/1404\/revisions"}],"predecessor-version":[{"id":1405,"href":"https:\/\/www.sindiapi.com.br\/2021\/index.php?rest_route=\/wp\/v2\/pages\/1404\/revisions\/1405"}],"wp:attachment":[{"href":"https:\/\/www.sindiapi.com.br\/2021\/index.php?rest_route=%2Fwp%2Fv2%2Fmedia&parent=1404"}],"curies":[{"name":"wp","href":"https:\/\/api.w.org\/{rel}","templated":true}]}}