{"id":1402,"date":"2024-10-08T12:43:36","date_gmt":"2024-10-08T15:43:36","guid":{"rendered":"https:\/\/www.sindiapi.com.br\/2021\/?page_id=1402"},"modified":"2024-10-08T12:43:38","modified_gmt":"2024-10-08T15:43:38","slug":"beneficios-sao-paulo-regiao-metropolitana","status":"publish","type":"page","link":"https:\/\/www.sindiapi.com.br\/2021\/?page_id=1402","title":{"rendered":"Benef\u00edcios S\u00e3o Paulo &#8211; Regi\u00e3o Metropolitana"},"content":{"rendered":"\n<div class=\"wp-block-cover has-background-dim\" style=\"min-height:265px;aspect-ratio:unset;\"><video class=\"wp-block-cover__video-background intrinsic-ignore\" autoplay muted loop playsinline src=\"https:\/\/www.sindiapi.com.br\/2021\/wp-content\/uploads\/2024\/01\/pexels-vlada-karpovich-5798913-1080p.mp4\" style=\"object-position:47% 0%\" data-object-fit=\"cover\" data-object-position=\"47% 0%\"><\/video><div class=\"wp-block-cover__inner-container is-layout-flow wp-block-cover-is-layout-flow\">\n<p class=\"has-large-font-size\"><\/p>\n<\/div><\/div>\n\n\n\n<p class=\"has-large-font-size\"><strong>\u00d3ticas Ultrafarma<\/strong><strong><\/strong><\/p>\n\n\n\n<p>Desconto de 20 % na\u00a0compra de produtos de \u00f3tica (menos\u00a0lentes\u00a0de<br>contato\u00a0e\u00a0campanhas\u00a0j\u00e1\u00a0existentes). Ou na\u00a0compra\u00a0de\u00a0lentes\u00a0multifocais, gr\u00e1tis a arma\u00e7\u00e3o das marcas Feel,\u00a0EyeFly\u00a0ou\u00a0MX.<br><br><\/p>\n\n\n\n<p><strong>Regi\u00e3o Metropolitana:<\/strong><\/p>\n\n\n\n<p><strong>Osasco &#8211; Centro<\/strong><\/p>\n\n\n\n<p>Rua Dona Primitiva Vianco, 999\/1003<\/p>\n\n\n\n<p>Centro \u2013 Osasco &#8211; SP<strong>&nbsp;\u2013 <\/strong>CEP 06010-<\/p>\n\n\n\n<p>Hor\u00e1rio de atendimento:<\/p>\n\n\n\n<p>Segunda a sexta feira das 9h00 \u00e0s 18h30.<\/p>\n\n\n\n<p>S\u00e1bado das 9h00 \u00e0s 18h00.007<\/p>\n\n\n\n<p>Telefone: (11) 3685-9536<\/p>\n\n\n\n<p><strong>Barueri \u2013 Centro<\/strong><\/p>\n\n\n\n<p>Avenida Henriqueta Mendes Guerra, 172<\/p>\n\n\n\n<p>Centro &#8211; Barueri &#8211; SP<strong>&nbsp;\u2013 <\/strong>CEP 06401-160<\/p>\n\n\n\n<p>Hor\u00e1rio de atendimento:<\/p>\n\n\n\n<p>Segunda a sexta feira das 9h00 \u00e0s 19h00.<\/p>\n\n\n\n<p>S\u00e1bado das 9h00 \u00e0s 18h00.<\/p>\n\n\n\n<p>Telefone: (11) 4552-4547<strong><\/strong><\/p>\n\n\n\n<p><strong>Caieiras &#8211; Laranjeiras<\/strong><\/p>\n\n\n\n<p>Avenida Pauliceia, 816 \u2013 Quadra A<\/p>\n\n\n\n<p>Parque Industrial Arauc\u00e1ria &#8211; Caieiras &#8211; SP<strong>&nbsp;\u2013 <\/strong>CEP 07739-605<\/p>\n\n\n\n<p>Hor\u00e1rio de atendimento:<\/p>\n\n\n\n<p>Segunda a sexta feira das 9h00 \u00e0s 19h00.<\/p>\n\n\n\n<p>S\u00e1bado das 9h00 \u00e0s 18h00.<\/p>\n\n\n\n<p>Telefone: (11) 2502-0220<strong><\/strong><\/p>\n\n\n\n<p><strong>Diadema \u2013 Centro 1<\/strong><\/p>\n\n\n\n<p>Pra\u00e7a Joviniano de Castilho, 23<\/p>\n\n\n\n<p>Centro \u2013 Diadema &#8211; SP<strong>&nbsp;\u2013 <\/strong>CEP 09911-130<\/p>\n\n\n\n<p>Hor\u00e1rio de atendimento:<\/p>\n\n\n\n<p>Segunda a sexta feira das 9h00 \u00e0s 18h30.<\/p>\n\n\n\n<p>S\u00e1bado das 9h00 \u00e0s 17h00.<\/p>\n\n\n\n<p>Telefone: (11) 4308-5766<\/p>\n\n\n\n<p><strong>Diadema \u2013 Centro 2<\/strong><\/p>\n\n\n\n<p>Rua S\u00e3o Judas Tadeu, 84<\/p>\n\n\n\n<p>Centro \u2013 Diadema &#8211; SP<strong>&nbsp;\u2013 <\/strong>CEP 09911-110<\/p>\n\n\n\n<p>Hor\u00e1rio de atendimento:<\/p>\n\n\n\n<p>Segunda a sexta feira das 9h00 \u00e0s 18h30.<\/p>\n\n\n\n<p>S\u00e1bado das 9h00 \u00e0s 18h30.<\/p>\n\n\n\n<p>Telefone: (11) 4056-7205<\/p>\n\n\n\n<p><strong>Diadema \u2013 Piraporinha<\/strong><\/p>\n\n\n\n<p>Pra\u00e7a Bom Jesus de Piraporinha, 65<\/p>\n\n\n\n<p>Piraporinha \u2013 Diadema &#8211; SP<strong>&nbsp;\u2013 <\/strong>CEP 09951-550<\/p>\n\n\n\n<p>Hor\u00e1rio de atendimento:<\/p>\n\n\n\n<p>Segunda a sexta feira das 9h00 \u00e0s 18h30.<\/p>\n\n\n\n<p>S\u00e1bado das 9h00 \u00e0s 18h30.<\/p>\n\n\n\n<p>Telefone: (11) 4066-2617<\/p>\n\n\n\n<p><strong>Diadema \u2013 Serraria<\/strong><\/p>\n\n\n\n<p>Rua Jos\u00e9 Bonif\u00e1cio, 793 \u2013 Loja 2<\/p>\n\n\n\n<p>Serraria \u2013 Diadema &#8211; SP<strong>&nbsp;\u2013 <\/strong>CEP 09980-150<\/p>\n\n\n\n<p>Hor\u00e1rio de atendimento:<\/p>\n\n\n\n<p>Segunda a sexta feira das 9h00 \u00e0s 18h30.<\/p>\n\n\n\n<p>S\u00e1bado das 9h00 \u00e0s 18h30.<\/p>\n\n\n\n<p>Telefone: (11) 4044-9734<\/p>\n\n\n\n<p><strong>Mau\u00e1<\/strong><\/p>\n\n\n\n<p>Avenida Bar\u00e3o de Mau\u00e1, 490<\/p>\n\n\n\n<p>Centro \u2013 Mau\u00e1 &#8211; SP<strong>&nbsp;\u2013 <\/strong>CEP 09310-000<\/p>\n\n\n\n<p>Hor\u00e1rio de atendimento:<\/p>\n\n\n\n<p>Segunda a sexta feira das 9h00 \u00e0s 17h30.<\/p>\n\n\n\n<p>S\u00e1bado das 9h00 \u00e0s 17h30.<\/p>\n\n\n\n<p>Telefone: (11) 4309-7945<\/p>\n\n\n\n<p><strong>Santo Andr\u00e9 &#8211; Centro<\/strong><\/p>\n\n\n\n<p>Rua General Glic\u00e9rio, 356<\/p>\n\n\n\n<p>Centro \u2013 Santo Andr\u00e9 &#8211; SP<strong>&nbsp;\u2013 <\/strong>CEP 09015-190<\/p>\n\n\n\n<p>Hor\u00e1rio de atendimento:<\/p>\n\n\n\n<p>Segunda a sexta feira das 9h00 \u00e0s 18h30.<\/p>\n\n\n\n<p>S\u00e1bado das 9h00 \u00e0s 18h00.<\/p>\n\n\n\n<p>Telefone: (11) 4316-0302<\/p>\n\n\n\n<p><strong>S\u00e3o Bernardo do Campo<\/strong><\/p>\n\n\n\n<p>Rua Padre Lustosa, 183<\/p>\n\n\n\n<p>Centro \u2013 S\u00e3o Bernardo do Campo &#8211; SP<strong>&nbsp;\u2013 <\/strong>CEP 09710-120<\/p>\n\n\n\n<p>Hor\u00e1rio de atendimento:<\/p>\n\n\n\n<p>Segunda a sexta feira das 9h00 \u00e0s 18h00.<\/p>\n\n\n\n<p>S\u00e1bado das 9h00 \u00e0s 17h00.<\/p>\n\n\n\n<p>Telefone: (11) 9.7403-0396<\/p>\n\n\n\n<p><strong>S\u00e3o Caetano do Sul &#8211; Centro<\/strong><\/p>\n\n\n\n<p>Rua Santa Catarina, 163<\/p>\n\n\n\n<p>Centro \u2013 S\u00e3o Caetano do Sul &#8211; SP<strong>&nbsp;\u2013 <\/strong>CEP 93510-120<\/p>\n\n\n\n<p>Hor\u00e1rio de atendimento:<\/p>\n\n\n\n<p>Segunda a sexta feira das 9h00 \u00e0s 19h00.<\/p>\n\n\n\n<p>S\u00e1bado das 9h00 \u00e0s 17h00.<\/p>\n\n\n\n<p>Telefone: (11) 9.3760-2571<\/p>\n\n\n\n<p><strong>Ribeir\u00e3o Pires &#8211; Centro<\/strong><\/p>\n\n\n\n<p>Rua Doutor Fel\u00edcio Laurito, 161<\/p>\n\n\n\n<p>Centro \u2013 Ribeir\u00e3o Pires &#8211; SP<strong>&nbsp;\u2013 <\/strong>CEP 09400-210<\/p>\n\n\n\n<p>Hor\u00e1rio de atendimento:<\/p>\n\n\n\n<p>Segunda a sexta feira das 9h00 \u00e0s 18h00.<\/p>\n\n\n\n<p>S\u00e1bado das 9h00 \u00e0s 16h00.<\/p>\n\n\n\n<p>Telefone: (11) 9.9379-2871<\/p>\n\n\n\n<p><strong>Franco da Rocha \u2013 Centro<\/strong><\/p>\n\n\n\n<p>Rua Doutor Hamilton Prado, 280<\/p>\n\n\n\n<p>Centro \u2013 Franco da Rocha &#8211; SP<strong>&nbsp;\u2013 <\/strong>CEP 07801-000<\/p>\n\n\n\n<p>Hor\u00e1rio de atendimento:<\/p>\n\n\n\n<p>Segunda a sexta feira das 9h00 \u00e0s 19h00.<\/p>\n\n\n\n<p>S\u00e1bado das 9h00 \u00e0s 17h30.<\/p>\n\n\n\n<p>Telefone: (11) 4267-6276<\/p>\n\n\n\n<p><strong>Guarulhos &#8211; Centro<\/strong><\/p>\n\n\n\n<p>Rua Nove de Julho, 22<\/p>\n\n\n\n<p>Centro \u2013 Guarulhos &#8211; SP<strong>&nbsp;\u2013 <\/strong>CEP 07010-040<\/p>\n\n\n\n<p>Hor\u00e1rio de atendimento:<\/p>\n\n\n\n<p>Segunda a sexta feira das 9h00 \u00e0s 18h30.<\/p>\n\n\n\n<p>S\u00e1bado das 9h00 \u00e0s 17h30.<\/p>\n\n\n\n<p>Telefone: (11) 4307-0406<\/p>\n\n\n\n<p><strong>Itaquaquecetuba &#8211; Centro<\/strong><\/p>\n\n\n\n<p>Rua Capit\u00e3o Jos\u00e9 Leite, 90<\/p>\n\n\n\n<p>Centro \u2013 Itaquaquecetuba &#8211; SP<strong>&nbsp;\u2013 <\/strong>CEP 08570-030<\/p>\n\n\n\n<p>Hor\u00e1rio de atendimento:<\/p>\n\n\n\n<p>Segunda a sexta feira das 9h30 \u00e0s 18h00.<\/p>\n\n\n\n<p>S\u00e1bado das 9h30 \u00e0s 17h00.<\/p>\n\n\n\n<p>Telefone: (11) 4642-2818<\/p>\n\n\n\n<p><strong>Jundia\u00ed &#8211; Centro<\/strong><\/p>\n\n\n\n<p>Rua Coronel Leme da Fonseca, 54<\/p>\n\n\n\n<p>Centro \u2013 Jundia\u00ed &#8211; SP<strong>&nbsp;\u2013 <\/strong>CEP 13201-031<\/p>\n\n\n\n<p>Hor\u00e1rio de atendimento:<\/p>\n\n\n\n<p>Segunda a sexta feira das 9h30 \u00e0s 18h00.<\/p>\n\n\n\n<p>S\u00e1bado das 9h30 \u00e0s 17h00.<\/p>\n\n\n\n<p>Telefone: (11) 4552-1164<\/p>\n\n\n\n<p><strong>Interior de S\u00e3o Paulo:<\/strong><strong><\/strong><\/p>\n\n\n\n<p><strong>Hortol\u00e2ndia &#8211; Centro<\/strong><\/p>\n\n\n\n<p>Rua Luiz Camilo Camargo, 880<\/p>\n\n\n\n<p>Centro \u2013 Hortol\u00e2ndia &#8211; SP<strong>&nbsp;\u2013 <\/strong>CEP 13184-420<\/p>\n\n\n\n<p>Hor\u00e1rio de atendimento:<\/p>\n\n\n\n<p>Segunda a sexta feira das 9h00 \u00e0s 18h00.<\/p>\n\n\n\n<p>S\u00e1bado das 9h00 \u00e0s 13h00.<\/p>\n\n\n\n<p>Telefone: (19) 9.7163-5485<\/p>\n\n\n\n<p><strong>Indaiatuba &#8211; Centro<\/strong><\/p>\n\n\n\n<p>Rua XV de Novembro, 497<\/p>\n\n\n\n<p>Centro \u2013 Indaiatuba &#8211; SP<strong>&nbsp;\u2013 <\/strong>CEP 13330-070<\/p>\n\n\n\n<p>Hor\u00e1rio de atendimento:<\/p>\n\n\n\n<p>Segunda a sexta feira das 9h00 \u00e0s 18h00.<\/p>\n\n\n\n<p>S\u00e1bado das 9h00 \u00e0s 13h00.<\/p>\n\n\n\n<p>Telefone: (19) 9.7126-1374<\/p>\n\n\n\n<p><strong>Mogi Gua\u00e7u &#8211; Centro<\/strong><\/p>\n\n\n\n<p>Pra\u00e7a Padre Armani, 69<\/p>\n\n\n\n<p>Centro \u2013 Mogi Gua\u00e7u &#8211; SP<strong>&nbsp;\u2013 <\/strong>CEP 13840-011<\/p>\n\n\n\n<p>Hor\u00e1rio de atendimento:<\/p>\n\n\n\n<p>Segunda a sexta feira das 8h30 \u00e0s 17h45.<\/p>\n\n\n\n<p>S\u00e1bado das 8h30 \u00e0s 12h30.<\/p>\n\n\n\n<p>Telefone: (19) 3818-8710<\/p>\n\n\n\n<p><strong>Sumar\u00e9 \u2013 Centro<\/strong><\/p>\n\n\n\n<p>Rua Dom Barreto, 551<\/p>\n\n\n\n<p>Centro \u2013 Sumar\u00e9 &#8211; SP<strong>&nbsp;\u2013 <\/strong>CEP 13170-002<\/p>\n\n\n\n<p>Hor\u00e1rio de atendimento:<\/p>\n\n\n\n<p>Segunda a sexta feira das 9h00 \u00e0s 18h00.<\/p>\n\n\n\n<p>S\u00e1bado das 9h00 \u00e0s 13h00.<\/p>\n\n\n\n<p>Telefone: (19) 3883-2338<\/p>\n\n\n\n<p><strong>Ribeir\u00e3o Preto<\/strong><\/p>\n\n\n\n<p>Rua Visconde de Inha\u00fama, 551<\/p>\n\n\n\n<p>Centro \u2013 Ribeir\u00e3o Preto &#8211; SP<strong>&nbsp;\u2013 <\/strong>CEP 13170-002<\/p>\n\n\n\n<p>Hor\u00e1rio de atendimento:<\/p>\n\n\n\n<p>Segunda a sexta feira das 9h00 \u00e0s 18h00.<\/p>\n\n\n\n<p>S\u00e1bado das 9h00 \u00e0s 13h00.<\/p>\n\n\n\n<p>Telefone: (16) 3237-2874<\/p>\n","protected":false},"excerpt":{"rendered":"<p>\u00d3ticas Ultrafarma Desconto de 20 % na\u00a0compra de produtos de \u00f3tica (menos\u00a0lentes\u00a0decontato\u00a0e\u00a0campanhas\u00a0j\u00e1\u00a0existentes). Ou na\u00a0compra\u00a0de\u00a0lentes\u00a0multifocais, gr\u00e1tis a arma\u00e7\u00e3o das marcas Feel,\u00a0EyeFly\u00a0ou\u00a0MX. Regi\u00e3o Metropolitana: Osasco &#8211; Centro Rua Dona Primitiva Vianco, 999\/1003 Centro \u2013 Osasco &#8211; SP&nbsp;\u2013 CEP 06010- Hor\u00e1rio de atendimento: Segunda a sexta feira das 9h00 \u00e0s 18h30. S\u00e1bado das 9h00 \u00e0s 18h00.007 Telefone: (11) [&hellip;]<\/p>\n","protected":false},"author":2,"featured_media":0,"parent":0,"menu_order":0,"comment_status":"closed","ping_status":"closed","template":"","meta":{"footnotes":""},"class_list":["post-1402","page","type-page","status-publish","hentry"],"blog_post_layout_featured_media_urls":{"thumbnail":"","full":""},"categories_names":null,"comments_number":"0","wpmagazine_modules_lite_featured_media_urls":{"thumbnail":"","cvmm-medium":"","cvmm-medium-plus":"","cvmm-portrait":"","cvmm-medium-square":"","cvmm-large":"","cvmm-small":"","full":""},"_links":{"self":[{"href":"https:\/\/www.sindiapi.com.br\/2021\/index.php?rest_route=\/wp\/v2\/pages\/1402","targetHints":{"allow":["GET"]}}],"collection":[{"href":"https:\/\/www.sindiapi.com.br\/2021\/index.php?rest_route=\/wp\/v2\/pages"}],"about":[{"href":"https:\/\/www.sindiapi.com.br\/2021\/index.php?rest_route=\/wp\/v2\/types\/page"}],"author":[{"embeddable":true,"href":"https:\/\/www.sindiapi.com.br\/2021\/index.php?rest_route=\/wp\/v2\/users\/2"}],"replies":[{"embeddable":true,"href":"https:\/\/www.sindiapi.com.br\/2021\/index.php?rest_route=%2Fwp%2Fv2%2Fcomments&post=1402"}],"version-history":[{"count":1,"href":"https:\/\/www.sindiapi.com.br\/2021\/index.php?rest_route=\/wp\/v2\/pages\/1402\/revisions"}],"predecessor-version":[{"id":1403,"href":"https:\/\/www.sindiapi.com.br\/2021\/index.php?rest_route=\/wp\/v2\/pages\/1402\/revisions\/1403"}],"wp:attachment":[{"href":"https:\/\/www.sindiapi.com.br\/2021\/index.php?rest_route=%2Fwp%2Fv2%2Fmedia&parent=1402"}],"curies":[{"name":"wp","href":"https:\/\/api.w.org\/{rel}","templated":true}]}}