{"id":1399,"date":"2024-10-08T12:13:25","date_gmt":"2024-10-08T15:13:25","guid":{"rendered":"https:\/\/www.sindiapi.com.br\/2021\/?page_id=1399"},"modified":"2024-10-08T12:13:27","modified_gmt":"2024-10-08T15:13:27","slug":"beneficios-sao-paulo-9","status":"publish","type":"page","link":"https:\/\/www.sindiapi.com.br\/2021\/?page_id=1399","title":{"rendered":"Benef\u00edcios S\u00e3o Paulo"},"content":{"rendered":"\n<div class=\"wp-block-cover has-background-dim\" style=\"min-height:265px;aspect-ratio:unset;\"><video class=\"wp-block-cover__video-background intrinsic-ignore\" autoplay muted loop playsinline src=\"https:\/\/www.sindiapi.com.br\/2021\/wp-content\/uploads\/2024\/01\/pexels-vlada-karpovich-5798913-1080p.mp4\" style=\"object-position:47% 0%\" data-object-fit=\"cover\" data-object-position=\"47% 0%\"><\/video><div class=\"wp-block-cover__inner-container is-layout-flow wp-block-cover-is-layout-flow\">\n<p class=\"has-large-font-size\"><\/p>\n<\/div><\/div>\n\n\n\n<p><\/p>\n\n\n\n<p class=\"has-large-font-size\"><strong>\u00d3ticas Ultrafarma<\/strong><strong><\/strong><\/p>\n\n\n\n<p>Desconto de 20 % na\u00a0compra de produtos de \u00f3tica (menos\u00a0lentes\u00a0de<br>contato\u00a0e\u00a0campanhas\u00a0j\u00e1\u00a0existentes). Ou na\u00a0compra\u00a0de\u00a0lentes\u00a0multifocais, gr\u00e1tis a arma\u00e7\u00e3o das marcas Feel,\u00a0EyeFly\u00a0ou\u00a0MX.<\/p>\n\n\n\n<p><\/p>\n\n\n\n<p><strong>S\u00e3o Paulo Capital:<\/strong><strong><\/strong><\/p>\n\n\n\n<p><strong><u>Regi\u00e3o Norte&nbsp;&nbsp;&nbsp;&nbsp;&nbsp;&nbsp;&nbsp;&nbsp;&nbsp;&nbsp;&nbsp;&nbsp;&nbsp;&nbsp;&nbsp;&nbsp;&nbsp;&nbsp;&nbsp;&nbsp;&nbsp;&nbsp;&nbsp;&nbsp;&nbsp;&nbsp;&nbsp;&nbsp;&nbsp;&nbsp;&nbsp; <\/u><\/strong><strong><u><\/u><\/strong><\/p>\n\n\n\n<p><strong>Santana<\/strong><\/p>\n\n\n\n<p>Rua Volunt\u00e1rios da P\u00e1tria, 1662<\/p>\n\n\n\n<p>Santana \u2013 S\u00e3o Paulo &#8211; SP<strong>&nbsp;\u2013 <\/strong>CEP 02010-400<\/p>\n\n\n\n<p>Hor\u00e1rio de atendimento:<\/p>\n\n\n\n<p>Segunda a sexta feira das 9h00 \u00e0s 18h00.<\/p>\n\n\n\n<p>S\u00e1bado das 9h00 \u00e0s 15h00.<\/p>\n\n\n\n<p>Telefone: (11) 2872-3313<\/p>\n\n\n\n<p><strong>Casa Verde<\/strong><\/p>\n\n\n\n<p>Rua Zilda, 685<\/p>\n\n\n\n<p>Casa Verde \u2013 S\u00e3o Paulo &#8211; SP<strong>&nbsp;\u2013 <\/strong>CEP 02545-000<\/p>\n\n\n\n<p>Hor\u00e1rio de atendimento:<\/p>\n\n\n\n<p>Segunda a sexta feira das 9h00 \u00e0s 19h00.<\/p>\n\n\n\n<p>S\u00e1bado das 9h00 \u00e0s 17h30.<\/p>\n\n\n\n<p>Telefone: (11) 3857-7872<\/p>\n\n\n\n<p><strong><u>Regi\u00e3o Sul<\/u><\/strong><strong><u><\/u><\/strong><\/p>\n\n\n\n<p><strong>Sa\u00fade 1<\/strong><\/p>\n\n\n\n<p>Rua Doutor Isa\u00edas Salom\u00e3o, 32<\/p>\n\n\n\n<p>Vila da Sa\u00fade \u2013 S\u00e3o Paulo &#8211; SP<strong>&nbsp;\u2013 <\/strong>CEP 04055-050<\/p>\n\n\n\n<p>Hor\u00e1rio de atendimento:<\/p>\n\n\n\n<p>Segunda a sexta feira das 9h00 \u00e0s 19h00.<\/p>\n\n\n\n<p>S\u00e1bado das 9h00 \u00e0s 16h00.<\/p>\n\n\n\n<p>Telefone: (11) 2935-1466<\/p>\n\n\n\n<p><strong>Sa\u00fade 2<\/strong><\/p>\n\n\n\n<p>Avenida Jabaquara, 1450<\/p>\n\n\n\n<p>Vila da Sa\u00fade \u2013 S\u00e3o Paulo &#8211; SP<strong>&nbsp;\u2013 <\/strong>CEP 04046-200<\/p>\n\n\n\n<p>Hor\u00e1rio de atendimento:<\/p>\n\n\n\n<p>Segunda a sexta feira das 9h00 \u00e0s 19h00.<\/p>\n\n\n\n<p>S\u00e1bado das 9h00 \u00e0s 16h00.<\/p>\n\n\n\n<p>Telefone: (11) 2924-0325<\/p>\n\n\n\n<p><strong>Santo Amaro &#8211; <\/strong><strong>Isabel Schmidt<\/strong><strong><\/strong><\/p>\n\n\n\n<p>Rua Isabel Schmidt, 122<\/p>\n\n\n\n<p>Santo Amaro \u2013 S\u00e3o Paulo &#8211; SP<strong>&nbsp;\u2013 <\/strong>CEP 04743-030<\/p>\n\n\n\n<p>Hor\u00e1rio de atendimento:<\/p>\n\n\n\n<p>Segunda a sexta feira das 9h00 \u00e0s 18h00.<\/p>\n\n\n\n<p>S\u00e1bado das 9h00 \u00e0s 16h00.<\/p>\n\n\n\n<p>Telefone: (11) 5681-8383<\/p>\n\n\n\n<p><strong>Santo Amaro \u2013 <\/strong><strong>Largo Treze<\/strong><strong><\/strong><\/p>\n\n\n\n<p>Largo Treze de Maio, 520 \u2013 Loja 37<\/p>\n\n\n\n<p>Santo Amaro \u2013 S\u00e3o Paulo &#8211; SP<strong>&nbsp;\u2013 <\/strong>CEP 04743-060<\/p>\n\n\n\n<p>Hor\u00e1rio de atendimento:<\/p>\n\n\n\n<p>Segunda a sexta feira das 9h00 \u00e0s 18h00.<\/p>\n\n\n\n<p>S\u00e1bado das 9h00 \u00e0s 16h00.<\/p>\n\n\n\n<p>Telefone: (11) 5681-8383<\/p>\n\n\n\n<p><strong>Santo Amaro \u2013 <\/strong><strong>Paulo Eir\u00f3<\/strong><strong><\/strong><\/p>\n\n\n\n<p>Rua Paulo Eir\u00f3, 11<\/p>\n\n\n\n<p>Santo Amaro \u2013 S\u00e3o Paulo &#8211; SP<strong>&nbsp;\u2013 <\/strong>CEP 04752-010<\/p>\n\n\n\n<p>Hor\u00e1rio de atendimento:<\/p>\n\n\n\n<p>Segunda a sexta feira das 9h00 \u00e0s 18h00.<\/p>\n\n\n\n<p>S\u00e1bado das 9h00 \u00e0s 15h00.<\/p>\n\n\n\n<p>Telefone: (11) 5685-4735<\/p>\n\n\n\n<p><strong>Vila das Merc\u00eas<\/strong><\/p>\n\n\n\n<p>Avenida Padre Arlindo Vieira, 1377<\/p>\n\n\n\n<p>Vila das Merc\u00eas \u2013 S\u00e3o Paulo &#8211; SP<strong>&nbsp;\u2013 <\/strong>CEP 04166-000<\/p>\n\n\n\n<p>Hor\u00e1rio de atendimento:<\/p>\n\n\n\n<p>Segunda a sexta feira das 9h00 \u00e0s 18h30.<\/p>\n\n\n\n<p>S\u00e1bado das 9h00 \u00e0s 17h00.<\/p>\n\n\n\n<p>Telefone: (11) 2083-6627<\/p>\n\n\n\n<p><strong>Ipiranga<\/strong><\/p>\n\n\n\n<p>Rua Silva Bueno, 2533<\/p>\n\n\n\n<p>Ipiranga \u2013 S\u00e3o Paulo &#8211; SP<strong>&nbsp;\u2013 <\/strong>CEP 04208-053<\/p>\n\n\n\n<p>Hor\u00e1rio de atendimento:<\/p>\n\n\n\n<p>Segunda a sexta feira das 9h30 \u00e0s 18h00.<\/p>\n\n\n\n<p>S\u00e1bado das 9h00 \u00e0s 17h00.<\/p>\n\n\n\n<p>Telefone: (11) 2274-4886<\/p>\n\n\n\n<p><strong>Campo Limpo<\/strong><\/p>\n\n\n\n<p>Estrada do Campo Limpo, 4245<\/p>\n\n\n\n<p>Jardim Campo Limpo \u2013 S\u00e3o Paulo &#8211; SP<strong>&nbsp;\u2013 <\/strong>CEP 05787-000<\/p>\n\n\n\n<p>Hor\u00e1rio de atendimento:<\/p>\n\n\n\n<p>Segunda a sexta feira das 9h00 \u00e0s 18h00.<\/p>\n\n\n\n<p>S\u00e1bado das 9h00 \u00e0s 17h00.<\/p>\n\n\n\n<p>Telefone: (11) 5846-0098<\/p>\n\n\n\n<p><strong>Menininha<\/strong><\/p>\n\n\n\n<p>Rua \u00c1lvaro Ferreira, 27<\/p>\n\n\n\n<p>Jardim \u00c2ngela \u2013 S\u00e3o Paulo &#8211; SP<strong>&nbsp;\u2013 <\/strong>CEP 05874-020<\/p>\n\n\n\n<p>Hor\u00e1rio de atendimento:<\/p>\n\n\n\n<p>Segunda a sexta feira das 9h00 \u00e0s 18h00.<\/p>\n\n\n\n<p>S\u00e1bado das 9h00 \u00e0s 17h00.<\/p>\n\n\n\n<p>Telefone: (11) 9.8241-6625<\/p>\n\n\n\n<p><strong>Parelheiros<\/strong><\/p>\n\n\n\n<p>Estrada da Col\u00f4nia Mario Reimberg Christe, 09<\/p>\n\n\n\n<p>Parelheiros \u2013 S\u00e3o Paulo &#8211; SP<strong>&nbsp;\u2013 <\/strong>CEP 04892-000<\/p>\n\n\n\n<p>Hor\u00e1rio de atendimento:<\/p>\n\n\n\n<p>Segunda a sexta feira das 9h00 \u00e0s 18h00.<\/p>\n\n\n\n<p>S\u00e1bado das 9h00 \u00e0s 17h00.<\/p>\n\n\n\n<p>Telefone: (11) 9.7367-6952<\/p>\n\n\n\n<p><strong><u>Regi\u00e3o Leste<\/u><\/strong><strong><u><\/u><\/strong><\/p>\n\n\n\n<p><strong>Sapopemba<\/strong><\/p>\n\n\n\n<p>Avenida Sapopemba, 7972<\/p>\n\n\n\n<p>Sapopemba \u2013 S\u00e3o Paulo &#8211; SP<strong>&nbsp;\u2013 <\/strong>CEP 03988-000<\/p>\n\n\n\n<p>Hor\u00e1rio de atendimento:<\/p>\n\n\n\n<p>Segunda a sexta feira das 8h30 \u00e0s 19h00.<\/p>\n\n\n\n<p>S\u00e1bado das 9h00 \u00e0s 17h00.<\/p>\n\n\n\n<p>Telefone: (11) 2719-6920<\/p>\n\n\n\n<p><strong>Pra\u00e7a Silvio Romero<\/strong><\/p>\n\n\n\n<p>Pra\u00e7a Silvio Romero, 41<\/p>\n\n\n\n<p>Tatuap\u00e9 \u2013 S\u00e3o Paulo &#8211; SP<strong>&nbsp;\u2013 <\/strong>CEP 03306-000<\/p>\n\n\n\n<p>Hor\u00e1rio de atendimento:<\/p>\n\n\n\n<p>Segunda a sexta feira das 8h30 \u00e0s 19h00.<\/p>\n\n\n\n<p>S\u00e1bado das 8h30 \u00e0s 17h00.<\/p>\n\n\n\n<p>Telefone: (11) 2097-8300<\/p>\n\n\n\n<p><strong>Parque Guarani<\/strong><\/p>\n\n\n\n<p>Rua Trevo de Santa Maria, 677<\/p>\n\n\n\n<p>Parque Guarani \u2013 S\u00e3o Paulo &#8211; SP<strong>&nbsp;\u2013 <\/strong>CEP 08050-570<\/p>\n\n\n\n<p>Hor\u00e1rio de atendimento:<\/p>\n\n\n\n<p>Segunda a sexta feira das 9h30 \u00e0s 18h00.<\/p>\n\n\n\n<p>S\u00e1bado das 9h30 \u00e0s 17h00.<\/p>\n\n\n\n<p>Telefone: (11) 2052-5221<\/p>\n\n\n\n<p><strong>Parque S\u00e3o Rafael<\/strong><\/p>\n\n\n\n<p>Avenida Baronesa de Muritiba, 460<\/p>\n\n\n\n<p>Parque S\u00e3o Rafael \u2013 S\u00e3o Paulo &#8211; SP<strong>&nbsp;\u2013 <\/strong>CEP 08311-080<\/p>\n\n\n\n<p>Hor\u00e1rio de atendimento:<\/p>\n\n\n\n<p>Segunda a sexta feira das 9h00 \u00e0s 18h00.<\/p>\n\n\n\n<p>S\u00e1bado das 9h00 \u00e0s 17h00.<\/p>\n\n\n\n<p>Telefone: (11) 2011-2973<\/p>\n\n\n\n<p><strong>Ferraz de Vasconcelos \u2013 Vila Rorain\u00f3polis<\/strong><\/p>\n\n\n\n<p>Avenida Quinze de Novembro, 70<\/p>\n\n\n\n<p>Ferraz de Vasconcelos \u2013 S\u00e3o Paulo &#8211; SP<strong>&nbsp;\u2013 <\/strong>CEP 08500-405<\/p>\n\n\n\n<p>Hor\u00e1rio de atendimento:<\/p>\n\n\n\n<p>Segunda a sexta feira das 9h00 \u00e0s 18h30.<\/p>\n\n\n\n<p>S\u00e1bado das 9h00 \u00e0s 17h00.<\/p>\n\n\n\n<p>Telefone: (11) <a href=\"https:\/\/www.google.com.br\/search?q=%C3%B3tica+ultrafarma+na+Avenida+Quinze+de+Novembro%2C+70&amp;sca_esv=584304970&amp;source=hp&amp;ei=Rc5cZfawMfTJ5OUPmeGYgAM&amp;iflsig=AO6bgOgAAAAAZVzcVb6caxSdauvSk0oj8eOd6YboXxYh&amp;ved=0ahUKEwi25-LTtdWCAxX0JLkGHZkwBjAQ4dUDCAs&amp;uact=5&amp;oq=%C3%B3tica+ultrafarma+na+Avenida+Quinze+de+Novembro%2C+70&amp;gs_lp=Egdnd3Mtd2l6IjPDs3RpY2EgdWx0cmFmYXJtYSBuYSBBdmVuaWRhIFF1aW56ZSBkZSBOb3ZlbWJybywgNzAyCBAAGIAEGKIEMggQABiABBiiBDIIEAAYgAQYogQyCBAAGIAEGKIEMggQABiABBiiBEjb4wFQlAlY5dgBcAV4AJABAJgB7gGgAc0bqgEGMC4xOS4zuAEDyAEA-AEC-AEBqAIKwgIjEC4YrwEYxwEY5QIYgAQYigUY6gIYtAIYigMYtwMY1AMY1QPCAiAQABiABBiKBRjlAhjlAhjqAhi0AhiKAxi3AxjUAxjVA8ICHRAAGIAEGIoFGOUCGOUCGOoCGLQCGIoDGLcDGNQDwgICECbCAgYQABgWGB7CAggQABgWGB4YD8ICBBAAGB7CAgYQABgeGA3CAgQQIRgK&amp;sclient=gws-wiz\">9.6304-9765<\/a><\/p>\n\n\n\n<p><strong>Itaim Paulista<\/strong><\/p>\n\n\n\n<p>Rua Curich\u00e1ras, 14<\/p>\n\n\n\n<p>Itaim Paulista \u2013 S\u00e3o Paulo &#8211; SP<strong>&nbsp;\u2013 <\/strong>CEP 08110-430<\/p>\n\n\n\n<p>Hor\u00e1rio de atendimento:<\/p>\n\n\n\n<p>Segunda a sexta feira das 9h30 \u00e0s 18h00.<\/p>\n\n\n\n<p>S\u00e1bado das 9h30 \u00e0s 17h00.<\/p>\n\n\n\n<p>Telefone: (11) 2561-4285<\/p>\n\n\n\n<p><strong>Lajeado<\/strong><\/p>\n\n\n\n<p>Estrada do Lajeado Velho, 767<\/p>\n\n\n\n<p>Lajeado \u2013 S\u00e3o Paulo &#8211; SP<strong>&nbsp;\u2013 <\/strong>CEP 08451-100<\/p>\n\n\n\n<p>Hor\u00e1rio de atendimento:<\/p>\n\n\n\n<p>Segunda a sexta feira das 9h30 \u00e0s 18h00.<\/p>\n\n\n\n<p>S\u00e1bado das 9h30 \u00e0s 17h00.<\/p>\n\n\n\n<p>Telefone: (11) 2053-2556<\/p>\n\n\n\n<p><strong><u>Regi\u00e3o Oeste<\/u><\/strong><strong><u><\/u><\/strong><\/p>\n\n\n\n<p><strong>Lapa<\/strong><\/p>\n\n\n\n<p>Rua Albion, 69<\/p>\n\n\n\n<p>Lapa \u2013 S\u00e3o Paulo &#8211; SP<strong>&nbsp;\u2013 <\/strong>CEP 05077-130<\/p>\n\n\n\n<p>Hor\u00e1rio de atendimento:<\/p>\n\n\n\n<p>Segunda a sexta feira das 9h00 \u00e0s 18h30.<\/p>\n\n\n\n<p>S\u00e1bado das 9h00 \u00e0s 18h00.<\/p>\n\n\n\n<p>Telefone: (11) 3641-5990<\/p>\n\n\n\n<p><strong>S\u00e3o Paulo Capital:<\/strong><strong><\/strong><\/p>\n\n\n\n<p><strong><u>Regi\u00e3o Norte&nbsp;&nbsp;&nbsp;&nbsp;&nbsp;&nbsp;&nbsp;&nbsp;&nbsp;&nbsp;&nbsp;&nbsp;&nbsp;&nbsp;&nbsp;&nbsp;&nbsp;&nbsp;&nbsp;&nbsp;&nbsp;&nbsp;&nbsp;&nbsp;&nbsp;&nbsp;&nbsp;&nbsp;&nbsp;&nbsp;&nbsp; <\/u><\/strong><strong><u><\/u><\/strong><\/p>\n\n\n\n<p><strong>Santana<\/strong><\/p>\n\n\n\n<p>Rua Volunt\u00e1rios da P\u00e1tria, 1662<\/p>\n\n\n\n<p>Santana \u2013 S\u00e3o Paulo &#8211; SP<strong>&nbsp;\u2013 <\/strong>CEP 02010-400<\/p>\n\n\n\n<p>Hor\u00e1rio de atendimento:<\/p>\n\n\n\n<p>Segunda a sexta feira das 9h00 \u00e0s 18h00.<\/p>\n\n\n\n<p>S\u00e1bado das 9h00 \u00e0s 15h00.<\/p>\n\n\n\n<p>Telefone: (11) 2872-3313<\/p>\n\n\n\n<p><strong>Casa Verde<\/strong><\/p>\n\n\n\n<p>Rua Zilda, 685<\/p>\n\n\n\n<p>Casa Verde \u2013 S\u00e3o Paulo &#8211; SP<strong>&nbsp;\u2013 <\/strong>CEP 02545-000<\/p>\n\n\n\n<p>Hor\u00e1rio de atendimento:<\/p>\n\n\n\n<p>Segunda a sexta feira das 9h00 \u00e0s 19h00.<\/p>\n\n\n\n<p>S\u00e1bado das 9h00 \u00e0s 17h30.<\/p>\n\n\n\n<p>Telefone: (11) 3857-7872<\/p>\n\n\n\n<p><strong><u>Regi\u00e3o Sul<\/u><\/strong><strong><u><\/u><\/strong><\/p>\n\n\n\n<p><strong>Sa\u00fade 1<\/strong><\/p>\n\n\n\n<p>Rua Doutor Isa\u00edas Salom\u00e3o, 32<\/p>\n\n\n\n<p>Vila da Sa\u00fade \u2013 S\u00e3o Paulo &#8211; SP<strong>&nbsp;\u2013 <\/strong>CEP 04055-050<\/p>\n\n\n\n<p>Hor\u00e1rio de atendimento:<\/p>\n\n\n\n<p>Segunda a sexta feira das 9h00 \u00e0s 19h00.<\/p>\n\n\n\n<p>S\u00e1bado das 9h00 \u00e0s 16h00.<\/p>\n\n\n\n<p>Telefone: (11) 2935-1466<\/p>\n\n\n\n<p><strong>Sa\u00fade 2<\/strong><\/p>\n\n\n\n<p>Avenida Jabaquara, 1450<\/p>\n\n\n\n<p>Vila da Sa\u00fade \u2013 S\u00e3o Paulo &#8211; SP<strong>&nbsp;\u2013 <\/strong>CEP 04046-200<\/p>\n\n\n\n<p>Hor\u00e1rio de atendimento:<\/p>\n\n\n\n<p>Segunda a sexta feira das 9h00 \u00e0s 19h00.<\/p>\n\n\n\n<p>S\u00e1bado das 9h00 \u00e0s 16h00.<\/p>\n\n\n\n<p>Telefone: (11) 2924-0325<\/p>\n\n\n\n<p><strong>Santo Amaro &#8211; <\/strong><strong>Isabel Schmidt<\/strong><strong><\/strong><\/p>\n\n\n\n<p>Rua Isabel Schmidt, 122<\/p>\n\n\n\n<p>Santo Amaro \u2013 S\u00e3o Paulo &#8211; SP<strong>&nbsp;\u2013 <\/strong>CEP 04743-030<\/p>\n\n\n\n<p>Hor\u00e1rio de atendimento:<\/p>\n\n\n\n<p>Segunda a sexta feira das 9h00 \u00e0s 18h00.<\/p>\n\n\n\n<p>S\u00e1bado das 9h00 \u00e0s 16h00.<\/p>\n\n\n\n<p>Telefone: (11) 5681-8383<\/p>\n\n\n\n<p><strong>Santo Amaro \u2013 <\/strong><strong>Largo Treze<\/strong><strong><\/strong><\/p>\n\n\n\n<p>Largo Treze de Maio, 520 \u2013 Loja 37<\/p>\n\n\n\n<p>Santo Amaro \u2013 S\u00e3o Paulo &#8211; SP<strong>&nbsp;\u2013 <\/strong>CEP 04743-060<\/p>\n\n\n\n<p>Hor\u00e1rio de atendimento:<\/p>\n\n\n\n<p>Segunda a sexta feira das 9h00 \u00e0s 18h00.<\/p>\n\n\n\n<p>S\u00e1bado das 9h00 \u00e0s 16h00.<\/p>\n\n\n\n<p>Telefone: (11) 5681-8383<\/p>\n\n\n\n<p><strong>Santo Amaro \u2013 <\/strong><strong>Paulo Eir\u00f3<\/strong><strong><\/strong><\/p>\n\n\n\n<p>Rua Paulo Eir\u00f3, 11<\/p>\n\n\n\n<p>Santo Amaro \u2013 S\u00e3o Paulo &#8211; SP<strong>&nbsp;\u2013 <\/strong>CEP 04752-010<\/p>\n\n\n\n<p>Hor\u00e1rio de atendimento:<\/p>\n\n\n\n<p>Segunda a sexta feira das 9h00 \u00e0s 18h00.<\/p>\n\n\n\n<p>S\u00e1bado das 9h00 \u00e0s 15h00.<\/p>\n\n\n\n<p>Telefone: (11) 5685-4735<\/p>\n\n\n\n<p><strong>Vila das Merc\u00eas<\/strong><\/p>\n\n\n\n<p>Avenida Padre Arlindo Vieira, 1377<\/p>\n\n\n\n<p>Vila das Merc\u00eas \u2013 S\u00e3o Paulo &#8211; SP<strong>&nbsp;\u2013 <\/strong>CEP 04166-000<\/p>\n\n\n\n<p>Hor\u00e1rio de atendimento:<\/p>\n\n\n\n<p>Segunda a sexta feira das 9h00 \u00e0s 18h30.<\/p>\n\n\n\n<p>S\u00e1bado das 9h00 \u00e0s 17h00.<\/p>\n\n\n\n<p>Telefone: (11) 2083-6627<\/p>\n\n\n\n<p><strong>Ipiranga<\/strong><\/p>\n\n\n\n<p>Rua Silva Bueno, 2533<\/p>\n\n\n\n<p>Ipiranga \u2013 S\u00e3o Paulo &#8211; SP<strong>&nbsp;\u2013 <\/strong>CEP 04208-053<\/p>\n\n\n\n<p>Hor\u00e1rio de atendimento:<\/p>\n\n\n\n<p>Segunda a sexta feira das 9h30 \u00e0s 18h00.<\/p>\n\n\n\n<p>S\u00e1bado das 9h00 \u00e0s 17h00.<\/p>\n\n\n\n<p>Telefone: (11) 2274-4886<\/p>\n\n\n\n<p><strong>Campo Limpo<\/strong><\/p>\n\n\n\n<p>Estrada do Campo Limpo, 4245<\/p>\n\n\n\n<p>Jardim Campo Limpo \u2013 S\u00e3o Paulo &#8211; SP<strong>&nbsp;\u2013 <\/strong>CEP 05787-000<\/p>\n\n\n\n<p>Hor\u00e1rio de atendimento:<\/p>\n\n\n\n<p>Segunda a sexta feira das 9h00 \u00e0s 18h00.<\/p>\n\n\n\n<p>S\u00e1bado das 9h00 \u00e0s 17h00.<\/p>\n\n\n\n<p>Telefone: (11) 5846-0098<\/p>\n\n\n\n<p><strong>Menininha<\/strong><\/p>\n\n\n\n<p>Rua \u00c1lvaro Ferreira, 27<\/p>\n\n\n\n<p>Jardim \u00c2ngela \u2013 S\u00e3o Paulo &#8211; SP<strong>&nbsp;\u2013 <\/strong>CEP 05874-020<\/p>\n\n\n\n<p>Hor\u00e1rio de atendimento:<\/p>\n\n\n\n<p>Segunda a sexta feira das 9h00 \u00e0s 18h00.<\/p>\n\n\n\n<p>S\u00e1bado das 9h00 \u00e0s 17h00.<\/p>\n\n\n\n<p>Telefone: (11) 9.8241-6625<\/p>\n\n\n\n<p><strong>Parelheiros<\/strong><\/p>\n\n\n\n<p>Estrada da Col\u00f4nia Mario Reimberg Christe, 09<\/p>\n\n\n\n<p>Parelheiros \u2013 S\u00e3o Paulo &#8211; SP<strong>&nbsp;\u2013 <\/strong>CEP 04892-000<\/p>\n\n\n\n<p>Hor\u00e1rio de atendimento:<\/p>\n\n\n\n<p>Segunda a sexta feira das 9h00 \u00e0s 18h00.<\/p>\n\n\n\n<p>S\u00e1bado das 9h00 \u00e0s 17h00.<\/p>\n\n\n\n<p>Telefone: (11) 9.7367-6952<\/p>\n\n\n\n<p><strong><u>Regi\u00e3o Leste<\/u><\/strong><strong><u><\/u><\/strong><\/p>\n\n\n\n<p><strong>Sapopemba<\/strong><\/p>\n\n\n\n<p>Avenida Sapopemba, 7972<\/p>\n\n\n\n<p>Sapopemba \u2013 S\u00e3o Paulo &#8211; SP<strong>&nbsp;\u2013 <\/strong>CEP 03988-000<\/p>\n\n\n\n<p>Hor\u00e1rio de atendimento:<\/p>\n\n\n\n<p>Segunda a sexta feira das 8h30 \u00e0s 19h00.<\/p>\n\n\n\n<p>S\u00e1bado das 9h00 \u00e0s 17h00.<\/p>\n\n\n\n<p>Telefone: (11) 2719-6920<\/p>\n\n\n\n<p><strong>Pra\u00e7a Silvio Romero<\/strong><\/p>\n\n\n\n<p>Pra\u00e7a Silvio Romero, 41<\/p>\n\n\n\n<p>Tatuap\u00e9 \u2013 S\u00e3o Paulo &#8211; SP<strong>&nbsp;\u2013 <\/strong>CEP 03306-000<\/p>\n\n\n\n<p>Hor\u00e1rio de atendimento:<\/p>\n\n\n\n<p>Segunda a sexta feira das 8h30 \u00e0s 19h00.<\/p>\n\n\n\n<p>S\u00e1bado das 8h30 \u00e0s 17h00.<\/p>\n\n\n\n<p>Telefone: (11) 2097-8300<\/p>\n\n\n\n<p><strong>Parque Guarani<\/strong><\/p>\n\n\n\n<p>Rua Trevo de Santa Maria, 677<\/p>\n\n\n\n<p>Parque Guarani \u2013 S\u00e3o Paulo &#8211; SP<strong>&nbsp;\u2013 <\/strong>CEP 08050-570<\/p>\n\n\n\n<p>Hor\u00e1rio de atendimento:<\/p>\n\n\n\n<p>Segunda a sexta feira das 9h30 \u00e0s 18h00.<\/p>\n\n\n\n<p>S\u00e1bado das 9h30 \u00e0s 17h00.<\/p>\n\n\n\n<p>Telefone: (11) 2052-5221<\/p>\n\n\n\n<p><strong>Parque S\u00e3o Rafael<\/strong><\/p>\n\n\n\n<p>Avenida Baronesa de Muritiba, 460<\/p>\n\n\n\n<p>Parque S\u00e3o Rafael \u2013 S\u00e3o Paulo &#8211; SP<strong>&nbsp;\u2013 <\/strong>CEP 08311-080<\/p>\n\n\n\n<p>Hor\u00e1rio de atendimento:<\/p>\n\n\n\n<p>Segunda a sexta feira das 9h00 \u00e0s 18h00.<\/p>\n\n\n\n<p>S\u00e1bado das 9h00 \u00e0s 17h00.<\/p>\n\n\n\n<p>Telefone: (11) 2011-2973<\/p>\n\n\n\n<p><strong>Ferraz de Vasconcelos \u2013 Vila Rorain\u00f3polis<\/strong><\/p>\n\n\n\n<p>Avenida Quinze de Novembro, 70<\/p>\n\n\n\n<p>Ferraz de Vasconcelos \u2013 S\u00e3o Paulo &#8211; SP<strong>&nbsp;\u2013 <\/strong>CEP 08500-405<\/p>\n\n\n\n<p>Hor\u00e1rio de atendimento:<\/p>\n\n\n\n<p>Segunda a sexta feira das 9h00 \u00e0s 18h30.<\/p>\n\n\n\n<p>S\u00e1bado das 9h00 \u00e0s 17h00.<\/p>\n\n\n\n<p>Telefone: (11) <a href=\"https:\/\/www.google.com.br\/search?q=%C3%B3tica+ultrafarma+na+Avenida+Quinze+de+Novembro%2C+70&amp;sca_esv=584304970&amp;source=hp&amp;ei=Rc5cZfawMfTJ5OUPmeGYgAM&amp;iflsig=AO6bgOgAAAAAZVzcVb6caxSdauvSk0oj8eOd6YboXxYh&amp;ved=0ahUKEwi25-LTtdWCAxX0JLkGHZkwBjAQ4dUDCAs&amp;uact=5&amp;oq=%C3%B3tica+ultrafarma+na+Avenida+Quinze+de+Novembro%2C+70&amp;gs_lp=Egdnd3Mtd2l6IjPDs3RpY2EgdWx0cmFmYXJtYSBuYSBBdmVuaWRhIFF1aW56ZSBkZSBOb3ZlbWJybywgNzAyCBAAGIAEGKIEMggQABiABBiiBDIIEAAYgAQYogQyCBAAGIAEGKIEMggQABiABBiiBEjb4wFQlAlY5dgBcAV4AJABAJgB7gGgAc0bqgEGMC4xOS4zuAEDyAEA-AEC-AEBqAIKwgIjEC4YrwEYxwEY5QIYgAQYigUY6gIYtAIYigMYtwMY1AMY1QPCAiAQABiABBiKBRjlAhjlAhjqAhi0AhiKAxi3AxjUAxjVA8ICHRAAGIAEGIoFGOUCGOUCGOoCGLQCGIoDGLcDGNQDwgICECbCAgYQABgWGB7CAggQABgWGB4YD8ICBBAAGB7CAgYQABgeGA3CAgQQIRgK&amp;sclient=gws-wiz\">9.6304-9765<\/a><\/p>\n\n\n\n<p><strong>Itaim Paulista<\/strong><\/p>\n\n\n\n<p>Rua Curich\u00e1ras, 14<\/p>\n\n\n\n<p>Itaim Paulista \u2013 S\u00e3o Paulo &#8211; SP<strong>&nbsp;\u2013 <\/strong>CEP 08110-430<\/p>\n\n\n\n<p>Hor\u00e1rio de atendimento:<\/p>\n\n\n\n<p>Segunda a sexta feira das 9h30 \u00e0s 18h00.<\/p>\n\n\n\n<p>S\u00e1bado das 9h30 \u00e0s 17h00.<\/p>\n\n\n\n<p>Telefone: (11) 2561-4285<\/p>\n\n\n\n<p><strong>Lajeado<\/strong><\/p>\n\n\n\n<p>Estrada do Lajeado Velho, 767<\/p>\n\n\n\n<p>Lajeado \u2013 S\u00e3o Paulo &#8211; SP<strong>&nbsp;\u2013 <\/strong>CEP 08451-100<\/p>\n\n\n\n<p>Hor\u00e1rio de atendimento:<\/p>\n\n\n\n<p>Segunda a sexta feira das 9h30 \u00e0s 18h00.<\/p>\n\n\n\n<p>S\u00e1bado das 9h30 \u00e0s 17h00.<\/p>\n\n\n\n<p>Telefone: (11) 2053-2556<\/p>\n\n\n\n<p><strong><u>Regi\u00e3o Oeste<\/u><\/strong><strong><u><\/u><\/strong><\/p>\n\n\n\n<p><strong>Lapa<\/strong><\/p>\n\n\n\n<p>Rua Albion, 69<\/p>\n\n\n\n<p>Lapa \u2013 S\u00e3o Paulo &#8211; SP<strong>&nbsp;\u2013 <\/strong>CEP 05077-130<\/p>\n\n\n\n<p>Hor\u00e1rio de atendimento:<\/p>\n\n\n\n<p>Segunda a sexta feira das 9h00 \u00e0s 18h30.<\/p>\n\n\n\n<p>S\u00e1bado das 9h00 \u00e0s 18h00.<\/p>\n\n\n\n<p>Telefone: (11) 3641-5990<\/p>\n","protected":false},"excerpt":{"rendered":"<p>\u00d3ticas Ultrafarma Desconto de 20 % na\u00a0compra de produtos de \u00f3tica (menos\u00a0lentes\u00a0decontato\u00a0e\u00a0campanhas\u00a0j\u00e1\u00a0existentes). Ou na\u00a0compra\u00a0de\u00a0lentes\u00a0multifocais, gr\u00e1tis a arma\u00e7\u00e3o das marcas Feel,\u00a0EyeFly\u00a0ou\u00a0MX. S\u00e3o Paulo Capital: Regi\u00e3o Norte&nbsp;&nbsp;&nbsp;&nbsp;&nbsp;&nbsp;&nbsp;&nbsp;&nbsp;&nbsp;&nbsp;&nbsp;&nbsp;&nbsp;&nbsp;&nbsp;&nbsp;&nbsp;&nbsp;&nbsp;&nbsp;&nbsp;&nbsp;&nbsp;&nbsp;&nbsp;&nbsp;&nbsp;&nbsp;&nbsp;&nbsp; Santana Rua Volunt\u00e1rios da P\u00e1tria, 1662 Santana \u2013 S\u00e3o Paulo &#8211; SP&nbsp;\u2013 CEP 02010-400 Hor\u00e1rio de atendimento: Segunda a sexta feira das 9h00 \u00e0s 18h00. S\u00e1bado das 9h00 \u00e0s 15h00. [&hellip;]<\/p>\n","protected":false},"author":2,"featured_media":0,"parent":0,"menu_order":0,"comment_status":"closed","ping_status":"closed","template":"","meta":{"footnotes":""},"class_list":["post-1399","page","type-page","status-publish","hentry"],"blog_post_layout_featured_media_urls":{"thumbnail":"","full":""},"categories_names":null,"comments_number":"0","wpmagazine_modules_lite_featured_media_urls":{"thumbnail":"","cvmm-medium":"","cvmm-medium-plus":"","cvmm-portrait":"","cvmm-medium-square":"","cvmm-large":"","cvmm-small":"","full":""},"_links":{"self":[{"href":"https:\/\/www.sindiapi.com.br\/2021\/index.php?rest_route=\/wp\/v2\/pages\/1399","targetHints":{"allow":["GET"]}}],"collection":[{"href":"https:\/\/www.sindiapi.com.br\/2021\/index.php?rest_route=\/wp\/v2\/pages"}],"about":[{"href":"https:\/\/www.sindiapi.com.br\/2021\/index.php?rest_route=\/wp\/v2\/types\/page"}],"author":[{"embeddable":true,"href":"https:\/\/www.sindiapi.com.br\/2021\/index.php?rest_route=\/wp\/v2\/users\/2"}],"replies":[{"embeddable":true,"href":"https:\/\/www.sindiapi.com.br\/2021\/index.php?rest_route=%2Fwp%2Fv2%2Fcomments&post=1399"}],"version-history":[{"count":1,"href":"https:\/\/www.sindiapi.com.br\/2021\/index.php?rest_route=\/wp\/v2\/pages\/1399\/revisions"}],"predecessor-version":[{"id":1400,"href":"https:\/\/www.sindiapi.com.br\/2021\/index.php?rest_route=\/wp\/v2\/pages\/1399\/revisions\/1400"}],"wp:attachment":[{"href":"https:\/\/www.sindiapi.com.br\/2021\/index.php?rest_route=%2Fwp%2Fv2%2Fmedia&parent=1399"}],"curies":[{"name":"wp","href":"https:\/\/api.w.org\/{rel}","templated":true}]}}