{"id":1394,"date":"2024-10-08T11:26:37","date_gmt":"2024-10-08T14:26:37","guid":{"rendered":"https:\/\/www.sindiapi.com.br\/2021\/?page_id=1394"},"modified":"2024-10-08T11:26:40","modified_gmt":"2024-10-08T14:26:40","slug":"beneficios-ceara-5","status":"publish","type":"page","link":"https:\/\/www.sindiapi.com.br\/2021\/?page_id=1394","title":{"rendered":"Benef\u00edcios Cear\u00e1"},"content":{"rendered":"\n<div class=\"wp-block-cover has-background-dim\" style=\"min-height:265px;aspect-ratio:unset;\"><video class=\"wp-block-cover__video-background intrinsic-ignore\" autoplay muted loop playsinline src=\"https:\/\/www.sindiapi.com.br\/2021\/wp-content\/uploads\/2024\/01\/pexels-vlada-karpovich-5798913-1080p.mp4\" style=\"object-position:47% 0%\" data-object-fit=\"cover\" data-object-position=\"47% 0%\"><\/video><div class=\"wp-block-cover__inner-container is-layout-flow wp-block-cover-is-layout-flow\">\n<p class=\"has-large-font-size\"><\/p>\n<\/div><\/div>\n\n\n\n<p class=\"has-large-font-size\"><strong>\u00d3tica Barat\u00e3o dos \u00d3culos<\/strong><\/p>\n\n\n\n<p>Descontos em todos os itens de \u00f3culos, como, arma\u00e7\u00f5es, lentes de contato e lentes oftalmol\u00f3gicas.<\/p>\n\n\n\n<p>15% a vista em esp\u00e9cie ou pix<\/p>\n\n\n\n<p>10% no cart\u00e3o de cr\u00e9dito&nbsp;&nbsp;&nbsp;&nbsp;&nbsp; &nbsp;&nbsp;&nbsp;&nbsp;&nbsp;&nbsp;&nbsp;&nbsp;&nbsp;&nbsp;&nbsp;&nbsp;&nbsp;&nbsp;&nbsp;&nbsp;&nbsp;&nbsp;&nbsp;&nbsp;&nbsp;&nbsp;&nbsp;&nbsp;&nbsp;&nbsp;&nbsp;&nbsp;&nbsp;&nbsp;&nbsp;&nbsp;&nbsp;&nbsp;&nbsp;&nbsp;&nbsp;&nbsp;<\/p>\n\n\n\n<p><strong>Endere\u00e7o das lojas:<\/strong><strong><\/strong><\/p>\n\n\n\n<p><strong>Loja 1<\/strong><\/p>\n\n\n\n<p>Rua Pedro Pereira, 170<\/p>\n\n\n\n<p>Centro &#8211; Fortaleza &#8211; CE<strong>&nbsp;&#8211; <\/strong>CEP 60035-001<\/p>\n\n\n\n<p>Hor\u00e1rio de atendimento:<\/p>\n\n\n\n<p>Segunda a sexta feira das 8h00 \u00e0s 17h00.<\/p>\n\n\n\n<p>S\u00e1bado das 8h00 \u00e0s 14h00.<\/p>\n\n\n\n<p>Telefone: (85) 3393-9501<\/p>\n\n\n\n<p>WhatsApp: (85) 9.8842-6740<strong><\/strong><\/p>\n\n\n\n<p><strong>Loja 2<\/strong><\/p>\n\n\n\n<p>Rua Pedro Pereira, 120<\/p>\n\n\n\n<p>Centro &#8211; Fortaleza &#8211; CE<strong>&nbsp;&#8211; <\/strong>CEP 60035-001<\/p>\n\n\n\n<p>Hor\u00e1rio de atendimento:<\/p>\n\n\n\n<p>Segunda a sexta feira das 8h00 \u00e0s 17h00.<\/p>\n\n\n\n<p>S\u00e1bado das 8h00 \u00e0s 14h00.<\/p>\n\n\n\n<p>Telefone: (85) 9.8842-6740<\/p>\n\n\n\n<p>WhatsApp: (85) 9.9214-1558<strong><\/strong><\/p>\n","protected":false},"excerpt":{"rendered":"<p>\u00d3tica Barat\u00e3o dos \u00d3culos Descontos em todos os itens de \u00f3culos, como, arma\u00e7\u00f5es, lentes de contato e lentes oftalmol\u00f3gicas. 15% a vista em esp\u00e9cie ou pix 10% no cart\u00e3o de cr\u00e9dito&nbsp;&nbsp;&nbsp;&nbsp;&nbsp; &nbsp;&nbsp;&nbsp;&nbsp;&nbsp;&nbsp;&nbsp;&nbsp;&nbsp;&nbsp;&nbsp;&nbsp;&nbsp;&nbsp;&nbsp;&nbsp;&nbsp;&nbsp;&nbsp;&nbsp;&nbsp;&nbsp;&nbsp;&nbsp;&nbsp;&nbsp;&nbsp;&nbsp;&nbsp;&nbsp;&nbsp;&nbsp;&nbsp;&nbsp;&nbsp;&nbsp;&nbsp;&nbsp; Endere\u00e7o das lojas: Loja 1 Rua Pedro Pereira, 170 Centro &#8211; Fortaleza &#8211; CE&nbsp;&#8211; CEP 60035-001 Hor\u00e1rio de atendimento: Segunda a sexta feira [&hellip;]<\/p>\n","protected":false},"author":2,"featured_media":0,"parent":0,"menu_order":0,"comment_status":"closed","ping_status":"closed","template":"","meta":{"footnotes":""},"class_list":["post-1394","page","type-page","status-publish","hentry"],"blog_post_layout_featured_media_urls":{"thumbnail":"","full":""},"categories_names":null,"comments_number":"0","wpmagazine_modules_lite_featured_media_urls":{"thumbnail":"","cvmm-medium":"","cvmm-medium-plus":"","cvmm-portrait":"","cvmm-medium-square":"","cvmm-large":"","cvmm-small":"","full":""},"_links":{"self":[{"href":"https:\/\/www.sindiapi.com.br\/2021\/index.php?rest_route=\/wp\/v2\/pages\/1394","targetHints":{"allow":["GET"]}}],"collection":[{"href":"https:\/\/www.sindiapi.com.br\/2021\/index.php?rest_route=\/wp\/v2\/pages"}],"about":[{"href":"https:\/\/www.sindiapi.com.br\/2021\/index.php?rest_route=\/wp\/v2\/types\/page"}],"author":[{"embeddable":true,"href":"https:\/\/www.sindiapi.com.br\/2021\/index.php?rest_route=\/wp\/v2\/users\/2"}],"replies":[{"embeddable":true,"href":"https:\/\/www.sindiapi.com.br\/2021\/index.php?rest_route=%2Fwp%2Fv2%2Fcomments&post=1394"}],"version-history":[{"count":1,"href":"https:\/\/www.sindiapi.com.br\/2021\/index.php?rest_route=\/wp\/v2\/pages\/1394\/revisions"}],"predecessor-version":[{"id":1395,"href":"https:\/\/www.sindiapi.com.br\/2021\/index.php?rest_route=\/wp\/v2\/pages\/1394\/revisions\/1395"}],"wp:attachment":[{"href":"https:\/\/www.sindiapi.com.br\/2021\/index.php?rest_route=%2Fwp%2Fv2%2Fmedia&parent=1394"}],"curies":[{"name":"wp","href":"https:\/\/api.w.org\/{rel}","templated":true}]}}