{"id":1392,"date":"2024-10-08T11:22:26","date_gmt":"2024-10-08T14:22:26","guid":{"rendered":"https:\/\/www.sindiapi.com.br\/2021\/?page_id=1392"},"modified":"2024-10-08T11:22:27","modified_gmt":"2024-10-08T14:22:27","slug":"beneficios-sao-paulo-8","status":"publish","type":"page","link":"https:\/\/www.sindiapi.com.br\/2021\/?page_id=1392","title":{"rendered":"Benef\u00edcios S\u00e3o Paulo"},"content":{"rendered":"\n<div class=\"wp-block-cover has-background-dim\" style=\"min-height:265px;aspect-ratio:unset;\"><video class=\"wp-block-cover__video-background intrinsic-ignore\" autoplay muted loop playsinline src=\"https:\/\/www.sindiapi.com.br\/2021\/wp-content\/uploads\/2024\/01\/pexels-vlada-karpovich-5798913-1080p.mp4\" style=\"object-position:47% 0%\" data-object-fit=\"cover\" data-object-position=\"47% 0%\"><\/video><div class=\"wp-block-cover__inner-container is-layout-flow wp-block-cover-is-layout-flow\">\n<p class=\"has-large-font-size\"><\/p>\n<\/div><\/div>\n\n\n\n<p class=\"has-large-font-size\"><strong>Cl\u00ednica Fares<\/strong><strong><\/strong><\/p>\n\n\n\n<p>10% de desconto na realiza\u00e7\u00e3o de exames de imagem e laboratoriais.<\/p>\n\n\n\n<p>Consulte o site <a href=\"http:\/\/www.clinicafares.com.br\">www.clinicafares.com.br<\/a> e tenha acesso as especialidades e servi\u00e7os prestados.<\/p>\n\n\n\n<p><strong><u>Unidade Cachoeirinha<\/u><\/strong><strong><u><\/u><\/strong><\/p>\n\n\n\n<p>Avenida Parada Pinto, 99<\/p>\n\n\n\n<p>Vila Nova Cachoeirinha \u2013 S\u00e3o Paulo \u2013 SP &#8211; CEP 02611-000<\/p>\n\n\n\n<p><strong>Hor\u00e1rio de atendimento da Cl\u00ednica:<\/strong><\/p>\n\n\n\n<p>Segunda a sexta-feira das 7h00 \u00e0s 19h00<\/p>\n\n\n\n<p>S\u00e1bado das 06h00 \u00e0s 16h00.<\/p>\n\n\n\n<p><strong>Hor\u00e1rio de atendimento para coleta de exames:<\/strong><\/p>\n\n\n\n<p>Segunda a sexta-feira das 7h00 \u00e0s 17h00<\/p>\n\n\n\n<p>S\u00e1bado das 06h00 \u00e0s 16h00.<\/p>\n\n\n\n<p>Telefone: (11)&nbsp;3851-4000<\/p>\n\n\n\n<p><strong><u>Unidade Osasco<\/u><\/strong><strong><u><\/u><\/strong><\/p>\n\n\n\n<p>Rua Ant\u00f4nio Ag\u00fa, 630\/638<\/p>\n\n\n\n<p>Centro \u2013 Osasco \u2013 SP &#8211; CEP 06093-006<\/p>\n\n\n\n<p><strong>Hor\u00e1rio de atendimento da Cl\u00ednica:<\/strong><\/p>\n\n\n\n<p>Segunda a sexta-feira das 7h00 \u00e0s 19h00<\/p>\n\n\n\n<p>S\u00e1bado das 07h00 \u00e0s 17h00.<\/p>\n\n\n\n<p><strong>Hor\u00e1rio de atendimento para coleta de exames:<\/strong><\/p>\n\n\n\n<p>Segunda a sexta-feira das 7h00 \u00e0s 17h30<\/p>\n\n\n\n<p>S\u00e1bado das 07h00 \u00e0s 16h00.<\/p>\n\n\n\n<p>Telefone: (11)&nbsp;3851-4000<\/p>\n\n\n\n<p><strong><u>Unidade Santo Amaro<\/u><\/strong><strong><u><\/u><\/strong><\/p>\n\n\n\n<p>Rua Bar\u00e3o do Rio Branco, 303<\/p>\n\n\n\n<p>Santo Amaro \u2013 S\u00e3o Paulo \u2013 SP &#8211; CEP 04753-000<\/p>\n\n\n\n<p><strong>Hor\u00e1rio de atendimento da Cl\u00ednica:<\/strong><\/p>\n\n\n\n<p>Segunda a sexta-feira das 7h00 \u00e0s 19h00<\/p>\n\n\n\n<p>S\u00e1bado das 07h00 \u00e0s 17h00.<\/p>\n\n\n\n<p><strong>Hor\u00e1rio de atendimento para coleta de exames:<\/strong><\/p>\n\n\n\n<p>Segunda a sexta-feira das 7h00 \u00e0s 17h30<\/p>\n\n\n\n<p>S\u00e1bado das 07h00 \u00e0s 16h00.<\/p>\n\n\n\n<p>Telefone: (11)&nbsp;3851-4000<\/p>\n\n\n\n<p><strong><u>Unidade Penha<\/u><\/strong><strong><u><\/u><\/strong><\/p>\n\n\n\n<p>Avenida Penha de Fran\u00e7a, 466<\/p>\n\n\n\n<p>Penha de Fran\u00e7a \u2013 S\u00e3o Paulo \u2013 SP &#8211; CEP 01040-000<\/p>\n\n\n\n<p><strong>Hor\u00e1rio de atendimento da Cl\u00ednica:<\/strong><\/p>\n\n\n\n<p>Segunda a sexta-feira das 7h00 \u00e0s 17h00<\/p>\n\n\n\n<p>S\u00e1bado das 07h00 \u00e0s 17h00.<\/p>\n\n\n\n<p><strong>Hor\u00e1rio de atendimento para coleta de exames:<\/strong><\/p>\n\n\n\n<p>Segunda a sexta-feira das 7h00 \u00e0s 16h00<\/p>\n\n\n\n<p>S\u00e1bado das 06h00 \u00e0s 16h00.<\/p>\n\n\n\n<p>Telefone: (11)&nbsp;3851-4000<\/p>\n","protected":false},"excerpt":{"rendered":"<p>Cl\u00ednica Fares 10% de desconto na realiza\u00e7\u00e3o de exames de imagem e laboratoriais. Consulte o site www.clinicafares.com.br e tenha acesso as especialidades e servi\u00e7os prestados. Unidade Cachoeirinha Avenida Parada Pinto, 99 Vila Nova Cachoeirinha \u2013 S\u00e3o Paulo \u2013 SP &#8211; CEP 02611-000 Hor\u00e1rio de atendimento da Cl\u00ednica: Segunda a sexta-feira das 7h00 \u00e0s 19h00 S\u00e1bado [&hellip;]<\/p>\n","protected":false},"author":2,"featured_media":0,"parent":0,"menu_order":0,"comment_status":"closed","ping_status":"closed","template":"","meta":{"footnotes":""},"class_list":["post-1392","page","type-page","status-publish","hentry"],"blog_post_layout_featured_media_urls":{"thumbnail":"","full":""},"categories_names":null,"comments_number":"0","wpmagazine_modules_lite_featured_media_urls":{"thumbnail":"","cvmm-medium":"","cvmm-medium-plus":"","cvmm-portrait":"","cvmm-medium-square":"","cvmm-large":"","cvmm-small":"","full":""},"_links":{"self":[{"href":"https:\/\/www.sindiapi.com.br\/2021\/index.php?rest_route=\/wp\/v2\/pages\/1392","targetHints":{"allow":["GET"]}}],"collection":[{"href":"https:\/\/www.sindiapi.com.br\/2021\/index.php?rest_route=\/wp\/v2\/pages"}],"about":[{"href":"https:\/\/www.sindiapi.com.br\/2021\/index.php?rest_route=\/wp\/v2\/types\/page"}],"author":[{"embeddable":true,"href":"https:\/\/www.sindiapi.com.br\/2021\/index.php?rest_route=\/wp\/v2\/users\/2"}],"replies":[{"embeddable":true,"href":"https:\/\/www.sindiapi.com.br\/2021\/index.php?rest_route=%2Fwp%2Fv2%2Fcomments&post=1392"}],"version-history":[{"count":1,"href":"https:\/\/www.sindiapi.com.br\/2021\/index.php?rest_route=\/wp\/v2\/pages\/1392\/revisions"}],"predecessor-version":[{"id":1393,"href":"https:\/\/www.sindiapi.com.br\/2021\/index.php?rest_route=\/wp\/v2\/pages\/1392\/revisions\/1393"}],"wp:attachment":[{"href":"https:\/\/www.sindiapi.com.br\/2021\/index.php?rest_route=%2Fwp%2Fv2%2Fmedia&parent=1392"}],"curies":[{"name":"wp","href":"https:\/\/api.w.org\/{rel}","templated":true}]}}