{"id":1382,"date":"2024-10-04T16:56:22","date_gmt":"2024-10-04T19:56:22","guid":{"rendered":"https:\/\/www.sindiapi.com.br\/2021\/?page_id=1382"},"modified":"2024-10-04T16:56:24","modified_gmt":"2024-10-04T19:56:24","slug":"beneficios-sao-paulo-7","status":"publish","type":"page","link":"https:\/\/www.sindiapi.com.br\/2021\/?page_id=1382","title":{"rendered":"Benef\u00edcios S\u00e3o Paulo"},"content":{"rendered":"\n<div class=\"wp-block-cover has-background-dim\" style=\"min-height:265px;aspect-ratio:unset;\"><video class=\"wp-block-cover__video-background intrinsic-ignore\" autoplay muted loop playsinline src=\"https:\/\/www.sindiapi.com.br\/2021\/wp-content\/uploads\/2024\/01\/pexels-vlada-karpovich-5798913-1080p.mp4\" style=\"object-position:52% 0%\" data-object-fit=\"cover\" data-object-position=\"52% 0%\"><\/video><div class=\"wp-block-cover__inner-container is-layout-flow wp-block-cover-is-layout-flow\">\n<p class=\"has-large-font-size\"><\/p>\n<\/div><\/div>\n\n\n\n<p><\/p>\n\n\n\n<p class=\"has-large-font-size\"><strong>Centro M\u00e9dico Carezzato<\/strong><strong><\/strong><\/p>\n\n\n\n<p>15% de desconto em qualquer exame, sendo eles:<\/p>\n\n\n\n<p>Ultrassom, Densitometria \u00d3ssea, Mamografia Digital, Raio X digital, Papanicolau, Colposcopia, Vulvoscopia e Exames de laborat\u00f3rio (sangue).<\/p>\n\n\n\n<p>Rua Brigadeiro Gavi\u00e3o Peixoto, 425<br>Lapa \u2013 S\u00e3o Paulo \u2013 SP &#8211; CEP 05078-000<\/p>\n\n\n\n<p><strong>Hor\u00e1rio de atendimento:<\/strong><\/p>\n\n\n\n<p>Segunda a sexta-feira das 7h00 \u00e0s 17h00<br>S\u00e1bado das 07h00 \u00e0s 12h00.<br>Telefone: (11)\u00a03646-1300\u00a0ou\u00a0(11)\u00a03832\u00a08912<\/p>\n","protected":false},"excerpt":{"rendered":"<p>Centro M\u00e9dico Carezzato 15% de desconto em qualquer exame, sendo eles: Ultrassom, Densitometria \u00d3ssea, Mamografia Digital, Raio X digital, Papanicolau, Colposcopia, Vulvoscopia e Exames de laborat\u00f3rio (sangue). Rua Brigadeiro Gavi\u00e3o Peixoto, 425Lapa \u2013 S\u00e3o Paulo \u2013 SP &#8211; CEP 05078-000 Hor\u00e1rio de atendimento: Segunda a sexta-feira das 7h00 \u00e0s 17h00S\u00e1bado das 07h00 \u00e0s 12h00.Telefone: (11)\u00a03646-1300\u00a0ou\u00a0(11)\u00a03832\u00a08912<\/p>\n","protected":false},"author":2,"featured_media":0,"parent":0,"menu_order":0,"comment_status":"closed","ping_status":"closed","template":"","meta":{"footnotes":""},"class_list":["post-1382","page","type-page","status-publish","hentry"],"blog_post_layout_featured_media_urls":{"thumbnail":"","full":""},"categories_names":null,"comments_number":"0","wpmagazine_modules_lite_featured_media_urls":{"thumbnail":"","cvmm-medium":"","cvmm-medium-plus":"","cvmm-portrait":"","cvmm-medium-square":"","cvmm-large":"","cvmm-small":"","full":""},"_links":{"self":[{"href":"https:\/\/www.sindiapi.com.br\/2021\/index.php?rest_route=\/wp\/v2\/pages\/1382","targetHints":{"allow":["GET"]}}],"collection":[{"href":"https:\/\/www.sindiapi.com.br\/2021\/index.php?rest_route=\/wp\/v2\/pages"}],"about":[{"href":"https:\/\/www.sindiapi.com.br\/2021\/index.php?rest_route=\/wp\/v2\/types\/page"}],"author":[{"embeddable":true,"href":"https:\/\/www.sindiapi.com.br\/2021\/index.php?rest_route=\/wp\/v2\/users\/2"}],"replies":[{"embeddable":true,"href":"https:\/\/www.sindiapi.com.br\/2021\/index.php?rest_route=%2Fwp%2Fv2%2Fcomments&post=1382"}],"version-history":[{"count":1,"href":"https:\/\/www.sindiapi.com.br\/2021\/index.php?rest_route=\/wp\/v2\/pages\/1382\/revisions"}],"predecessor-version":[{"id":1384,"href":"https:\/\/www.sindiapi.com.br\/2021\/index.php?rest_route=\/wp\/v2\/pages\/1382\/revisions\/1384"}],"wp:attachment":[{"href":"https:\/\/www.sindiapi.com.br\/2021\/index.php?rest_route=%2Fwp%2Fv2%2Fmedia&parent=1382"}],"curies":[{"name":"wp","href":"https:\/\/api.w.org\/{rel}","templated":true}]}}