{"id":1359,"date":"2024-09-10T01:01:39","date_gmt":"2024-09-10T04:01:39","guid":{"rendered":"https:\/\/www.sindiapi.com.br\/2021\/?page_id=1359"},"modified":"2024-09-10T01:01:41","modified_gmt":"2024-09-10T04:01:41","slug":"beneficios-sao-paulo-litoral","status":"publish","type":"page","link":"https:\/\/www.sindiapi.com.br\/2021\/?page_id=1359","title":{"rendered":"Benef\u00edcios S\u00e3o Paulo Litoral"},"content":{"rendered":"\n<div class=\"wp-block-cover has-background-dim\" style=\"min-height:265px;aspect-ratio:unset;\"><video class=\"wp-block-cover__video-background intrinsic-ignore\" autoplay muted loop playsinline src=\"https:\/\/www.sindiapi.com.br\/2021\/wp-content\/uploads\/2024\/01\/pexels-vlada-karpovich-5798913-1080p.mp4\" style=\"object-position:52% 0%\" data-object-fit=\"cover\" data-object-position=\"52% 0%\"><\/video><div class=\"wp-block-cover__inner-container is-layout-flow wp-block-cover-is-layout-flow\">\n<p class=\"has-large-font-size\"><\/p>\n<\/div><\/div>\n\n\n\n<p class=\"has-large-font-size\" id=\"block-8ee5ec71-645f-4340-8298-d04de70647ca\"><strong>Grupo Microsom Aparelhos Auditivos<\/strong><\/p>\n\n\n\n<p id=\"block-5215016a-9a00-40f9-975d-c6923a3a56a6\">Desconto de 15 % na\u00a0compra de Aparelhos Auditivos.<br>Desconto de 10 % na\u00a0compra de Aparelho para Apneia do Sono<br><br><\/p>\n\n\n\n<p><strong>Santos<\/strong><br>Avenida Ana Costa, 380 &#8211; loja 1<br>Gonzaga &#8211; Santos \u2013 CEP \u00a011060-002<br>Hor\u00e1rio de atendimento:<br>Segunda a sexta feira das 8h30 \u00e0s 18h00.<br>S\u00e1bado das 8h30 \u00e0s 12h00.<br>Telefone: (13) 3307-0170\u00a0\u00a0\u00a0\u00a0\u00a0\u00a0\u00a0\u00a0<br>Email: santos@microsom.com.br<\/p>\n","protected":false},"excerpt":{"rendered":"<p>Grupo Microsom Aparelhos Auditivos Desconto de 15 % na\u00a0compra de Aparelhos Auditivos.Desconto de 10 % na\u00a0compra de Aparelho para Apneia do Sono SantosAvenida Ana Costa, 380 &#8211; loja 1Gonzaga &#8211; Santos \u2013 CEP \u00a011060-002Hor\u00e1rio de atendimento:Segunda a sexta feira das 8h30 \u00e0s 18h00.S\u00e1bado das 8h30 \u00e0s 12h00.Telefone: (13) 3307-0170\u00a0\u00a0\u00a0\u00a0\u00a0\u00a0\u00a0\u00a0Email: santos@microsom.com.br<\/p>\n","protected":false},"author":2,"featured_media":0,"parent":0,"menu_order":0,"comment_status":"closed","ping_status":"closed","template":"","meta":{"footnotes":""},"class_list":["post-1359","page","type-page","status-publish","hentry"],"blog_post_layout_featured_media_urls":{"thumbnail":"","full":""},"categories_names":null,"comments_number":"0","wpmagazine_modules_lite_featured_media_urls":{"thumbnail":"","cvmm-medium":"","cvmm-medium-plus":"","cvmm-portrait":"","cvmm-medium-square":"","cvmm-large":"","cvmm-small":"","full":""},"_links":{"self":[{"href":"https:\/\/www.sindiapi.com.br\/2021\/index.php?rest_route=\/wp\/v2\/pages\/1359","targetHints":{"allow":["GET"]}}],"collection":[{"href":"https:\/\/www.sindiapi.com.br\/2021\/index.php?rest_route=\/wp\/v2\/pages"}],"about":[{"href":"https:\/\/www.sindiapi.com.br\/2021\/index.php?rest_route=\/wp\/v2\/types\/page"}],"author":[{"embeddable":true,"href":"https:\/\/www.sindiapi.com.br\/2021\/index.php?rest_route=\/wp\/v2\/users\/2"}],"replies":[{"embeddable":true,"href":"https:\/\/www.sindiapi.com.br\/2021\/index.php?rest_route=%2Fwp%2Fv2%2Fcomments&post=1359"}],"version-history":[{"count":1,"href":"https:\/\/www.sindiapi.com.br\/2021\/index.php?rest_route=\/wp\/v2\/pages\/1359\/revisions"}],"predecessor-version":[{"id":1360,"href":"https:\/\/www.sindiapi.com.br\/2021\/index.php?rest_route=\/wp\/v2\/pages\/1359\/revisions\/1360"}],"wp:attachment":[{"href":"https:\/\/www.sindiapi.com.br\/2021\/index.php?rest_route=%2Fwp%2Fv2%2Fmedia&parent=1359"}],"curies":[{"name":"wp","href":"https:\/\/api.w.org\/{rel}","templated":true}]}}