{"id":1354,"date":"2024-09-10T00:54:16","date_gmt":"2024-09-10T03:54:16","guid":{"rendered":"https:\/\/www.sindiapi.com.br\/2021\/?page_id=1354"},"modified":"2024-09-10T00:54:46","modified_gmt":"2024-09-10T03:54:46","slug":"beneficios-sao-paulo-5","status":"publish","type":"page","link":"https:\/\/www.sindiapi.com.br\/2021\/?page_id=1354","title":{"rendered":"Benef\u00edcios S\u00e3o Paulo Regi\u00e3o Metropolitana"},"content":{"rendered":"\n<div class=\"wp-block-cover has-background-dim\" style=\"min-height:265px;aspect-ratio:unset;\"><video class=\"wp-block-cover__video-background intrinsic-ignore\" autoplay muted loop playsinline src=\"https:\/\/www.sindiapi.com.br\/2021\/wp-content\/uploads\/2024\/01\/pexels-vlada-karpovich-5798913-1080p.mp4\" style=\"object-position:52% 0%\" data-object-fit=\"cover\" data-object-position=\"52% 0%\"><\/video><div class=\"wp-block-cover__inner-container is-layout-flow wp-block-cover-is-layout-flow\">\n<p class=\"has-large-font-size\"><\/p>\n<\/div><\/div>\n\n\n\n<p class=\"has-large-font-size\" id=\"block-8ee5ec71-645f-4340-8298-d04de70647ca\"><strong>Grupo Microsom Aparelhos Auditivos<\/strong><\/p>\n\n\n\n<p id=\"block-5215016a-9a00-40f9-975d-c6923a3a56a6\">Desconto de 15 % na\u00a0compra de Aparelhos Auditivos.<br>Desconto de 10 % na\u00a0compra de Aparelho para Apneia do Sono<br><br><\/p>\n\n\n\n<p><strong>Guarulhos<\/strong><br>Rua Santo Ant\u00f4nio, 123<br>Centro \u2013 Guarulhos \u2013 CEP 07110-150<br>Hor\u00e1rio de atendimento:<br>Segunda a sexta feira das 8h30 \u00e0s 18h00.<br>S\u00e1bado das 8h30 \u00e0s 12h00.<br>Telefone: (11) 2087-4455 (11) 99267-8260<br>Email: guarulhos@microsom.com.br<\/p>\n\n\n\n<p><strong>Osasco<\/strong><br>Rua Tenente Avelar Pi\u00adres de Azevedo, 56<br>Centro &#8211; Osasco \u2013 CEP 06016-065<br>Hor\u00e1rio de atendimento:<br>Segunda a sexta feira das 9h00 \u00e0s 18h00.<br>S\u00e1bado das 9h00 \u00e0s 12h00.<br>Telefone: (11) 3683-3940<br>Email: thais.alves@microsom.com.br<\/p>\n\n\n\n<p><strong>Santo Andr\u00e9<\/strong><br>Avenida Portugal, 1513<br>Centro \u2013 Andr\u00e9 \u2013 CEP 09041-321<br>Hor\u00e1rio de atendimento:<br>Segunda a sexta feira das 8h30 \u00e0s 18h00.<br>S\u00e1bado das 8h30 \u00e0s 12h00.<br>Telefone: (11) 4433-3999<br>Email: santoandre@microsom.com.br<\/p>\n","protected":false},"excerpt":{"rendered":"<p>Grupo Microsom Aparelhos Auditivos Desconto de 15 % na\u00a0compra de Aparelhos Auditivos.Desconto de 10 % na\u00a0compra de Aparelho para Apneia do Sono GuarulhosRua Santo Ant\u00f4nio, 123Centro \u2013 Guarulhos \u2013 CEP 07110-150Hor\u00e1rio de atendimento:Segunda a sexta feira das 8h30 \u00e0s 18h00.S\u00e1bado das 8h30 \u00e0s 12h00.Telefone: (11) 2087-4455 (11) 99267-8260Email: guarulhos@microsom.com.br OsascoRua Tenente Avelar Pi\u00adres de Azevedo, [&hellip;]<\/p>\n","protected":false},"author":2,"featured_media":0,"parent":0,"menu_order":0,"comment_status":"closed","ping_status":"closed","template":"","meta":{"footnotes":""},"class_list":["post-1354","page","type-page","status-publish","hentry"],"blog_post_layout_featured_media_urls":{"thumbnail":"","full":""},"categories_names":null,"comments_number":"0","wpmagazine_modules_lite_featured_media_urls":{"thumbnail":"","cvmm-medium":"","cvmm-medium-plus":"","cvmm-portrait":"","cvmm-medium-square":"","cvmm-large":"","cvmm-small":"","full":""},"_links":{"self":[{"href":"https:\/\/www.sindiapi.com.br\/2021\/index.php?rest_route=\/wp\/v2\/pages\/1354","targetHints":{"allow":["GET"]}}],"collection":[{"href":"https:\/\/www.sindiapi.com.br\/2021\/index.php?rest_route=\/wp\/v2\/pages"}],"about":[{"href":"https:\/\/www.sindiapi.com.br\/2021\/index.php?rest_route=\/wp\/v2\/types\/page"}],"author":[{"embeddable":true,"href":"https:\/\/www.sindiapi.com.br\/2021\/index.php?rest_route=\/wp\/v2\/users\/2"}],"replies":[{"embeddable":true,"href":"https:\/\/www.sindiapi.com.br\/2021\/index.php?rest_route=%2Fwp%2Fv2%2Fcomments&post=1354"}],"version-history":[{"count":2,"href":"https:\/\/www.sindiapi.com.br\/2021\/index.php?rest_route=\/wp\/v2\/pages\/1354\/revisions"}],"predecessor-version":[{"id":1356,"href":"https:\/\/www.sindiapi.com.br\/2021\/index.php?rest_route=\/wp\/v2\/pages\/1354\/revisions\/1356"}],"wp:attachment":[{"href":"https:\/\/www.sindiapi.com.br\/2021\/index.php?rest_route=%2Fwp%2Fv2%2Fmedia&parent=1354"}],"curies":[{"name":"wp","href":"https:\/\/api.w.org\/{rel}","templated":true}]}}