{"id":1352,"date":"2024-09-10T00:51:27","date_gmt":"2024-09-10T03:51:27","guid":{"rendered":"https:\/\/www.sindiapi.com.br\/2021\/?page_id=1352"},"modified":"2024-09-10T00:51:28","modified_gmt":"2024-09-10T03:51:28","slug":"beneficios-sao-paulo-4","status":"publish","type":"page","link":"https:\/\/www.sindiapi.com.br\/2021\/?page_id=1352","title":{"rendered":"Benef\u00edcios S\u00e3o Paulo"},"content":{"rendered":"\n<div class=\"wp-block-cover has-background-dim\" style=\"min-height:265px;aspect-ratio:unset;\"><video class=\"wp-block-cover__video-background intrinsic-ignore\" autoplay muted loop playsinline src=\"https:\/\/www.sindiapi.com.br\/2021\/wp-content\/uploads\/2024\/01\/pexels-vlada-karpovich-5798913-1080p.mp4\" style=\"object-position:52% 0%\" data-object-fit=\"cover\" data-object-position=\"52% 0%\"><\/video><div class=\"wp-block-cover__inner-container is-layout-flow wp-block-cover-is-layout-flow\">\n<p class=\"has-large-font-size\"><\/p>\n<\/div><\/div>\n\n\n\n<p class=\"has-large-font-size\"><strong>Grupo Microsom Aparelhos Auditivos<\/strong><\/p>\n\n\n\n<p><\/p>\n\n\n\n<p>Desconto de 15 % na\u00a0compra de Aparelhos Auditivos.<br>Desconto de 10 % na\u00a0compra de Aparelho para Apneia do Sono<\/p>\n\n\n\n<p><strong>S\u00e3o Paulo:<\/strong><\/p>\n\n\n\n<p><strong>Regi\u00e3o Norte<\/strong><br>Rua Darzan, 286<br>Santana &#8211; S\u00e3o Paulo \u2013 CEP 02034-030<br>Hor\u00e1rio de atendimento:<br>Segunda a sexta feira das 8h30 \u00e0s 18h00.<br>S\u00e1bado das 8h30 \u00e0s 12h00.<br>Telefone: (11) 2287-7788 (11) 93423-6512 (11) 2287-7788 (11) 93423-6512<br>Email: santana@microsom.com.br<\/p>\n\n\n\n<p><strong>Regi\u00e3o Sul<\/strong><br>Rua Vergueiro, 2710<br>Vila Mariana &#8211; S\u00e3o Paulo \u2013CEP 04102-001<br>Hor\u00e1rio de atendimento:<br>Segunda a sexta feira das 8h30 \u00e0s 18h00.<br>S\u00e1bado das 8h30 \u00e0s 12h00.<br>Telefone: (11) 5908-8090<br>Email: vila.mariana@microsom.com.br<\/p>\n\n\n\n<p><strong>Regi\u00e3o Leste<\/strong><br>Pra\u00e7a Silvio Romero, 90<br>Tatuap\u00e9 &#8211; S\u00e3o Paulo \u2013 CEP 03323-000<br>Hor\u00e1rio de atendimento:<br>Segunda a sexta feira das 8h30 \u00e0s 18h00.<br>S\u00e1bado das 8h30 \u00e0s 12h00.<br>Telefone: (11) 2090-4555 (11) 97240-7652<br>Email: tatuape@microsom.com.br\u00a0<\/p>\n\n\n\n<p><strong>Regi\u00e3o Oeste<\/strong><br>Avenida Pedroso de Morais, 988<br>Pinheiros &#8211; S\u00e3o Paulo \u2013 CEP \u00a005420-001<br>Hor\u00e1rio de atendimento:<br>Segunda a sexta feira das 8h30 \u00e0s 18h00.<br>S\u00e1bado das 8h30 \u00e0s 12h00.<br>Telefone: (11) 3030-4020 (11) 93423-7285<br>Email: <a href=\"mailto:pinheiros@microsom.com.br\">pinheiros@microsom.com.br<\/a><\/p>\n","protected":false},"excerpt":{"rendered":"<p>Grupo Microsom Aparelhos Auditivos Desconto de 15 % na\u00a0compra de Aparelhos Auditivos.Desconto de 10 % na\u00a0compra de Aparelho para Apneia do Sono S\u00e3o Paulo: Regi\u00e3o NorteRua Darzan, 286Santana &#8211; S\u00e3o Paulo \u2013 CEP 02034-030Hor\u00e1rio de atendimento:Segunda a sexta feira das 8h30 \u00e0s 18h00.S\u00e1bado das 8h30 \u00e0s 12h00.Telefone: (11) 2287-7788 (11) 93423-6512 (11) 2287-7788 (11) 93423-6512Email: [&hellip;]<\/p>\n","protected":false},"author":2,"featured_media":0,"parent":0,"menu_order":0,"comment_status":"closed","ping_status":"closed","template":"","meta":{"footnotes":""},"class_list":["post-1352","page","type-page","status-publish","hentry"],"blog_post_layout_featured_media_urls":{"thumbnail":"","full":""},"categories_names":null,"comments_number":"0","wpmagazine_modules_lite_featured_media_urls":{"thumbnail":"","cvmm-medium":"","cvmm-medium-plus":"","cvmm-portrait":"","cvmm-medium-square":"","cvmm-large":"","cvmm-small":"","full":""},"_links":{"self":[{"href":"https:\/\/www.sindiapi.com.br\/2021\/index.php?rest_route=\/wp\/v2\/pages\/1352","targetHints":{"allow":["GET"]}}],"collection":[{"href":"https:\/\/www.sindiapi.com.br\/2021\/index.php?rest_route=\/wp\/v2\/pages"}],"about":[{"href":"https:\/\/www.sindiapi.com.br\/2021\/index.php?rest_route=\/wp\/v2\/types\/page"}],"author":[{"embeddable":true,"href":"https:\/\/www.sindiapi.com.br\/2021\/index.php?rest_route=\/wp\/v2\/users\/2"}],"replies":[{"embeddable":true,"href":"https:\/\/www.sindiapi.com.br\/2021\/index.php?rest_route=%2Fwp%2Fv2%2Fcomments&post=1352"}],"version-history":[{"count":1,"href":"https:\/\/www.sindiapi.com.br\/2021\/index.php?rest_route=\/wp\/v2\/pages\/1352\/revisions"}],"predecessor-version":[{"id":1353,"href":"https:\/\/www.sindiapi.com.br\/2021\/index.php?rest_route=\/wp\/v2\/pages\/1352\/revisions\/1353"}],"wp:attachment":[{"href":"https:\/\/www.sindiapi.com.br\/2021\/index.php?rest_route=%2Fwp%2Fv2%2Fmedia&parent=1352"}],"curies":[{"name":"wp","href":"https:\/\/api.w.org\/{rel}","templated":true}]}}