{"id":1348,"date":"2024-09-10T00:38:24","date_gmt":"2024-09-10T03:38:24","guid":{"rendered":"https:\/\/www.sindiapi.com.br\/2021\/?page_id=1348"},"modified":"2024-09-10T00:38:25","modified_gmt":"2024-09-10T03:38:25","slug":"beneficios-santa-catarina-4","status":"publish","type":"page","link":"https:\/\/www.sindiapi.com.br\/2021\/?page_id=1348","title":{"rendered":"Benef\u00edcios Santa Catarina"},"content":{"rendered":"\n<div class=\"wp-block-cover has-background-dim\" style=\"min-height:265px;aspect-ratio:unset;\"><video class=\"wp-block-cover__video-background intrinsic-ignore\" autoplay muted loop playsinline src=\"https:\/\/www.sindiapi.com.br\/2021\/wp-content\/uploads\/2024\/01\/pexels-vlada-karpovich-5798913-1080p.mp4\" style=\"object-position:52% 0%\" data-object-fit=\"cover\" data-object-position=\"52% 0%\"><\/video><div class=\"wp-block-cover__inner-container is-layout-flow wp-block-cover-is-layout-flow\">\n<p class=\"has-large-font-size\"><\/p>\n<\/div><\/div>\n\n\n\n<p class=\"has-large-font-size\"><strong>\u00d3tica Ritter<\/strong><\/p>\n\n\n\n<p>20% de desconto em pagamento a vista e 10% de pagamento a prazo em todos os itens da loja, al\u00e9m de consultas e exames.<\/p>\n\n\n\n<p>Endere\u00e7o da loja: Rua Tijucas, 36 \u2013 Sala 11a Centro &#8211; Itaja\u00ed \u2013 SC &#8211; CEP 88301-306<br>Telefone: (31) 3270-2700<br><br>Hor\u00e1rio de atendimento: Segunda a sexta feira das 8h30 \u00e0s 18h00. S\u00e1bado das 8h30 \u00e0s 12h30.<\/p>\n\n\n\n<p>Telefone: (47) 9.9902-2158<\/p>\n","protected":false},"excerpt":{"rendered":"<p>\u00d3tica Ritter 20% de desconto em pagamento a vista e 10% de pagamento a prazo em todos os itens da loja, al\u00e9m de consultas e exames. Endere\u00e7o da loja: Rua Tijucas, 36 \u2013 Sala 11a Centro &#8211; Itaja\u00ed \u2013 SC &#8211; CEP 88301-306Telefone: (31) 3270-2700 Hor\u00e1rio de atendimento: Segunda a sexta feira das 8h30 \u00e0s [&hellip;]<\/p>\n","protected":false},"author":2,"featured_media":0,"parent":0,"menu_order":0,"comment_status":"closed","ping_status":"closed","template":"","meta":{"footnotes":""},"class_list":["post-1348","page","type-page","status-publish","hentry"],"blog_post_layout_featured_media_urls":{"thumbnail":"","full":""},"categories_names":null,"comments_number":"0","wpmagazine_modules_lite_featured_media_urls":{"thumbnail":"","cvmm-medium":"","cvmm-medium-plus":"","cvmm-portrait":"","cvmm-medium-square":"","cvmm-large":"","cvmm-small":"","full":""},"_links":{"self":[{"href":"https:\/\/www.sindiapi.com.br\/2021\/index.php?rest_route=\/wp\/v2\/pages\/1348","targetHints":{"allow":["GET"]}}],"collection":[{"href":"https:\/\/www.sindiapi.com.br\/2021\/index.php?rest_route=\/wp\/v2\/pages"}],"about":[{"href":"https:\/\/www.sindiapi.com.br\/2021\/index.php?rest_route=\/wp\/v2\/types\/page"}],"author":[{"embeddable":true,"href":"https:\/\/www.sindiapi.com.br\/2021\/index.php?rest_route=\/wp\/v2\/users\/2"}],"replies":[{"embeddable":true,"href":"https:\/\/www.sindiapi.com.br\/2021\/index.php?rest_route=%2Fwp%2Fv2%2Fcomments&post=1348"}],"version-history":[{"count":1,"href":"https:\/\/www.sindiapi.com.br\/2021\/index.php?rest_route=\/wp\/v2\/pages\/1348\/revisions"}],"predecessor-version":[{"id":1349,"href":"https:\/\/www.sindiapi.com.br\/2021\/index.php?rest_route=\/wp\/v2\/pages\/1348\/revisions\/1349"}],"wp:attachment":[{"href":"https:\/\/www.sindiapi.com.br\/2021\/index.php?rest_route=%2Fwp%2Fv2%2Fmedia&parent=1348"}],"curies":[{"name":"wp","href":"https:\/\/api.w.org\/{rel}","templated":true}]}}