{"id":1340,"date":"2024-09-10T00:33:19","date_gmt":"2024-09-10T03:33:19","guid":{"rendered":"https:\/\/www.sindiapi.com.br\/2021\/?page_id=1340"},"modified":"2024-09-10T01:14:53","modified_gmt":"2024-09-10T04:14:53","slug":"beneficios-santa-catarina-2","status":"publish","type":"page","link":"https:\/\/www.sindiapi.com.br\/2021\/?page_id=1340","title":{"rendered":"Benef\u00edcios Santa Catarina"},"content":{"rendered":"\n<div class=\"wp-block-cover has-background-dim\" style=\"min-height:265px;aspect-ratio:unset;\"><video class=\"wp-block-cover__video-background intrinsic-ignore\" autoplay muted loop playsinline src=\"https:\/\/www.sindiapi.com.br\/2021\/wp-content\/uploads\/2024\/01\/pexels-vlada-karpovich-5798913-1080p.mp4\" style=\"object-position:52% 0%\" data-object-fit=\"cover\" data-object-position=\"52% 0%\"><\/video><div class=\"wp-block-cover__inner-container is-layout-flow wp-block-cover-is-layout-flow\">\n<p class=\"has-large-font-size\"><\/p>\n<\/div><\/div>\n\n\n\n<p class=\"has-large-font-size\"><strong>Grupo Microsom Aparelhos Auditivos<\/strong><\/p>\n\n\n\n<p>Desconto de 15 % na\u00a0compra de Aparelhos Auditivos.<br>Desconto de 10 % na\u00a0compra de Aparelho para Apneia do Sono<br><br><strong>Microsom Balne\u00e1rio Cambori\u00fa<br><\/strong>R. Cel Benedet, 441- sala 02 &#8211; Centro, Balne\u00e1rio Cambori\u00fa\/SC &#8211; CEP 88330-574<br>Hor\u00e1rio de atendimento: Segunda a sexta-feira das 8h30 \u00e0s 18h00.<br>Telefone: (47) 3398-3396<br>Email: marilene@microsom-sc.com.br \/ financeiro@microsom-sc.com.br<\/p>\n\n\n\n<p><strong>Microsom Blumenau<br><\/strong>Av. Sete de Setembro, 1387 &#8211; sala 2 &#8211; Centro, Balne\u00e1rio Blumenau\/SC &#8211; CEP 89010-201<br>Hor\u00e1rio de atendimento: Segunda a sexta-feira das 8h30 \u00e0s 18h00.<br>Telefone: (47) 3035-2129<br>Email: marilene@microsom-sc.com.br \/ financeiro@microsom-sc.com.br<\/p>\n\n\n\n<p><strong>Microsom Crici\u00fama<br><\/strong>R. Cel Benedet, 441- sala 02 &#8211; Centro, Crici\u00fama &#8211; CEP 88801-250<br>Hor\u00e1rio de atendimento: Segunda a sexta-feira das 8h30 \u00e0s 18h00.<br>Telefone: (48) 3045-5289<br>Email: marilene@microsom-sc.com.br \/ financeiro@microsom-sc.com.br<\/p>\n\n\n\n<p><strong>Microsom Florian\u00f3polis<br><\/strong>Avenida Professor Othon Gama D&#8217;E\u00e7a, 907 &#8211; Sala 01 &#8211; Centro &#8211; Florian\u00f3polis &#8211; CEP 88015-240<br>Hor\u00e1rio de atendimento: Segunda a sexta-feira das 8h30 \u00e0s 18h00.<br>Telefone: (48) 3324-2751<br>Email: marilene@microsom-sc.com.br \/ financeiro@microsom-sc.com.br<\/p>\n\n\n\n<p><strong>Microsom Lajes<br><\/strong>Rua Lauro Muller, 547 &#8211; 06 \u2013 Centro, Lajes\/SC &#8211; CEP 88502-053<br>Hor\u00e1rio de atendimento: Segunda a sexta-feira das 8h30 \u00e0s 18h00.<br>Telefone: (49) 3224-8821<br>Email: marilene@microsom-sc.com.br \/ financeiro@microsom-sc.com.br<\/p>\n","protected":false},"excerpt":{"rendered":"<p>Grupo Microsom Aparelhos Auditivos Desconto de 15 % na\u00a0compra de Aparelhos Auditivos.Desconto de 10 % na\u00a0compra de Aparelho para Apneia do Sono Microsom Balne\u00e1rio Cambori\u00faR. Cel Benedet, 441- sala 02 &#8211; Centro, Balne\u00e1rio Cambori\u00fa\/SC &#8211; CEP 88330-574Hor\u00e1rio de atendimento: Segunda a sexta-feira das 8h30 \u00e0s 18h00.Telefone: (47) 3398-3396Email: marilene@microsom-sc.com.br \/ financeiro@microsom-sc.com.br Microsom BlumenauAv. Sete de [&hellip;]<\/p>\n","protected":false},"author":2,"featured_media":0,"parent":0,"menu_order":0,"comment_status":"closed","ping_status":"closed","template":"","meta":{"footnotes":""},"class_list":["post-1340","page","type-page","status-publish","hentry"],"blog_post_layout_featured_media_urls":{"thumbnail":"","full":""},"categories_names":null,"comments_number":"0","wpmagazine_modules_lite_featured_media_urls":{"thumbnail":"","cvmm-medium":"","cvmm-medium-plus":"","cvmm-portrait":"","cvmm-medium-square":"","cvmm-large":"","cvmm-small":"","full":""},"_links":{"self":[{"href":"https:\/\/www.sindiapi.com.br\/2021\/index.php?rest_route=\/wp\/v2\/pages\/1340","targetHints":{"allow":["GET"]}}],"collection":[{"href":"https:\/\/www.sindiapi.com.br\/2021\/index.php?rest_route=\/wp\/v2\/pages"}],"about":[{"href":"https:\/\/www.sindiapi.com.br\/2021\/index.php?rest_route=\/wp\/v2\/types\/page"}],"author":[{"embeddable":true,"href":"https:\/\/www.sindiapi.com.br\/2021\/index.php?rest_route=\/wp\/v2\/users\/2"}],"replies":[{"embeddable":true,"href":"https:\/\/www.sindiapi.com.br\/2021\/index.php?rest_route=%2Fwp%2Fv2%2Fcomments&post=1340"}],"version-history":[{"count":3,"href":"https:\/\/www.sindiapi.com.br\/2021\/index.php?rest_route=\/wp\/v2\/pages\/1340\/revisions"}],"predecessor-version":[{"id":1371,"href":"https:\/\/www.sindiapi.com.br\/2021\/index.php?rest_route=\/wp\/v2\/pages\/1340\/revisions\/1371"}],"wp:attachment":[{"href":"https:\/\/www.sindiapi.com.br\/2021\/index.php?rest_route=%2Fwp%2Fv2%2Fmedia&parent=1340"}],"curies":[{"name":"wp","href":"https:\/\/api.w.org\/{rel}","templated":true}]}}