{"id":1301,"date":"2024-09-09T23:37:51","date_gmt":"2024-09-10T02:37:51","guid":{"rendered":"https:\/\/www.sindiapi.com.br\/2021\/?page_id=1301"},"modified":"2024-09-09T23:37:52","modified_gmt":"2024-09-10T02:37:52","slug":"beneficios-sao-paulo-2","status":"publish","type":"page","link":"https:\/\/www.sindiapi.com.br\/2021\/?page_id=1301","title":{"rendered":"Benef\u00edcios S\u00e3o Paulo"},"content":{"rendered":"\n<div class=\"wp-block-cover has-background-dim\" style=\"min-height:265px;aspect-ratio:unset;\"><video class=\"wp-block-cover__video-background intrinsic-ignore\" autoplay muted loop playsinline src=\"https:\/\/www.sindiapi.com.br\/2021\/wp-content\/uploads\/2024\/01\/pexels-vlada-karpovich-5798913-1080p.mp4\" style=\"object-position:52% 0%\" data-object-fit=\"cover\" data-object-position=\"52% 0%\"><\/video><div class=\"wp-block-cover__inner-container is-layout-flow wp-block-cover-is-layout-flow\">\n<p class=\"has-large-font-size\"><\/p>\n<\/div><\/div>\n\n\n\n<p class=\"has-large-font-size\"><strong>Cl\u00ednica de Olhos Nova Vis\u00e3o<\/strong><strong><\/strong><\/p>\n\n\n\n<p>75% de desconto em Consulta Oftalmol\u00f3gica completa e Exame de Vista.<\/p>\n\n\n\n<p>Obs.: Consultas e exames devem ser agendados via telefone ou WhatsApp<\/p>\n\n\n\n<p>Endere\u00e7o: Pra\u00e7a da S\u00e9 n\u00b0 21 &#8211; 1\u00b0 andar &#8211; Edif\u00edcio S\u00e3o Marcos<br>Centro Hist\u00f3rico \u2013 S\u00e3o Paulo \u2013 SP &#8211; CEP 01001-000<\/p>\n\n\n\n<p>Hor\u00e1rio de atendimento:<br>Segunda a sexta-feira das 9h00 \u00e0s 18h00<br>S\u00e1bado das 09h00 \u00e0s 13h00.<\/p>\n\n\n\n<p>Telefone: (11) 3106-6746 (11) 3106-1341 <br>WhatsApp (11)\u00a0954950154<\/p>\n","protected":false},"excerpt":{"rendered":"<p>Cl\u00ednica de Olhos Nova Vis\u00e3o 75% de desconto em Consulta Oftalmol\u00f3gica completa e Exame de Vista. Obs.: Consultas e exames devem ser agendados via telefone ou WhatsApp Endere\u00e7o: Pra\u00e7a da S\u00e9 n\u00b0 21 &#8211; 1\u00b0 andar &#8211; Edif\u00edcio S\u00e3o MarcosCentro Hist\u00f3rico \u2013 S\u00e3o Paulo \u2013 SP &#8211; CEP 01001-000 Hor\u00e1rio de atendimento:Segunda a sexta-feira das [&hellip;]<\/p>\n","protected":false},"author":2,"featured_media":0,"parent":0,"menu_order":0,"comment_status":"closed","ping_status":"closed","template":"","meta":{"footnotes":""},"class_list":["post-1301","page","type-page","status-publish","hentry"],"blog_post_layout_featured_media_urls":{"thumbnail":"","full":""},"categories_names":null,"comments_number":"0","wpmagazine_modules_lite_featured_media_urls":{"thumbnail":"","cvmm-medium":"","cvmm-medium-plus":"","cvmm-portrait":"","cvmm-medium-square":"","cvmm-large":"","cvmm-small":"","full":""},"_links":{"self":[{"href":"https:\/\/www.sindiapi.com.br\/2021\/index.php?rest_route=\/wp\/v2\/pages\/1301","targetHints":{"allow":["GET"]}}],"collection":[{"href":"https:\/\/www.sindiapi.com.br\/2021\/index.php?rest_route=\/wp\/v2\/pages"}],"about":[{"href":"https:\/\/www.sindiapi.com.br\/2021\/index.php?rest_route=\/wp\/v2\/types\/page"}],"author":[{"embeddable":true,"href":"https:\/\/www.sindiapi.com.br\/2021\/index.php?rest_route=\/wp\/v2\/users\/2"}],"replies":[{"embeddable":true,"href":"https:\/\/www.sindiapi.com.br\/2021\/index.php?rest_route=%2Fwp%2Fv2%2Fcomments&post=1301"}],"version-history":[{"count":1,"href":"https:\/\/www.sindiapi.com.br\/2021\/index.php?rest_route=\/wp\/v2\/pages\/1301\/revisions"}],"predecessor-version":[{"id":1302,"href":"https:\/\/www.sindiapi.com.br\/2021\/index.php?rest_route=\/wp\/v2\/pages\/1301\/revisions\/1302"}],"wp:attachment":[{"href":"https:\/\/www.sindiapi.com.br\/2021\/index.php?rest_route=%2Fwp%2Fv2%2Fmedia&parent=1301"}],"curies":[{"name":"wp","href":"https:\/\/api.w.org\/{rel}","templated":true}]}}