{"id":1293,"date":"2024-09-09T23:33:26","date_gmt":"2024-09-10T02:33:26","guid":{"rendered":"https:\/\/www.sindiapi.com.br\/2021\/?page_id=1293"},"modified":"2024-09-09T23:33:27","modified_gmt":"2024-09-10T02:33:27","slug":"beneficios-parana-2","status":"publish","type":"page","link":"https:\/\/www.sindiapi.com.br\/2021\/?page_id=1293","title":{"rendered":"Benef\u00edcios Paran\u00e1"},"content":{"rendered":"\n<div class=\"wp-block-cover has-background-dim\" style=\"min-height:265px;aspect-ratio:unset;\"><video class=\"wp-block-cover__video-background intrinsic-ignore\" autoplay muted loop playsinline src=\"https:\/\/www.sindiapi.com.br\/2021\/wp-content\/uploads\/2024\/01\/pexels-vlada-karpovich-5798913-1080p.mp4\" style=\"object-position:52% 0%\" data-object-fit=\"cover\" data-object-position=\"52% 0%\"><\/video><div class=\"wp-block-cover__inner-container is-layout-flow wp-block-cover-is-layout-flow\">\n<p class=\"has-large-font-size\"><\/p>\n<\/div><\/div>\n\n\n\n<p class=\"has-large-font-size\"><strong>Espa\u00e7o Audi\u00e7\u00e3o<\/strong><strong><\/strong><\/p>\n\n\n\n<p>Conceder 25% de desconto na compra de Aparelhos Auditivos.<br>Oferece condi\u00e7\u00f5es especiais para pagamentos.<\/p>\n\n\n\n<p>Rua Colombo 297, sala 2 Jardim Am\u00e9rica \u2013 Ponta Grossa &#8211; PR&nbsp;\u2013 CEP 8400-020<\/p>\n\n\n\n<p><strong>Hor\u00e1rio de atendimento:<\/strong><br>Segunda a sexta feira das 9h00 \u00e0s 12h00 ou das 13h30 \u00e0s 19h00.<br>Atendimento com hora marcada<br>Telefone: (42) 9.9111-0551<\/p>\n","protected":false},"excerpt":{"rendered":"<p>Espa\u00e7o Audi\u00e7\u00e3o Conceder 25% de desconto na compra de Aparelhos Auditivos.Oferece condi\u00e7\u00f5es especiais para pagamentos. Rua Colombo 297, sala 2 Jardim Am\u00e9rica \u2013 Ponta Grossa &#8211; PR&nbsp;\u2013 CEP 8400-020 Hor\u00e1rio de atendimento:Segunda a sexta feira das 9h00 \u00e0s 12h00 ou das 13h30 \u00e0s 19h00.Atendimento com hora marcadaTelefone: (42) 9.9111-0551<\/p>\n","protected":false},"author":2,"featured_media":0,"parent":0,"menu_order":0,"comment_status":"closed","ping_status":"closed","template":"","meta":{"footnotes":""},"class_list":["post-1293","page","type-page","status-publish","hentry"],"blog_post_layout_featured_media_urls":{"thumbnail":"","full":""},"categories_names":null,"comments_number":"0","wpmagazine_modules_lite_featured_media_urls":{"thumbnail":"","cvmm-medium":"","cvmm-medium-plus":"","cvmm-portrait":"","cvmm-medium-square":"","cvmm-large":"","cvmm-small":"","full":""},"_links":{"self":[{"href":"https:\/\/www.sindiapi.com.br\/2021\/index.php?rest_route=\/wp\/v2\/pages\/1293","targetHints":{"allow":["GET"]}}],"collection":[{"href":"https:\/\/www.sindiapi.com.br\/2021\/index.php?rest_route=\/wp\/v2\/pages"}],"about":[{"href":"https:\/\/www.sindiapi.com.br\/2021\/index.php?rest_route=\/wp\/v2\/types\/page"}],"author":[{"embeddable":true,"href":"https:\/\/www.sindiapi.com.br\/2021\/index.php?rest_route=\/wp\/v2\/users\/2"}],"replies":[{"embeddable":true,"href":"https:\/\/www.sindiapi.com.br\/2021\/index.php?rest_route=%2Fwp%2Fv2%2Fcomments&post=1293"}],"version-history":[{"count":1,"href":"https:\/\/www.sindiapi.com.br\/2021\/index.php?rest_route=\/wp\/v2\/pages\/1293\/revisions"}],"predecessor-version":[{"id":1294,"href":"https:\/\/www.sindiapi.com.br\/2021\/index.php?rest_route=\/wp\/v2\/pages\/1293\/revisions\/1294"}],"wp:attachment":[{"href":"https:\/\/www.sindiapi.com.br\/2021\/index.php?rest_route=%2Fwp%2Fv2%2Fmedia&parent=1293"}],"curies":[{"name":"wp","href":"https:\/\/api.w.org\/{rel}","templated":true}]}}