{"id":1288,"date":"2024-09-09T23:22:42","date_gmt":"2024-09-10T02:22:42","guid":{"rendered":"https:\/\/www.sindiapi.com.br\/2021\/?page_id=1288"},"modified":"2024-09-10T01:10:36","modified_gmt":"2024-09-10T04:10:36","slug":"beneficios-minas-gerais-5","status":"publish","type":"page","link":"https:\/\/www.sindiapi.com.br\/2021\/?page_id=1288","title":{"rendered":"Benef\u00edcios Minas Gerais"},"content":{"rendered":"\n<div class=\"wp-block-cover has-background-dim\" style=\"min-height:265px;aspect-ratio:unset;\"><video class=\"wp-block-cover__video-background intrinsic-ignore\" autoplay muted loop playsinline src=\"https:\/\/www.sindiapi.com.br\/2021\/wp-content\/uploads\/2024\/01\/pexels-vlada-karpovich-5798913-1080p.mp4\" style=\"object-position:52% 0%\" data-object-fit=\"cover\" data-object-position=\"52% 0%\"><\/video><div class=\"wp-block-cover__inner-container is-layout-flow wp-block-cover-is-layout-flow\">\n<p class=\"has-large-font-size\"><\/p>\n<\/div><\/div>\n\n\n\n<p class=\"has-large-font-size\"><strong>Grupo Microsom Aparelhos Auditivos<\/strong><\/p>\n\n\n\n<p>Desconto de 15 % na\u00a0compra de Aparelhos Auditivos.<br>Desconto de 10 % na\u00a0compra de Aparelho para Apneia do Sono.<br><br><strong>Microsom BH Santa Efig\u00eania<\/strong><br>Rua dos Otoni &#8211; 881 &#8211; sala 501 &#8211; Santa Efig\u00eania, Belo Horizonte &#8211; CEP 30150-270<br>Hor\u00e1rio de atendimento: Segunda a quinta-feira das 8h00 \u00e0s 18h00. Sexta-feira das 8h00 \u00e0s 17h00.<br>Telefone: (31) 98479-6922 (31) 3222-5157<br>Email: contato@microsombh.com.br<\/p>\n\n\n\n<p><strong>Microsom BH prado<\/strong><br>Avenida do Contorno, 9153 &#8211; Loja 1 &#8211; Prado, Belo Horizonte\/MG &#8211; CEP 30110-062<br>Hor\u00e1rio de atendimento: Segunda a quinta-feira das 8h00 \u00e0s 18h00. Sexta-feira das 8h00 \u00e0s 17h00.<br>Telefone: (31) 98452-6102 (31) 2127-3227<br>Email: contato@microsombh.com.br<\/p>\n\n\n\n<p><strong>Microsom Betim<\/strong><br>Avenida Governador Valadares &#8211; 444 &#8211; Loja 3 &#8211; Centro, Betim\/mg &#8211; CEP 32600-216<br>Hor\u00e1rio de atendimento: Segunda a quinta-feira das 8h00 \u00e0s 18h00. Sexta-feira das 8h00 \u00e0s 17h00.<br>Telefone: (31) 98286-9832 (31) 3511-5649<br>Email: contato@microsombh.com.br<\/p>\n\n\n\n<p><strong>Microsom Uberl\u00e2ndia<\/strong><br>Av. Get\u00falio Vargas, 230, piso 3, sala 312 &#8211; Centro, Uberl\u00e2ndia\/MG &#8211; CEP 38400-299<br>Hor\u00e1rio de atendimento: Segunda a sexta-feira das 8h00 \u00e0s 18h00. Telefone: (34) 3088-9550 (34) 99881-9550<br>Email: espacoauditivocomunicar@gmail.com<\/p>\n","protected":false},"excerpt":{"rendered":"<p>Grupo Microsom Aparelhos Auditivos Desconto de 15 % na\u00a0compra de Aparelhos Auditivos.Desconto de 10 % na\u00a0compra de Aparelho para Apneia do Sono. Microsom BH Santa Efig\u00eaniaRua dos Otoni &#8211; 881 &#8211; sala 501 &#8211; Santa Efig\u00eania, Belo Horizonte &#8211; CEP 30150-270Hor\u00e1rio de atendimento: Segunda a quinta-feira das 8h00 \u00e0s 18h00. Sexta-feira das 8h00 \u00e0s 17h00.Telefone: [&hellip;]<\/p>\n","protected":false},"author":2,"featured_media":0,"parent":0,"menu_order":0,"comment_status":"closed","ping_status":"closed","template":"","meta":{"footnotes":""},"class_list":["post-1288","page","type-page","status-publish","hentry"],"blog_post_layout_featured_media_urls":{"thumbnail":"","full":""},"categories_names":null,"comments_number":"0","wpmagazine_modules_lite_featured_media_urls":{"thumbnail":"","cvmm-medium":"","cvmm-medium-plus":"","cvmm-portrait":"","cvmm-medium-square":"","cvmm-large":"","cvmm-small":"","full":""},"_links":{"self":[{"href":"https:\/\/www.sindiapi.com.br\/2021\/index.php?rest_route=\/wp\/v2\/pages\/1288","targetHints":{"allow":["GET"]}}],"collection":[{"href":"https:\/\/www.sindiapi.com.br\/2021\/index.php?rest_route=\/wp\/v2\/pages"}],"about":[{"href":"https:\/\/www.sindiapi.com.br\/2021\/index.php?rest_route=\/wp\/v2\/types\/page"}],"author":[{"embeddable":true,"href":"https:\/\/www.sindiapi.com.br\/2021\/index.php?rest_route=\/wp\/v2\/users\/2"}],"replies":[{"embeddable":true,"href":"https:\/\/www.sindiapi.com.br\/2021\/index.php?rest_route=%2Fwp%2Fv2%2Fcomments&post=1288"}],"version-history":[{"count":2,"href":"https:\/\/www.sindiapi.com.br\/2021\/index.php?rest_route=\/wp\/v2\/pages\/1288\/revisions"}],"predecessor-version":[{"id":1367,"href":"https:\/\/www.sindiapi.com.br\/2021\/index.php?rest_route=\/wp\/v2\/pages\/1288\/revisions\/1367"}],"wp:attachment":[{"href":"https:\/\/www.sindiapi.com.br\/2021\/index.php?rest_route=%2Fwp%2Fv2%2Fmedia&parent=1288"}],"curies":[{"name":"wp","href":"https:\/\/api.w.org\/{rel}","templated":true}]}}