{"id":1282,"date":"2024-09-09T23:20:57","date_gmt":"2024-09-10T02:20:57","guid":{"rendered":"https:\/\/www.sindiapi.com.br\/2021\/?page_id=1282"},"modified":"2024-09-09T23:20:58","modified_gmt":"2024-09-10T02:20:58","slug":"beneficios-minas-gerais-3","status":"publish","type":"page","link":"https:\/\/www.sindiapi.com.br\/2021\/?page_id=1282","title":{"rendered":"Benef\u00edcios Minas Gerais"},"content":{"rendered":"\n<div class=\"wp-block-cover has-background-dim\" style=\"min-height:265px;aspect-ratio:unset;\"><video class=\"wp-block-cover__video-background intrinsic-ignore\" autoplay muted loop playsinline src=\"https:\/\/www.sindiapi.com.br\/2021\/wp-content\/uploads\/2024\/01\/pexels-vlada-karpovich-5798913-1080p.mp4\" style=\"object-position:52% 0%\" data-object-fit=\"cover\" data-object-position=\"52% 0%\"><\/video><div class=\"wp-block-cover__inner-container is-layout-flow wp-block-cover-is-layout-flow\">\n<p class=\"has-large-font-size\"><\/p>\n<\/div><\/div>\n\n\n\n<p class=\"has-large-font-size\"><strong>Bem Ouvir Aparelhos Auditivos<\/strong><\/p>\n\n\n\n<p>Desconto de 20% na compra de Aparelhos Auditivos.<br>Primeira consulta Fonoaudiol\u00f3gica gr\u00e1tis.<br>Todos os retornos de consultas gr\u00e1tis.<\/p>\n\n\n\n<p>Rua S\u00e3o Paulo, 893 \u2013 Sala 04 &#8211; Centro, Belo Horizonte\/MG&nbsp;\u2013 CEP 30170.131<br>Hor\u00e1rio de atendimento: Segunda a quinta-feira das 8h00 \u00e0s 18h00 \/ sexta-feira das 8h00 \u00e0s 17h00.<br>Telefone: (31) 3273-8379.<\/p>\n\n\n\n<p>Acesse o site www.bemouvir.com.br e descubra mais!<\/p>\n","protected":false},"excerpt":{"rendered":"<p>Bem Ouvir Aparelhos Auditivos Desconto de 20% na compra de Aparelhos Auditivos.Primeira consulta Fonoaudiol\u00f3gica gr\u00e1tis.Todos os retornos de consultas gr\u00e1tis. Rua S\u00e3o Paulo, 893 \u2013 Sala 04 &#8211; Centro, Belo Horizonte\/MG&nbsp;\u2013 CEP 30170.131Hor\u00e1rio de atendimento: Segunda a quinta-feira das 8h00 \u00e0s 18h00 \/ sexta-feira das 8h00 \u00e0s 17h00.Telefone: (31) 3273-8379. Acesse o site www.bemouvir.com.br e [&hellip;]<\/p>\n","protected":false},"author":2,"featured_media":0,"parent":0,"menu_order":0,"comment_status":"closed","ping_status":"closed","template":"","meta":{"footnotes":""},"class_list":["post-1282","page","type-page","status-publish","hentry"],"blog_post_layout_featured_media_urls":{"thumbnail":"","full":""},"categories_names":null,"comments_number":"0","wpmagazine_modules_lite_featured_media_urls":{"thumbnail":"","cvmm-medium":"","cvmm-medium-plus":"","cvmm-portrait":"","cvmm-medium-square":"","cvmm-large":"","cvmm-small":"","full":""},"_links":{"self":[{"href":"https:\/\/www.sindiapi.com.br\/2021\/index.php?rest_route=\/wp\/v2\/pages\/1282","targetHints":{"allow":["GET"]}}],"collection":[{"href":"https:\/\/www.sindiapi.com.br\/2021\/index.php?rest_route=\/wp\/v2\/pages"}],"about":[{"href":"https:\/\/www.sindiapi.com.br\/2021\/index.php?rest_route=\/wp\/v2\/types\/page"}],"author":[{"embeddable":true,"href":"https:\/\/www.sindiapi.com.br\/2021\/index.php?rest_route=\/wp\/v2\/users\/2"}],"replies":[{"embeddable":true,"href":"https:\/\/www.sindiapi.com.br\/2021\/index.php?rest_route=%2Fwp%2Fv2%2Fcomments&post=1282"}],"version-history":[{"count":1,"href":"https:\/\/www.sindiapi.com.br\/2021\/index.php?rest_route=\/wp\/v2\/pages\/1282\/revisions"}],"predecessor-version":[{"id":1283,"href":"https:\/\/www.sindiapi.com.br\/2021\/index.php?rest_route=\/wp\/v2\/pages\/1282\/revisions\/1283"}],"wp:attachment":[{"href":"https:\/\/www.sindiapi.com.br\/2021\/index.php?rest_route=%2Fwp%2Fv2%2Fmedia&parent=1282"}],"curies":[{"name":"wp","href":"https:\/\/api.w.org\/{rel}","templated":true}]}}