{"id":1258,"date":"2024-09-09T22:58:36","date_gmt":"2024-09-10T01:58:36","guid":{"rendered":"https:\/\/www.sindiapi.com.br\/2021\/?page_id=1258"},"modified":"2024-10-04T16:10:33","modified_gmt":"2024-10-04T19:10:33","slug":"beneficios-bahia-2","status":"publish","type":"page","link":"https:\/\/www.sindiapi.com.br\/2021\/?page_id=1258","title":{"rendered":"Benef\u00edcios Bahia"},"content":{"rendered":"\n<div class=\"wp-block-cover has-background-dim\" style=\"min-height:265px;aspect-ratio:unset;\"><video class=\"wp-block-cover__video-background intrinsic-ignore\" autoplay muted loop playsinline src=\"https:\/\/www.sindiapi.com.br\/2021\/wp-content\/uploads\/2024\/01\/pexels-vlada-karpovich-5798913-1080p.mp4\" style=\"object-position:52% 0%\" data-object-fit=\"cover\" data-object-position=\"52% 0%\"><\/video><div class=\"wp-block-cover__inner-container is-layout-flow wp-block-cover-is-layout-flow\">\n<p class=\"has-large-font-size\"><\/p>\n<\/div><\/div>\n\n\n\n<p class=\"has-large-font-size\"><strong>\u00d3tica da Gente<\/strong><strong><\/strong><\/p>\n\n\n\n<p>Desconto de 20% para pagamento \u00e0 vista; D<br>Desconto de 15% para pagamento parcelado em at\u00e9 03 vezes (cart\u00e3o de cr\u00e9dito);<br>Desconto de 10% para pagamento parcelado em at\u00e9 06 vezes (cart\u00e3o de cr\u00e9dito).<\/p>\n\n\n\n<p><strong>Endere\u00e7o das lojas:<\/strong><strong><\/strong><\/p>\n\n\n\n<p><strong>Loja Matriz<\/strong><strong><\/strong><\/p>\n\n\n\n<p>Avenida Paulo VI, 1139 Pituba &#8211; Salvador \u2013 BA &#8211; CEP 41.810-000<\/p>\n\n\n\n<p><strong>Telefone:<\/strong> (71) 98186-8439<\/p>\n\n\n\n<p><strong>Shopping da Bahia<\/strong><strong><\/strong><\/p>\n\n\n\n<p>Avenida Tancredo Neves, 148 \u2013 Lojas 12\/13 \u2013 2\u00b0 Piso Alameda Mario Cravo Pituba &#8211; Salvador \u2013 BA \u2013 CEP 40.301-155<\/p>\n\n\n\n<p><strong>Telefone:<\/strong> (71) 99161-6432<\/p>\n\n\n\n<p><strong>Shopping Piedade<\/strong><strong><\/strong><\/p>\n\n\n\n<p>Rua Junqueira Ayres 08 \u2013 Loja 56 \u2013 Piso L-3 Barris &#8211; Salvador \u2013 BA \u2013 CEP 40.070-080<\/p>\n\n\n\n<p><strong>Telefone:<\/strong> (71) 99161-6435<\/p>\n\n\n\n<p><strong>Shopping Center Lapa<\/strong><strong><\/strong><\/p>\n\n\n\n<p>Rua Port\u00e3o da Piedade, 155 \u2013 Loja 348\/349 \u2013 3\u00b0 piso Barris &#8211; Salvador \u2013 BA \u2013 CEP 40.070-045<\/p>\n\n\n\n<p><strong>Telefone:<\/strong> (71) 99161-6436<\/p>\n\n\n\n<p><strong>Shopping da Bahia<\/strong><strong><\/strong><\/p>\n\n\n\n<p>Avenida Tancredo Neves, 148 \u2013 Lojas 09\/13 \u2013 2\u00b0 Piso Alameda Marta Rocha Pituba &#8211; Salvador \u2013 BA \u2013 CEP 41.820-020<\/p>\n\n\n\n<p><strong>Telefone: <\/strong>(71) 99161-6437<\/p>\n\n\n\n<p><strong>Max Center<\/strong><strong><\/strong><\/p>\n\n\n\n<p>Avenida ACM, 846 \u2013 Loja 07 \u2013 T\u00e9rreo Itaigara &#8211; Salvador \u2013 BA \u2013 CEP 41.710-230<\/p>\n\n\n\n<p><strong>Telefone:<\/strong> (71) 99161-6433<\/p>\n\n\n\n<p><strong>Shopping Center Lapa<\/strong><strong><\/strong><\/p>\n\n\n\n<p>Rua Port\u00e3o da Piedade, 155 \u2013 Loja 141 \u2013 1\u00b0 piso Barris &#8211; Salvador \u2013 BA \u2013 CEP 40.070-900<\/p>\n\n\n\n<p><strong>Telefone:<\/strong> (71) 99194-4673<\/p>\n\n\n\n<p><strong>Shopping Barra<\/strong><strong><\/strong><\/p>\n\n\n\n<p>Avenida Centen\u00e1rio 2992 \u2013 Loja 23 L1 Sul Barris &#8211; Salvador \u2013 BA \u2013 CEP 40.140-902<\/p>\n\n\n\n<p><strong>Telefone: <\/strong>(71) 99161-6419<\/p>\n\n\n\n<p><strong>Shopping Bela Vista<\/strong><strong><\/strong><\/p>\n\n\n\n<p>Alameda Euvaldo Luz, 92 \u2013 Horto Bela Vista \u2013 Piso L1 Centro &#8211; Salvador \u2013 BA \u2013 CEP 41.098-020<\/p>\n\n\n\n<p><strong>Telefone:<\/strong> (71) 99161-6424<\/p>\n\n\n\n<p><strong>Salvador Shopping <\/strong><strong><\/strong><\/p>\n\n\n\n<p>Avenida Tancredo Neves, 2.915 \u2013 Lojas 1020\/1021 Caminho das \u00c1rvores &#8211; Salvador \u2013 BA \u2013 CEP 41.820-021<\/p>\n\n\n\n<p><strong>Telefone:<\/strong> (71) 99236-5190<\/p>\n\n\n\n<p><strong>Cal\u00e7ada<\/strong><strong><\/strong><\/p>\n\n\n\n<p>Avenida Bar\u00e3o de Cotegipe, 36 \u2013 Ed.Serravale &#8211; T\u00e9rreo Cal\u00e7ada &#8211; Salvador \u2013 BA \u2013 CEP 41.411-001<\/p>\n\n\n\n<p><strong>Telefone: <\/strong>(71) 99226-0318<\/p>\n\n\n\n<p><strong>Shopping Paralela<\/strong><strong><\/strong><\/p>\n\n\n\n<p>Avenida Lu\u00eds Viana Filho, 8544 Alphaville &#8211; Salvador \u2013 BA \u2013 CEP 41.730-101<\/p>\n\n\n\n<p><strong>Telefone:<\/strong> (71) 98215-8770 \/ (31) 3270-2700<\/p>\n","protected":false},"excerpt":{"rendered":"<p>\u00d3tica da Gente Desconto de 20% para pagamento \u00e0 vista; DDesconto de 15% para pagamento parcelado em at\u00e9 03 vezes (cart\u00e3o de cr\u00e9dito);Desconto de 10% para pagamento parcelado em at\u00e9 06 vezes (cart\u00e3o de cr\u00e9dito). Endere\u00e7o das lojas: Loja Matriz Avenida Paulo VI, 1139 Pituba &#8211; Salvador \u2013 BA &#8211; CEP 41.810-000 Telefone: (71) 98186-8439 [&hellip;]<\/p>\n","protected":false},"author":2,"featured_media":0,"parent":0,"menu_order":0,"comment_status":"closed","ping_status":"closed","template":"","meta":{"footnotes":""},"class_list":["post-1258","page","type-page","status-publish","hentry"],"blog_post_layout_featured_media_urls":{"thumbnail":"","full":""},"categories_names":null,"comments_number":"0","wpmagazine_modules_lite_featured_media_urls":{"thumbnail":"","cvmm-medium":"","cvmm-medium-plus":"","cvmm-portrait":"","cvmm-medium-square":"","cvmm-large":"","cvmm-small":"","full":""},"_links":{"self":[{"href":"https:\/\/www.sindiapi.com.br\/2021\/index.php?rest_route=\/wp\/v2\/pages\/1258","targetHints":{"allow":["GET"]}}],"collection":[{"href":"https:\/\/www.sindiapi.com.br\/2021\/index.php?rest_route=\/wp\/v2\/pages"}],"about":[{"href":"https:\/\/www.sindiapi.com.br\/2021\/index.php?rest_route=\/wp\/v2\/types\/page"}],"author":[{"embeddable":true,"href":"https:\/\/www.sindiapi.com.br\/2021\/index.php?rest_route=\/wp\/v2\/users\/2"}],"replies":[{"embeddable":true,"href":"https:\/\/www.sindiapi.com.br\/2021\/index.php?rest_route=%2Fwp%2Fv2%2Fcomments&post=1258"}],"version-history":[{"count":4,"href":"https:\/\/www.sindiapi.com.br\/2021\/index.php?rest_route=\/wp\/v2\/pages\/1258\/revisions"}],"predecessor-version":[{"id":1383,"href":"https:\/\/www.sindiapi.com.br\/2021\/index.php?rest_route=\/wp\/v2\/pages\/1258\/revisions\/1383"}],"wp:attachment":[{"href":"https:\/\/www.sindiapi.com.br\/2021\/index.php?rest_route=%2Fwp%2Fv2%2Fmedia&parent=1258"}],"curies":[{"name":"wp","href":"https:\/\/api.w.org\/{rel}","templated":true}]}}