{"id":1254,"date":"2024-09-09T22:54:02","date_gmt":"2024-09-10T01:54:02","guid":{"rendered":"https:\/\/www.sindiapi.com.br\/2021\/?page_id=1254"},"modified":"2024-11-04T22:25:07","modified_gmt":"2024-11-05T01:25:07","slug":"beneficios","status":"publish","type":"page","link":"https:\/\/www.sindiapi.com.br\/2021\/?page_id=1254","title":{"rendered":"Benef\u00edcios"},"content":{"rendered":"\n<div class=\"wp-block-buttons is-layout-flex wp-block-buttons-is-layout-flex\">\n<div class=\"wp-block-button has-custom-width wp-block-button__width-50 is-style-outline is-style-outline--1\"><a class=\"wp-block-button__link no-border-radius\" href=\"https:\/\/www.sindiapi.com.br\/2021\/?page_id=1078\"><strong><span class=\"has-inline-color has-vivid-red-color\">Benef\u00edcios Nacionais<br>em todo o Brasil<\/span><\/strong><\/a><\/div>\n\n\n\n<div class=\"wp-block-button has-custom-width wp-block-button__width-50 is-style-outline is-style-outline--2\"><a class=\"wp-block-button__link no-border-radius\" href=\"https:\/\/www.sindiapi.com.br\/2021\/?page_id=1235\">Amap\u00e1<br><strong>Grupo Microson Aparelhos Auditivos<\/strong><\/a><\/div>\n<\/div>\n\n\n\n<div class=\"wp-block-buttons is-layout-flex wp-block-buttons-is-layout-flex\">\n<div class=\"wp-block-button has-custom-width wp-block-button__width-50 is-style-outline is-style-outline--3\"><a class=\"wp-block-button__link no-border-radius\" href=\"https:\/\/www.sindiapi.com.br\/2021\/?page_id=1244\">Amazonas<br><strong>Grupo Microsom Aparelhos Auditivos<\/strong><\/a><\/div>\n\n\n\n<div class=\"wp-block-button has-custom-width wp-block-button__width-50 is-style-outline is-style-outline--4\"><a class=\"wp-block-button__link no-border-radius\" href=\"https:\/\/www.sindiapi.com.br\/2021\/?page_id=1258\">Bahia<br><strong>\u00d3ticas da Gente<\/strong><\/a><\/div>\n<\/div>\n\n\n\n<div class=\"wp-block-buttons is-layout-flex wp-block-buttons-is-layout-flex\">\n<div class=\"wp-block-button has-custom-width wp-block-button__width-50 is-style-outline is-style-outline--5\"><a class=\"wp-block-button__link no-border-radius\" href=\"https:\/\/www.sindiapi.com.br\/2021\/?page_id=1264\">Bahia<br><strong><strong>Grupo Microsom Aparelhos Auditivos<\/strong><\/strong><\/a><\/div>\n\n\n\n<div class=\"wp-block-button has-custom-width wp-block-button__width-50 is-style-outline is-style-outline--6\"><a class=\"wp-block-button__link no-border-radius\" href=\"https:\/\/www.sindiapi.com.br\/2021\/?page_id=1166\">Bahia<br><strong><strong>Sonora Centro Auditivo<\/strong><\/strong><\/a><\/div>\n<\/div>\n\n\n\n<div class=\"wp-block-buttons is-layout-flex wp-block-buttons-is-layout-flex\">\n<div class=\"wp-block-button has-custom-width wp-block-button__width-50 is-style-outline is-style-outline--7\"><a class=\"wp-block-button__link no-border-radius\" href=\"https:\/\/www.sindiapi.com.br\/2021\/?page_id=1269\">Cear\u00e1<br><strong>Grupo Microsom Aparelhos Auditivos<\/strong><\/a><\/div>\n\n\n\n<div class=\"wp-block-button has-custom-width wp-block-button__width-50 is-style-outline is-style-outline--8\"><a class=\"wp-block-button__link no-border-radius\" href=\"https:\/\/www.sindiapi.com.br\/2021\/?page_id=1325\">Cear\u00e1<br><strong><strong><strong>San Valentin Com\u00e9rcio de Produtos \u00d3pticos<\/strong><\/strong><\/strong><\/a><\/div>\n<\/div>\n\n\n\n<div class=\"wp-block-buttons is-layout-flex wp-block-buttons-is-layout-flex\">\n<div class=\"wp-block-button has-custom-width wp-block-button__width-50 is-style-outline is-style-outline--9\"><a class=\"wp-block-button__link no-border-radius\" href=\"https:\/\/www.sindiapi.com.br\/2021\/?page_id=1394\">Cear\u00e1<br><strong><strong>\u00d3tica Barat\u00e3o dos \u00d3culos<\/strong><\/strong><\/a><\/div>\n\n\n\n<div class=\"wp-block-button has-custom-width wp-block-button__width-50 is-style-outline is-style-outline--10\"><a class=\"wp-block-button__link no-border-radius\" href=\"https:\/\/www.sindiapi.com.br\/2021\/?page_id=1232\">Distrito Federal<br><strong>Grupo Microsom Aparelhos Auditivos<\/strong><\/a><\/div>\n<\/div>\n\n\n\n<div class=\"wp-block-buttons is-layout-flex wp-block-buttons-is-layout-flex\">\n<div class=\"wp-block-button has-custom-width wp-block-button__width-50 is-style-outline is-style-outline--11\"><a class=\"wp-block-button__link no-border-radius\" href=\"https:\/\/www.sindiapi.com.br\/2021\/?page_id=1241\">Goi\u00e1s<br><strong>Grupo Microsom Aparelhos Auditivos<\/strong><\/a><\/div>\n\n\n\n<div class=\"wp-block-button has-custom-width wp-block-button__width-50 is-style-outline is-style-outline--12\"><a class=\"wp-block-button__link no-border-radius\" href=\"https:\/\/www.sindiapi.com.br\/2021\/?page_id=1039\">Maranh\u00e3o<br><strong>\u00d3ticas Ultrafarma<\/strong>&nbsp;<\/a><\/div>\n<\/div>\n\n\n\n<div class=\"wp-block-buttons is-layout-flex wp-block-buttons-is-layout-flex\">\n<div class=\"wp-block-button has-custom-width wp-block-button__width-50 is-style-outline is-style-outline--13\"><a class=\"wp-block-button__link no-border-radius\" href=\"https:\/\/www.sindiapi.com.br\/2021\/?page_id=1238\">Mato Grosso<br><strong>Grupo Microsom Aparelhos Auditivos<\/strong><\/a><\/div>\n\n\n\n<div class=\"wp-block-button has-custom-width wp-block-button__width-50 is-style-outline is-style-outline--14\"><a class=\"wp-block-button__link no-border-radius\" href=\"https:\/\/www.sindiapi.com.br\/2021\/?page_id=1045\">Minas Gerais<br><strong>Sonorit\u00e1<\/strong> <strong>Aparelhos Auditivos<\/strong><\/a><\/div>\n<\/div>\n\n\n\n<div class=\"wp-block-buttons is-layout-flex wp-block-buttons-is-layout-flex\">\n<div class=\"wp-block-button has-custom-width wp-block-button__width-50 is-style-outline is-style-outline--15\"><a class=\"wp-block-button__link no-border-radius\" href=\"https:\/\/www.sindiapi.com.br\/2021\/?page_id=1277\">Minas Gerais<br><strong>Audiototal Aparelhos Auditivos<\/strong><\/a><\/div>\n\n\n\n<div class=\"wp-block-button has-custom-width wp-block-button__width-50 is-style-outline is-style-outline--16\"><a class=\"wp-block-button__link no-border-radius\" href=\"https:\/\/www.sindiapi.com.br\/2021\/?page_id=1282\">Minas Gerais<br><strong><strong>Bem Ouvir Aparelhos Auditivos<\/strong><\/strong><\/a><\/div>\n<\/div>\n\n\n\n<div class=\"wp-block-buttons is-layout-flex wp-block-buttons-is-layout-flex\">\n<div class=\"wp-block-button has-custom-width wp-block-button__width-50 is-style-outline is-style-outline--17\"><a class=\"wp-block-button__link no-border-radius\" href=\"https:\/\/www.sindiapi.com.br\/2021\/?page_id=1286\">Minas Gerais<br><strong><strong>\u00d3ticas Diniz<\/strong><\/strong><\/a><\/div>\n\n\n\n<div class=\"wp-block-button has-custom-width wp-block-button__width-50 is-style-outline is-style-outline--18\"><a class=\"wp-block-button__link no-border-radius\" href=\"https:\/\/www.sindiapi.com.br\/2021\/?page_id=1288\">Minas Gerais<br><strong><strong><strong>Grupo Microsom Aparelhos Auditivos<\/strong><\/strong><\/strong><\/a><\/div>\n<\/div>\n\n\n\n<div class=\"wp-block-buttons is-layout-flex wp-block-buttons-is-layout-flex\">\n<div class=\"wp-block-button has-custom-width wp-block-button__width-50 is-style-outline is-style-outline--19\"><a class=\"wp-block-button__link no-border-radius\" href=\"https:\/\/www.sindiapi.com.br\/2021\/?page_id=1169\">Paran\u00e1<br><strong><strong><strong><strong>Polido Cl\u00ednica \u2013 Fonoaudiologia<\/strong><\/strong><\/strong><\/strong><\/a><\/div>\n\n\n\n<div class=\"wp-block-button has-custom-width wp-block-button__width-50 is-style-outline is-style-outline--20\"><a class=\"wp-block-button__link no-border-radius\" href=\"https:\/\/www.sindiapi.com.br\/2021\/?page_id=1293\">Paran\u00e1<br><strong><strong><strong>Espa\u00e7o Audi\u00e7\u00e3o<\/strong><\/strong><\/strong><\/a><\/div>\n<\/div>\n\n\n\n<div class=\"wp-block-buttons is-layout-flex wp-block-buttons-is-layout-flex\">\n<div class=\"wp-block-button has-custom-width wp-block-button__width-50 is-style-outline is-style-outline--21\"><a class=\"wp-block-button__link no-border-radius\" href=\"https:\/\/www.sindiapi.com.br\/2021\/?page_id=1297\">Paran\u00e1<br><strong><strong><strong><strong><strong>Grupo Microsom Aparelhos Auditivos<\/strong><\/strong><\/strong><\/strong><\/strong><\/a><\/div>\n\n\n\n<div class=\"wp-block-button has-custom-width wp-block-button__width-50 is-style-outline is-style-outline--22\"><a class=\"wp-block-button__link no-border-radius\" href=\"https:\/\/www.sindiapi.com.br\/2021\/?page_id=1172\">Rio de Janeiro<br><strong><strong><strong><strong>\u00d3ticas Diniz<\/strong><\/strong><\/strong><\/strong><\/a><\/div>\n<\/div>\n\n\n\n<div class=\"wp-block-buttons is-layout-flex wp-block-buttons-is-layout-flex\">\n<div class=\"wp-block-button has-custom-width wp-block-button__width-50 is-style-outline is-style-outline--23\"><a class=\"wp-block-button__link no-border-radius\" href=\"https:\/\/www.sindiapi.com.br\/2021\/?page_id=1396\">Rio Grande do Sul<br><strong><strong><strong><strong><strong><strong><strong>Grupo Microson<\/strong><\/strong><\/strong><\/strong><\/strong><\/strong><\/strong><\/a><\/div>\n\n\n\n<div class=\"wp-block-button has-custom-width wp-block-button__width-50 is-style-outline is-style-outline--24\"><a class=\"wp-block-button__link no-border-radius\" href=\"https:\/\/www.sindiapi.com.br\/2021\/?page_id=1345\">Santa Catarina<br><strong><strong><strong><strong><strong><strong>\u00d3tica Popular Blumenau<\/strong><\/strong><\/strong><\/strong><\/strong><\/strong><\/a><\/div>\n<\/div>\n\n\n\n<div class=\"wp-block-buttons is-layout-flex wp-block-buttons-is-layout-flex\">\n<div class=\"wp-block-button has-custom-width wp-block-button__width-50 is-style-outline is-style-outline--25\"><a class=\"wp-block-button__link no-border-radius\" href=\"https:\/\/www.sindiapi.com.br\/2021\/?page_id=1348\">Santa Catarina<br><strong><strong><strong><strong><strong>\u00d3tica Ritter<\/strong><\/strong><\/strong><\/strong><\/strong><\/a><\/div>\n\n\n\n<div class=\"wp-block-button has-custom-width wp-block-button__width-50 is-style-outline is-style-outline--26\"><a class=\"wp-block-button__link no-border-radius\" href=\"https:\/\/www.sindiapi.com.br\/2021\/?page_id=1177\">Santa Catarina<br><strong><strong><strong><strong><strong><strong><strong>\u00d3tica Diniz<\/strong><\/strong><\/strong><\/strong><\/strong><\/strong><\/strong><\/a><\/div>\n<\/div>\n\n\n\n<div class=\"wp-block-buttons is-layout-flex wp-block-buttons-is-layout-flex\">\n<div class=\"wp-block-button has-custom-width wp-block-button__width-50 is-style-outline is-style-outline--27\"><a class=\"wp-block-button__link no-border-radius\" href=\"https:\/\/www.sindiapi.com.br\/2021\/?page_id=1340\">Santa Catarina<br><strong><strong><strong><strong><strong><strong>Grupo Microsom Aparelhos Auditivos<\/strong><\/strong><\/strong><\/strong><\/strong><\/strong><\/a><\/div>\n\n\n\n<div class=\"wp-block-button has-custom-width wp-block-button__width-50 is-style-outline is-style-outline--28\"><a class=\"wp-block-button__link no-border-radius\" href=\"https:\/\/www.sindiapi.com.br\/2021\/?page_id=1352\">S\u00e3o Paulo<br><strong><strong><strong><strong><strong><strong><strong><strong><strong>Grupo Microsom Aparelhos Auditivos<\/strong><\/strong><\/strong><\/strong><\/strong><\/strong><\/strong><\/strong><\/strong><\/a><\/div>\n\n\n\n<div class=\"wp-block-button has-custom-width wp-block-button__width-50 is-style-outline is-style-outline--29\"><a class=\"wp-block-button__link no-border-radius\" href=\"https:\/\/www.sindiapi.com.br\/2021\/?p=1445\">S\u00e3o Paulo<br><strong><strong><strong><strong><strong><strong><strong><strong><strong><strong>CLOK Cl\u00ednica Oftalmol\u00f3gica Kamlot<\/strong><\/strong><\/strong><\/strong><\/strong><\/strong><\/strong><\/strong><\/strong><\/strong><\/a><\/div>\n\n\n\n<div class=\"wp-block-button has-custom-width wp-block-button__width-50 is-style-outline is-style-outline--30\"><a class=\"wp-block-button__link no-border-radius\" href=\"https:\/\/www.sindiapi.com.br\/2021\/?page_id=1301\">S\u00e3o Paulo<br><strong><strong><strong><strong><strong><strong>Cl\u00ednica de Olhos Nova Vis\u00e3o<\/strong><\/strong><\/strong><\/strong><\/strong><\/strong><\/a><\/div>\n<\/div>\n\n\n\n<div class=\"wp-block-buttons is-layout-flex wp-block-buttons-is-layout-flex\">\n<div class=\"wp-block-button has-custom-width wp-block-button__width-50 is-style-outline is-style-outline--31\"><a class=\"wp-block-button__link no-border-radius\" href=\"https:\/\/www.sindiapi.com.br\/2021\/?page_id=1305\">S\u00e3o Paulo<br><strong><strong><strong><strong><strong>Kouros Madicina Diagn\u00f3stica<\/strong><\/strong><\/strong><\/strong><\/strong><\/a><\/div>\n\n\n\n<div class=\"wp-block-button has-custom-width wp-block-button__width-50 is-style-outline is-style-outline--32\"><a class=\"wp-block-button__link no-border-radius\" href=\"https:\/\/www.sindiapi.com.br\/2021\/?page_id=1432\">S\u00e3o Paulo<br><strong><strong><strong><strong><strong>Big \u00d3tica<\/strong><\/strong><\/strong><\/strong><\/strong><\/a><\/div>\n\n\n\n<div class=\"wp-block-button has-custom-width wp-block-button__width-50 is-style-outline is-style-outline--33\"><a class=\"wp-block-button__link no-border-radius\" href=\"https:\/\/www.sindiapi.com.br\/2021\/?page_id=1435\">S\u00e3o Paulo<br><strong><strong><strong><strong><strong><strong>Cl\u00ednica Scopp Diagn\u00f3sticos<\/strong><\/strong><\/strong><\/strong><\/strong><\/strong><\/a><\/div>\n\n\n\n<div class=\"wp-block-button has-custom-width wp-block-button__width-50 is-style-outline is-style-outline--34\"><a class=\"wp-block-button__link no-border-radius\" href=\"https:\/\/www.sindiapi.com.br\/2021\/?page_id=1438\">S\u00e3o Paulo<br><strong>Clinileste Servi\u00e7os M\u00e9dicos Especializados<\/strong><\/a><\/div>\n\n\n\n<div class=\"wp-block-button has-custom-width wp-block-button__width-50 is-style-outline is-style-outline--35\"><a class=\"wp-block-button__link no-border-radius\" href=\"https:\/\/www.sindiapi.com.br\/2021\/?page_id=1382\">S\u00e3o Paulo<br><strong><strong><strong><strong><strong><strong><strong>Centro M\u00e9dico Carezzato<\/strong><\/strong><\/strong><\/strong><\/strong><\/strong><\/strong><\/a><\/div>\n\n\n\n<div class=\"wp-block-button has-custom-width wp-block-button__width-50 is-style-outline is-style-outline--36\"><a class=\"wp-block-button__link no-border-radius\" href=\"https:\/\/www.sindiapi.com.br\/2021\/?page_id=1441\">S\u00e3o Paulo<br><strong><strong><strong><strong><strong><strong><strong><strong>Golabek Laborat\u00f3rio de An\u00e1lises Cl\u00ednicas<\/strong><\/strong><\/strong><\/strong><\/strong><\/strong><\/strong><\/strong><\/a><\/div>\n\n\n\n<div class=\"wp-block-button has-custom-width wp-block-button__width-50 is-style-outline is-style-outline--37\"><a class=\"wp-block-button__link no-border-radius\" href=\"https:\/\/www.sindiapi.com.br\/2021\/?page_id=1392\">S\u00e3o Paulo<br><strong><strong><strong><strong><strong><strong><strong><strong>Cl\u00ednica Fares<\/strong><\/strong><\/strong><\/strong><\/strong><\/strong><\/strong><\/strong><\/a><\/div>\n\n\n\n<div class=\"wp-block-button has-custom-width wp-block-button__width-50 is-style-outline is-style-outline--38\"><a class=\"wp-block-button__link no-border-radius\" href=\"https:\/\/www.sindiapi.com.br\/2021\/?page_id=1451\">S\u00e3o Paulo<br><strong><strong><strong><strong><strong><strong><strong><strong>Zoologico de S\u00e3o Paulo<\/strong><\/strong><\/strong><\/strong><\/strong><\/strong><\/strong><\/strong><\/a><\/div>\n\n\n\n<div class=\"wp-block-button has-custom-width wp-block-button__width-50 is-style-outline is-style-outline--39\"><a class=\"wp-block-button__link no-border-radius\" href=\"https:\/\/www.sindiapi.com.br\/2021\/?page_id=1456\">S\u00e3o Paulo<br><strong><strong><strong><strong><strong><strong><strong><strong><strong>CLOK Cl\u00ednica Oftalmol\u00f3gica Kamlot<\/strong><\/strong><\/strong><\/strong><\/strong><\/strong><\/strong><\/strong><\/strong><\/a><\/div>\n\n\n\n<div class=\"wp-block-button has-custom-width wp-block-button__width-50 is-style-outline is-style-outline--40\"><a class=\"wp-block-button__link no-border-radius\" href=\"https:\/\/www.sindiapi.com.br\/2021\/?page_id=1454\">S\u00e3o Paulo<br><strong><strong><strong><strong><strong><strong><strong><strong>M\u00e1ximos Diagn\u00f3sticos<\/strong><\/strong><\/strong><\/strong><\/strong><\/strong><\/strong><\/strong><\/a><\/div>\n\n\n\n<div class=\"wp-block-button has-custom-width wp-block-button__width-50 is-style-outline is-style-outline--41\"><a class=\"wp-block-button__link no-border-radius\" href=\"https:\/\/www.sindiapi.com.br\/2021\/?page_id=1399\">S\u00e3o Paulo <br><strong><strong><strong><strong><strong><strong><strong><strong><strong><strong>\u00d3ticas Ultrafarma<\/strong><\/strong><\/strong><\/strong><\/strong><\/strong><\/strong><\/strong><\/strong><\/strong><\/a><\/div>\n\n\n\n<div class=\"wp-block-button has-custom-width wp-block-button__width-50 is-style-outline is-style-outline--42\"><a class=\"wp-block-button__link no-border-radius\" href=\"https:\/\/www.sindiapi.com.br\/2021\/?page_id=1459\">S\u00e3o Paulo <br><strong><strong><strong><strong><strong><strong><strong><strong><strong><strong><strong>Avante Medicina Diagn\u00f3stica<\/strong><\/strong><\/strong><\/strong><\/strong><\/strong><\/strong><\/strong><\/strong><\/strong><\/strong><\/a><\/div>\n\n\n\n<div class=\"wp-block-button has-custom-width wp-block-button__width-50 is-style-outline is-style-outline--43\"><a class=\"wp-block-button__link no-border-radius\" href=\"https:\/\/www.sindiapi.com.br\/2021\/?page_id=1418\">S\u00e3o Paulo <br><strong><strong><strong><strong><strong><strong><strong><strong><strong><strong>5asec<\/strong><\/strong><\/strong><\/strong><\/strong><\/strong><\/strong><\/strong><\/strong><\/strong><\/a><\/div>\n\n\n\n<div class=\"wp-block-button has-custom-width wp-block-button__width-50 is-style-outline is-style-outline--44\"><a class=\"wp-block-button__link no-border-radius\" href=\"https:\/\/www.sindiapi.com.br\/2021\/?page_id=1421\">S\u00e3o Paulo <br><strong><strong><strong><strong><strong><strong>Inova Audi\u00e7\u00e3o<\/strong><\/strong><\/strong><\/strong><\/strong><\/strong><\/a><\/div>\n\n\n\n<div class=\"wp-block-button has-custom-width wp-block-button__width-50 is-style-outline is-style-outline--45\"><a class=\"wp-block-button__link no-border-radius\" href=\"https:\/\/www.sindiapi.com.br\/2021\/?page_id=1376\">S\u00e3o Paulo Regi\u00e3o Metropolitana<br><strong>Auditif Aparelhos Auditivos e CPAP<\/strong><\/a><\/div>\n\n\n\n<div class=\"wp-block-button has-custom-width wp-block-button__width-50 is-style-outline is-style-outline--46\"><a class=\"wp-block-button__link no-border-radius\" href=\"https:\/\/www.sindiapi.com.br\/2021\/?page_id=1354\">S\u00e3o Paulo Regi\u00e3o Metropolitana:<br><strong><strong><strong><strong><strong><strong>Grupo Microsom Aparelhos Auditivos<\/strong><\/strong><\/strong><\/strong><\/strong><\/strong><\/a><\/div>\n\n\n\n<div class=\"wp-block-button has-custom-width wp-block-button__width-50 is-style-outline is-style-outline--47\"><a class=\"wp-block-button__link no-border-radius\" href=\"https:\/\/www.sindiapi.com.br\/2021\/?page_id=1402\">S\u00e3o Paulo &#8211; Regi\u00e3o Metropolitana <br><strong><strong><strong><strong><strong><strong><strong><strong><strong><strong>\u00d3ticas Ultrafarma<\/strong><\/strong><\/strong><\/strong><\/strong><\/strong><\/strong><\/strong><\/strong><\/strong><\/a><\/div>\n\n\n\n<div class=\"wp-block-button has-custom-width wp-block-button__width-50 is-style-outline is-style-outline--48\"><a class=\"wp-block-button__link no-border-radius\" href=\"https:\/\/www.sindiapi.com.br\/2021\/?page_id=1376\">S\u00e3o Paulo Regi\u00e3o Metropolitana<br><strong>Auditif Aparelhos Auditivos e CPAP<\/strong><\/a><\/div>\n\n\n\n<div class=\"wp-block-button has-custom-width wp-block-button__width-50 is-style-outline is-style-outline--49\"><a class=\"wp-block-button__link no-border-radius\" href=\"https:\/\/www.sindiapi.com.br\/2021\/?page_id=1357\">S\u00e3o Paulo Interior<br><strong><strong><strong><strong><strong><strong><strong><strong><strong>Grupo Microsom Aparelhos Auditivos<\/strong><\/strong><\/strong><\/strong><\/strong><\/strong><\/strong><\/strong><\/strong><\/a><\/div>\n\n\n\n<div class=\"wp-block-button has-custom-width wp-block-button__width-50 is-style-outline is-style-outline--50\"><a class=\"wp-block-button__link no-border-radius\" href=\"https:\/\/www.sindiapi.com.br\/2021\/?page_id=1413\">S\u00e3o Paulo Interior<br><strong><strong><strong><strong><strong><strong><strong><strong><strong>\u00d3ticas Ultrafarma<\/strong><\/strong><\/strong><\/strong><\/strong><\/strong><\/strong><\/strong><\/strong><\/a><\/div>\n\n\n\n<div class=\"wp-block-button has-custom-width wp-block-button__width-50 is-style-outline is-style-outline--51\"><a class=\"wp-block-button__link no-border-radius\" href=\"https:\/\/www.sindiapi.com.br\/2021\/?page_id=1359\">S\u00e3o Paulo Litoral<br><strong><strong><strong><strong><strong><strong>Grupo Microsom Aparelhos Auditivos<\/strong><\/strong><\/strong><\/strong><\/strong><\/strong><\/a><\/div>\n\n\n\n<div class=\"wp-block-button has-custom-width wp-block-button__width-50 is-style-outline is-style-outline--52\"><a class=\"wp-block-button__link no-border-radius\" href=\"https:\/\/www.sindiapi.com.br\/2021\/?page_id=1404\">S\u00e3o Paulo Litoral<br><strong><strong><strong><strong><strong><strong>\u00d3ticas Ultrafarma<\/strong><\/strong><\/strong><\/strong><\/strong><\/strong><\/a><\/div>\n<\/div>\n\n\n\n<div class=\"wp-block-buttons is-layout-flex wp-block-buttons-is-layout-flex\"><\/div>\n\n\n\n<div class=\"wp-block-buttons is-layout-flex wp-block-buttons-is-layout-flex\"><\/div>\n\n\n\n<div class=\"wp-block-buttons is-layout-flex wp-block-buttons-is-layout-flex\"><\/div>\n\n\n\n<p><\/p>\n","protected":false},"excerpt":{"rendered":"","protected":false},"author":2,"featured_media":0,"parent":0,"menu_order":0,"comment_status":"closed","ping_status":"closed","template":"","meta":{"footnotes":""},"class_list":["post-1254","page","type-page","status-publish","hentry"],"blog_post_layout_featured_media_urls":{"thumbnail":"","full":""},"categories_names":null,"comments_number":"0","wpmagazine_modules_lite_featured_media_urls":{"thumbnail":"","cvmm-medium":"","cvmm-medium-plus":"","cvmm-portrait":"","cvmm-medium-square":"","cvmm-large":"","cvmm-small":"","full":""},"_links":{"self":[{"href":"https:\/\/www.sindiapi.com.br\/2021\/index.php?rest_route=\/wp\/v2\/pages\/1254","targetHints":{"allow":["GET"]}}],"collection":[{"href":"https:\/\/www.sindiapi.com.br\/2021\/index.php?rest_route=\/wp\/v2\/pages"}],"about":[{"href":"https:\/\/www.sindiapi.com.br\/2021\/index.php?rest_route=\/wp\/v2\/types\/page"}],"author":[{"embeddable":true,"href":"https:\/\/www.sindiapi.com.br\/2021\/index.php?rest_route=\/wp\/v2\/users\/2"}],"replies":[{"embeddable":true,"href":"https:\/\/www.sindiapi.com.br\/2021\/index.php?rest_route=%2Fwp%2Fv2%2Fcomments&post=1254"}],"version-history":[{"count":38,"href":"https:\/\/www.sindiapi.com.br\/2021\/index.php?rest_route=\/wp\/v2\/pages\/1254\/revisions"}],"predecessor-version":[{"id":1462,"href":"https:\/\/www.sindiapi.com.br\/2021\/index.php?rest_route=\/wp\/v2\/pages\/1254\/revisions\/1462"}],"wp:attachment":[{"href":"https:\/\/www.sindiapi.com.br\/2021\/index.php?rest_route=%2Fwp%2Fv2%2Fmedia&parent=1254"}],"curies":[{"name":"wp","href":"https:\/\/api.w.org\/{rel}","templated":true}]}}