{"id":1241,"date":"2024-08-26T19:02:12","date_gmt":"2024-08-26T22:02:12","guid":{"rendered":"https:\/\/www.sindiapi.com.br\/2021\/?page_id=1241"},"modified":"2024-09-10T00:25:47","modified_gmt":"2024-09-10T03:25:47","slug":"beneficios-goias","status":"publish","type":"page","link":"https:\/\/www.sindiapi.com.br\/2021\/?page_id=1241","title":{"rendered":"Benef\u00edcios Goi\u00e1s"},"content":{"rendered":"\n<div class=\"wp-block-cover has-background-dim\" style=\"min-height:265px;aspect-ratio:unset;\"><video class=\"wp-block-cover__video-background intrinsic-ignore\" autoplay muted loop playsinline src=\"https:\/\/www.sindiapi.com.br\/2021\/wp-content\/uploads\/2024\/01\/pexels-vlada-karpovich-5798913-1080p.mp4\" style=\"object-position:47% 0%\" data-object-fit=\"cover\" data-object-position=\"47% 0%\"><\/video><div class=\"wp-block-cover__inner-container is-layout-flow wp-block-cover-is-layout-flow\">\n<p class=\"has-large-font-size\"><\/p>\n<\/div><\/div>\n\n\n\n<p class=\"has-large-font-size\"><strong>Grupo Microsom Aparelhos Auditivos<\/strong><\/p>\n\n\n\n<p>Desconto de 15 % na&nbsp;compra de Aparelhos Auditivos.<br>Desconto de 10 % na&nbsp;compra de Aparelho para Apneia do Sono<\/p>\n\n\n\n<p>Avenida B, 136 &#8211; Setor Oeste, Goi\u00e2nia\/GO &#8211; CEP 74110-030<br>Hor\u00e1rio de atendimento: Segunda a sexta feira das 8h00 \u00e0s 18h00. S\u00e1bado das 9h00 \u00e0s 12h00.<br>Telefone: (62) 3223-5995<br>Email: marcoaurelio@microsomgoias.com.br<\/p>\n\n\n\n<p><\/p>\n","protected":false},"excerpt":{"rendered":"<p>Grupo Microsom Aparelhos Auditivos Desconto de 15 % na&nbsp;compra de Aparelhos Auditivos.Desconto de 10 % na&nbsp;compra de Aparelho para Apneia do Sono Avenida B, 136 &#8211; Setor Oeste, Goi\u00e2nia\/GO &#8211; CEP 74110-030Hor\u00e1rio de atendimento: Segunda a sexta feira das 8h00 \u00e0s 18h00. S\u00e1bado das 9h00 \u00e0s 12h00.Telefone: (62) 3223-5995Email: marcoaurelio@microsomgoias.com.br<\/p>\n","protected":false},"author":2,"featured_media":0,"parent":0,"menu_order":0,"comment_status":"closed","ping_status":"closed","template":"","meta":{"footnotes":""},"class_list":["post-1241","page","type-page","status-publish","hentry"],"blog_post_layout_featured_media_urls":{"thumbnail":"","full":""},"categories_names":null,"comments_number":"0","wpmagazine_modules_lite_featured_media_urls":{"thumbnail":"","cvmm-medium":"","cvmm-medium-plus":"","cvmm-portrait":"","cvmm-medium-square":"","cvmm-large":"","cvmm-small":"","full":""},"_links":{"self":[{"href":"https:\/\/www.sindiapi.com.br\/2021\/index.php?rest_route=\/wp\/v2\/pages\/1241","targetHints":{"allow":["GET"]}}],"collection":[{"href":"https:\/\/www.sindiapi.com.br\/2021\/index.php?rest_route=\/wp\/v2\/pages"}],"about":[{"href":"https:\/\/www.sindiapi.com.br\/2021\/index.php?rest_route=\/wp\/v2\/types\/page"}],"author":[{"embeddable":true,"href":"https:\/\/www.sindiapi.com.br\/2021\/index.php?rest_route=\/wp\/v2\/users\/2"}],"replies":[{"embeddable":true,"href":"https:\/\/www.sindiapi.com.br\/2021\/index.php?rest_route=%2Fwp%2Fv2%2Fcomments&post=1241"}],"version-history":[{"count":2,"href":"https:\/\/www.sindiapi.com.br\/2021\/index.php?rest_route=\/wp\/v2\/pages\/1241\/revisions"}],"predecessor-version":[{"id":1333,"href":"https:\/\/www.sindiapi.com.br\/2021\/index.php?rest_route=\/wp\/v2\/pages\/1241\/revisions\/1333"}],"wp:attachment":[{"href":"https:\/\/www.sindiapi.com.br\/2021\/index.php?rest_route=%2Fwp%2Fv2%2Fmedia&parent=1241"}],"curies":[{"name":"wp","href":"https:\/\/api.w.org\/{rel}","templated":true}]}}