{"id":1238,"date":"2024-08-26T18:59:53","date_gmt":"2024-08-26T21:59:53","guid":{"rendered":"https:\/\/www.sindiapi.com.br\/2021\/?page_id=1238"},"modified":"2024-09-10T00:26:23","modified_gmt":"2024-09-10T03:26:23","slug":"beneficios-mato-grosso","status":"publish","type":"page","link":"https:\/\/www.sindiapi.com.br\/2021\/?page_id=1238","title":{"rendered":"Benef\u00edcios Mato Grosso"},"content":{"rendered":"\n<div class=\"wp-block-cover has-background-dim\" style=\"min-height:265px;aspect-ratio:unset;\"><video class=\"wp-block-cover__video-background intrinsic-ignore\" autoplay muted loop playsinline src=\"https:\/\/www.sindiapi.com.br\/2021\/wp-content\/uploads\/2024\/01\/pexels-vlada-karpovich-5798913-1080p.mp4\" style=\"object-position:51% 0%\" data-object-fit=\"cover\" data-object-position=\"51% 0%\"><\/video><div class=\"wp-block-cover__inner-container is-layout-flow wp-block-cover-is-layout-flow\">\n<p class=\"has-large-font-size\"><\/p>\n<\/div><\/div>\n\n\n\n<p class=\"has-large-font-size\"><strong>Grupo Microsom Aparelhos Auditivos<\/strong><\/p>\n\n\n\n<p>Desconto de 15 % na&nbsp;compra de Aparelhos Auditivos.<br>Desconto de 10 % na&nbsp;compra de Aparelho para Apneia do Sono<\/p>\n\n\n\n<p><strong>Microsom Cuiab\u00e1<\/strong><br>Av. Historiador Rubens de Mendon\u00e7a, 309 &#8211; Araes, Cuiab\u00e1\/MT &#8211; CEP 78008-000<br>Hor\u00e1rio de atendimento: Segunda a sexta feira das 8h00 \u00e0s 18h00. S\u00e1bado das 8h00 \u00e0s 12h00.<br>Telefone: (65) 3365-4447 \/ (65) 99938-2287<br>Email: fono.audio.mt@gmail.com<\/p>\n\n\n\n<p><strong>Microsom Rondon\u00f3polis<\/strong><br>Av. Amazonas, 1418 &#8211; Centro, Rondon\u00f3polis\/MT &#8211; CEP 78700-050<br>Hor\u00e1rio de atendimento: Segunda a sexta feira das 8h00 \u00e0s 18h00. S\u00e1bado das 8h00 \u00e0s 12h00.<br>Telefone: (66) 3023-2133 \/ (66) 99903-4072<br>Email: microsomrondonopolis@gmail.com<\/p>\n","protected":false},"excerpt":{"rendered":"<p>Grupo Microsom Aparelhos Auditivos Desconto de 15 % na&nbsp;compra de Aparelhos Auditivos.Desconto de 10 % na&nbsp;compra de Aparelho para Apneia do Sono Microsom Cuiab\u00e1Av. Historiador Rubens de Mendon\u00e7a, 309 &#8211; Araes, Cuiab\u00e1\/MT &#8211; CEP 78008-000Hor\u00e1rio de atendimento: Segunda a sexta feira das 8h00 \u00e0s 18h00. S\u00e1bado das 8h00 \u00e0s 12h00.Telefone: (65) 3365-4447 \/ (65) 99938-2287Email: [&hellip;]<\/p>\n","protected":false},"author":2,"featured_media":0,"parent":0,"menu_order":0,"comment_status":"closed","ping_status":"closed","template":"","meta":{"footnotes":""},"class_list":["post-1238","page","type-page","status-publish","hentry"],"blog_post_layout_featured_media_urls":{"thumbnail":"","full":""},"categories_names":null,"comments_number":"0","wpmagazine_modules_lite_featured_media_urls":{"thumbnail":"","cvmm-medium":"","cvmm-medium-plus":"","cvmm-portrait":"","cvmm-medium-square":"","cvmm-large":"","cvmm-small":"","full":""},"_links":{"self":[{"href":"https:\/\/www.sindiapi.com.br\/2021\/index.php?rest_route=\/wp\/v2\/pages\/1238","targetHints":{"allow":["GET"]}}],"collection":[{"href":"https:\/\/www.sindiapi.com.br\/2021\/index.php?rest_route=\/wp\/v2\/pages"}],"about":[{"href":"https:\/\/www.sindiapi.com.br\/2021\/index.php?rest_route=\/wp\/v2\/types\/page"}],"author":[{"embeddable":true,"href":"https:\/\/www.sindiapi.com.br\/2021\/index.php?rest_route=\/wp\/v2\/users\/2"}],"replies":[{"embeddable":true,"href":"https:\/\/www.sindiapi.com.br\/2021\/index.php?rest_route=%2Fwp%2Fv2%2Fcomments&post=1238"}],"version-history":[{"count":2,"href":"https:\/\/www.sindiapi.com.br\/2021\/index.php?rest_route=\/wp\/v2\/pages\/1238\/revisions"}],"predecessor-version":[{"id":1334,"href":"https:\/\/www.sindiapi.com.br\/2021\/index.php?rest_route=\/wp\/v2\/pages\/1238\/revisions\/1334"}],"wp:attachment":[{"href":"https:\/\/www.sindiapi.com.br\/2021\/index.php?rest_route=%2Fwp%2Fv2%2Fmedia&parent=1238"}],"curies":[{"name":"wp","href":"https:\/\/api.w.org\/{rel}","templated":true}]}}