{"id":1235,"date":"2024-08-26T18:56:39","date_gmt":"2024-08-26T21:56:39","guid":{"rendered":"https:\/\/www.sindiapi.com.br\/2021\/?page_id=1235"},"modified":"2024-10-09T16:01:01","modified_gmt":"2024-10-09T19:01:01","slug":"beneficios-amapa-grupo-microson","status":"publish","type":"page","link":"https:\/\/www.sindiapi.com.br\/2021\/?page_id=1235","title":{"rendered":"Benef\u00edcios Amap\u00e1"},"content":{"rendered":"\n<div class=\"wp-block-cover has-background-dim\" style=\"min-height:265px;aspect-ratio:unset;\"><video class=\"wp-block-cover__video-background intrinsic-ignore\" autoplay muted loop playsinline src=\"https:\/\/www.sindiapi.com.br\/2021\/wp-content\/uploads\/2024\/01\/pexels-vlada-karpovich-5798913-1080p.mp4\" style=\"object-position:47% 0%\" data-object-fit=\"cover\" data-object-position=\"47% 0%\"><\/video><div class=\"wp-block-cover__inner-container is-layout-flow wp-block-cover-is-layout-flow\">\n<p class=\"has-large-font-size\"><\/p>\n<\/div><\/div>\n\n\n\n<p class=\"has-large-font-size\"><strong>Grupo Microsom Aparelhos Auditivos<\/strong><\/p>\n\n\n\n<p>Desconto de 15 % na&nbsp;compra de Aparelhos Auditivos.<br>Desconto de 10 % na&nbsp;compra de Aparelho para Apneia do Sono<\/p>\n\n\n\n<p>Rua Santos Dumont, 808 \u2013 Sala B &#8211; Santa Rita. Macap\u00e1\/AP &#8211; CEP 68901-270<br>Hor\u00e1rio de atendimento: Segunda a sexta feira das 8h00 \u00e0s 18h00. S\u00e1bado das 8h00 \u00e0s 12h00.<br>Telefone: (96) 98143-3778<br>Email: consultoriorobertasussuarana@gmail.com<\/p>\n","protected":false},"excerpt":{"rendered":"<p>Grupo Microsom Aparelhos Auditivos Desconto de 15 % na&nbsp;compra de Aparelhos Auditivos.Desconto de 10 % na&nbsp;compra de Aparelho para Apneia do Sono Rua Santos Dumont, 808 \u2013 Sala B &#8211; Santa Rita. Macap\u00e1\/AP &#8211; CEP 68901-270Hor\u00e1rio de atendimento: Segunda a sexta feira das 8h00 \u00e0s 18h00. S\u00e1bado das 8h00 \u00e0s 12h00.Telefone: (96) 98143-3778Email: consultoriorobertasussuarana@gmail.com<\/p>\n","protected":false},"author":2,"featured_media":0,"parent":0,"menu_order":0,"comment_status":"closed","ping_status":"closed","template":"","meta":{"footnotes":""},"class_list":["post-1235","page","type-page","status-publish","hentry"],"blog_post_layout_featured_media_urls":{"thumbnail":"","full":""},"categories_names":null,"comments_number":"0","wpmagazine_modules_lite_featured_media_urls":{"thumbnail":"","cvmm-medium":"","cvmm-medium-plus":"","cvmm-portrait":"","cvmm-medium-square":"","cvmm-large":"","cvmm-small":"","full":""},"_links":{"self":[{"href":"https:\/\/www.sindiapi.com.br\/2021\/index.php?rest_route=\/wp\/v2\/pages\/1235","targetHints":{"allow":["GET"]}}],"collection":[{"href":"https:\/\/www.sindiapi.com.br\/2021\/index.php?rest_route=\/wp\/v2\/pages"}],"about":[{"href":"https:\/\/www.sindiapi.com.br\/2021\/index.php?rest_route=\/wp\/v2\/types\/page"}],"author":[{"embeddable":true,"href":"https:\/\/www.sindiapi.com.br\/2021\/index.php?rest_route=\/wp\/v2\/users\/2"}],"replies":[{"embeddable":true,"href":"https:\/\/www.sindiapi.com.br\/2021\/index.php?rest_route=%2Fwp%2Fv2%2Fcomments&post=1235"}],"version-history":[{"count":10,"href":"https:\/\/www.sindiapi.com.br\/2021\/index.php?rest_route=\/wp\/v2\/pages\/1235\/revisions"}],"predecessor-version":[{"id":1331,"href":"https:\/\/www.sindiapi.com.br\/2021\/index.php?rest_route=\/wp\/v2\/pages\/1235\/revisions\/1331"}],"wp:attachment":[{"href":"https:\/\/www.sindiapi.com.br\/2021\/index.php?rest_route=%2Fwp%2Fv2%2Fmedia&parent=1235"}],"curies":[{"name":"wp","href":"https:\/\/api.w.org\/{rel}","templated":true}]}}