{"id":1232,"date":"2024-08-26T18:53:47","date_gmt":"2024-08-26T21:53:47","guid":{"rendered":"https:\/\/www.sindiapi.com.br\/2021\/?page_id=1232"},"modified":"2024-09-10T00:25:05","modified_gmt":"2024-09-10T03:25:05","slug":"beneficios-distrito-federal","status":"publish","type":"page","link":"https:\/\/www.sindiapi.com.br\/2021\/?page_id=1232","title":{"rendered":"Benef\u00edcios Distrito Federal"},"content":{"rendered":"\n<div class=\"wp-block-cover has-background-dim\" style=\"min-height:265px;aspect-ratio:unset;\"><video class=\"wp-block-cover__video-background intrinsic-ignore\" autoplay muted loop playsinline src=\"https:\/\/www.sindiapi.com.br\/2021\/wp-content\/uploads\/2024\/01\/pexels-vlada-karpovich-5798913-1080p.mp4\" style=\"object-position:51% 0%\" data-object-fit=\"cover\" data-object-position=\"51% 0%\"><\/video><div class=\"wp-block-cover__inner-container is-layout-flow wp-block-cover-is-layout-flow\">\n<p class=\"has-large-font-size\"><\/p>\n<\/div><\/div>\n\n\n\n<p class=\"has-large-font-size\"><strong>Grupo Microsom Aparelhos Auditivos<\/strong><\/p>\n\n\n\n<p>Desconto de 15 % na&nbsp;compra de Aparelhos Auditivos.<br>Desconto de 10 % na&nbsp;compra de Aparelho para Apneia do Sono<\/p>\n\n\n\n<p><strong>Microsom Brasilia Taguatinga<br><\/strong>Taguatinga Norte Ed. Bonbini &#8211; Taguatinga &#8211; DF &#8211; QNE 2 &#8211; Lote 01- Sala 201 &#8211; Ed. Bonbini<br>Hor\u00e1rio de atendimento: Segunda a sexta feira das 8h00 \u00e0s 18h00.<br>Telefone: (61) 3245-6181<br>Email: financeiro@microsombrasilia.com.br<\/p>\n\n\n\n<p><strong>Microsom Brasilia Asa norte<br><\/strong>716 &#8211; Bloco F &#8211; Loja 6 &#8211; Ed. Cristal &#8211; Asa Norte, Brasilia &#8211; DF, 70770-660<br>Hor\u00e1rio de atendimento: Segunda a sexta feira das 8h00 \u00e0s 18h00.<br>Telefone: (61) 3245-6181<br>Email: financeiro@microsombrasilia.com.br<\/p>\n\n\n\n<p><strong>Microsom Brasilia Asa Sul SEP<br><\/strong>715\/915 &#8211; Conjunto A &#8211; Bloco E &#8211; Sala 301- Ed. PACINI &#8211; Asa Sul, Brasilia &#8211; DF, 70390-155<br>Hor\u00e1rio de atendimento: Segunda a sexta feira das 8h00 \u00e0s 18h00.<br>Telefone: (61) 3245-6181<br>Email: financeiro@microsombrasilia.com.br<\/p>\n\n\n\n<p><strong>Brasilia &#8211; Aguas Claras<br><\/strong>Lotes 3,5,7 e 9 &#8211; Loja 123 &#8211; Ed. Patio Capital &#8211; Taguatinga, Brasilia &#8211; DF, 71953-000&#8243;<br>Hor\u00e1rio de atendimento: Segunda a sexta feira das 8h00 \u00e0s 18h00.<br>Telefone: (61) 3245-6181<br>Email: financeiro@microsombrasilia.com.br<\/p>\n\n\n\n<p><strong>Microsom Brasilia Asa Sul II<br><\/strong>709\/909 &#8211; 1\u00c2\u00ba Subsolo &#8211; Loja 4 &#8211; Ed. Julio Adnet &#8211; Asa Sul, Bras\u00edlia &#8211; DF, 70390-095&#8243;<br>Hor\u00e1rio de atendimento: Segunda a sexta feira das 8h00 \u00e0s 18h00.<br>Telefone: (61) 3245-6181<br>Email: financeiro@microsombrasilia.com.br<\/p>\n","protected":false},"excerpt":{"rendered":"<p>Grupo Microsom Aparelhos Auditivos Desconto de 15 % na&nbsp;compra de Aparelhos Auditivos.Desconto de 10 % na&nbsp;compra de Aparelho para Apneia do Sono Microsom Brasilia TaguatingaTaguatinga Norte Ed. Bonbini &#8211; Taguatinga &#8211; DF &#8211; QNE 2 &#8211; Lote 01- Sala 201 &#8211; Ed. BonbiniHor\u00e1rio de atendimento: Segunda a sexta feira das 8h00 \u00e0s 18h00.Telefone: (61) 3245-6181Email: [&hellip;]<\/p>\n","protected":false},"author":2,"featured_media":0,"parent":0,"menu_order":0,"comment_status":"closed","ping_status":"closed","template":"","meta":{"footnotes":""},"class_list":["post-1232","page","type-page","status-publish","hentry"],"blog_post_layout_featured_media_urls":{"thumbnail":"","full":""},"categories_names":null,"comments_number":"0","wpmagazine_modules_lite_featured_media_urls":{"thumbnail":"","cvmm-medium":"","cvmm-medium-plus":"","cvmm-portrait":"","cvmm-medium-square":"","cvmm-large":"","cvmm-small":"","full":""},"_links":{"self":[{"href":"https:\/\/www.sindiapi.com.br\/2021\/index.php?rest_route=\/wp\/v2\/pages\/1232","targetHints":{"allow":["GET"]}}],"collection":[{"href":"https:\/\/www.sindiapi.com.br\/2021\/index.php?rest_route=\/wp\/v2\/pages"}],"about":[{"href":"https:\/\/www.sindiapi.com.br\/2021\/index.php?rest_route=\/wp\/v2\/types\/page"}],"author":[{"embeddable":true,"href":"https:\/\/www.sindiapi.com.br\/2021\/index.php?rest_route=\/wp\/v2\/users\/2"}],"replies":[{"embeddable":true,"href":"https:\/\/www.sindiapi.com.br\/2021\/index.php?rest_route=%2Fwp%2Fv2%2Fcomments&post=1232"}],"version-history":[{"count":2,"href":"https:\/\/www.sindiapi.com.br\/2021\/index.php?rest_route=\/wp\/v2\/pages\/1232\/revisions"}],"predecessor-version":[{"id":1332,"href":"https:\/\/www.sindiapi.com.br\/2021\/index.php?rest_route=\/wp\/v2\/pages\/1232\/revisions\/1332"}],"wp:attachment":[{"href":"https:\/\/www.sindiapi.com.br\/2021\/index.php?rest_route=%2Fwp%2Fv2%2Fmedia&parent=1232"}],"curies":[{"name":"wp","href":"https:\/\/api.w.org\/{rel}","templated":true}]}}