{"id":1177,"date":"2024-05-17T13:41:26","date_gmt":"2024-05-17T16:41:26","guid":{"rendered":"https:\/\/www.sindiapi.com.br\/2021\/?page_id=1177"},"modified":"2024-09-10T00:38:07","modified_gmt":"2024-09-10T03:38:07","slug":"beneficios-santa-catarina","status":"publish","type":"page","link":"https:\/\/www.sindiapi.com.br\/2021\/?page_id=1177","title":{"rendered":"Benef\u00edcios Santa Catarina"},"content":{"rendered":"\n<div class=\"wp-block-cover has-background-dim\" style=\"min-height:265px;aspect-ratio:unset;\"><video class=\"wp-block-cover__video-background intrinsic-ignore\" autoplay muted loop playsinline src=\"https:\/\/www.sindiapi.com.br\/2021\/wp-content\/uploads\/2024\/01\/pexels-vlada-karpovich-5798913-1080p.mp4\" style=\"object-position:52% 0%\" data-object-fit=\"cover\" data-object-position=\"52% 0%\"><\/video><div class=\"wp-block-cover__inner-container is-layout-flow wp-block-cover-is-layout-flow\">\n<p class=\"has-large-font-size\"><\/p>\n<\/div><\/div>\n\n\n\n<p><\/p>\n\n\n\n<p class=\"has-large-font-size\"><strong>\u00d3tica Diniz<\/strong><\/p>\n\n\n\n<p>Desconto de 20% em todos os produtos da loja.<\/p>\n\n\n\n<p>Endere\u00e7o da loja: Rua Santo Ant\u00f4nio, 114 Cruzeiro do Sul &#8211; Crici\u00fama \u2013 SC &#8211; CEP 88801-440<br><br>Telefone: (31) 3270-2700 <br><br>Hor\u00e1rio de atendimento: Segunda a sexta feira das 9h00 \u00e0s 18h30. S\u00e1bado das 9h00 \u00e0s 13h00.<\/p>\n\n\n\n<p>Telefone: (48) 9.9164-8500<\/p>\n\n\n\n<p><\/p>\n","protected":false},"excerpt":{"rendered":"<p>\u00d3tica Diniz Desconto de 20% em todos os produtos da loja. Endere\u00e7o da loja: Rua Santo Ant\u00f4nio, 114 Cruzeiro do Sul &#8211; Crici\u00fama \u2013 SC &#8211; CEP 88801-440 Telefone: (31) 3270-2700 Hor\u00e1rio de atendimento: Segunda a sexta feira das 9h00 \u00e0s 18h30. S\u00e1bado das 9h00 \u00e0s 13h00. Telefone: (48) 9.9164-8500<\/p>\n","protected":false},"author":2,"featured_media":0,"parent":0,"menu_order":0,"comment_status":"closed","ping_status":"closed","template":"","meta":{"footnotes":""},"class_list":["post-1177","page","type-page","status-publish","hentry"],"blog_post_layout_featured_media_urls":{"thumbnail":"","full":""},"categories_names":null,"comments_number":"0","wpmagazine_modules_lite_featured_media_urls":{"thumbnail":"","cvmm-medium":"","cvmm-medium-plus":"","cvmm-portrait":"","cvmm-medium-square":"","cvmm-large":"","cvmm-small":"","full":""},"_links":{"self":[{"href":"https:\/\/www.sindiapi.com.br\/2021\/index.php?rest_route=\/wp\/v2\/pages\/1177","targetHints":{"allow":["GET"]}}],"collection":[{"href":"https:\/\/www.sindiapi.com.br\/2021\/index.php?rest_route=\/wp\/v2\/pages"}],"about":[{"href":"https:\/\/www.sindiapi.com.br\/2021\/index.php?rest_route=\/wp\/v2\/types\/page"}],"author":[{"embeddable":true,"href":"https:\/\/www.sindiapi.com.br\/2021\/index.php?rest_route=\/wp\/v2\/users\/2"}],"replies":[{"embeddable":true,"href":"https:\/\/www.sindiapi.com.br\/2021\/index.php?rest_route=%2Fwp%2Fv2%2Fcomments&post=1177"}],"version-history":[{"count":5,"href":"https:\/\/www.sindiapi.com.br\/2021\/index.php?rest_route=\/wp\/v2\/pages\/1177\/revisions"}],"predecessor-version":[{"id":1347,"href":"https:\/\/www.sindiapi.com.br\/2021\/index.php?rest_route=\/wp\/v2\/pages\/1177\/revisions\/1347"}],"wp:attachment":[{"href":"https:\/\/www.sindiapi.com.br\/2021\/index.php?rest_route=%2Fwp%2Fv2%2Fmedia&parent=1177"}],"curies":[{"name":"wp","href":"https:\/\/api.w.org\/{rel}","templated":true}]}}