{"id":1169,"date":"2024-04-11T13:52:45","date_gmt":"2024-04-11T16:52:45","guid":{"rendered":"https:\/\/www.sindiapi.com.br\/2021\/?page_id=1169"},"modified":"2024-09-09T23:35:12","modified_gmt":"2024-09-10T02:35:12","slug":"beneficios-parana","status":"publish","type":"page","link":"https:\/\/www.sindiapi.com.br\/2021\/?page_id=1169","title":{"rendered":"Benef\u00edcios Paran\u00e1"},"content":{"rendered":"\n<div class=\"wp-block-cover has-background-dim\" style=\"min-height:265px;aspect-ratio:unset;\"><video class=\"wp-block-cover__video-background intrinsic-ignore\" autoplay muted loop playsinline src=\"https:\/\/www.sindiapi.com.br\/2021\/wp-content\/uploads\/2024\/01\/pexels-vlada-karpovich-5798913-1080p.mp4\" style=\"object-position:52% 0%\" data-object-fit=\"cover\" data-object-position=\"52% 0%\"><\/video><div class=\"wp-block-cover__inner-container is-layout-flow wp-block-cover-is-layout-flow\">\n<p class=\"has-large-font-size\"><\/p>\n<\/div><\/div>\n\n\n\n<p><\/p>\n\n\n\n<p class=\"has-large-font-size\"><strong>Polido Cl\u00ednica &#8211; Fonoaudiologia<\/strong><strong><\/strong><\/p>\n\n\n\n<p>Atendimento em Terapias, Audiometria (avalia\u00e7\u00e3o auditiva), Teste do Processamento Auditivo Central e Emiss\u00e3o Otoacustica (teste da orelhinha). Os descontos ser\u00e3o de 30% sobre o valor dos procedimentos fixados pela tabela CREFONO (\u00f3rg\u00e3o de classe da fonoaudiologia).<\/p>\n\n\n\n<p>Rua Colombo 297, sala 2 Jardim Am\u00e9rica \u2013 Ponta Grossa &#8211; PR&nbsp;\u2013 CEP 8400-020<\/p>\n\n\n\n<p><strong>Hor\u00e1rio de atendimento:<\/strong><br>Segunda a sexta feira das 9h00 \u00e0s 12h00 ou das 14h00 \u00e0s 18h00.<br>Atendimento com hora marcada<br>elefone: (42) 9.9111-0551<\/p>\n\n\n\n<p><\/p>\n","protected":false},"excerpt":{"rendered":"<p>Polido Cl\u00ednica &#8211; Fonoaudiologia Atendimento em Terapias, Audiometria (avalia\u00e7\u00e3o auditiva), Teste do Processamento Auditivo Central e Emiss\u00e3o Otoacustica (teste da orelhinha). Os descontos ser\u00e3o de 30% sobre o valor dos procedimentos fixados pela tabela CREFONO (\u00f3rg\u00e3o de classe da fonoaudiologia). Rua Colombo 297, sala 2 Jardim Am\u00e9rica \u2013 Ponta Grossa &#8211; PR&nbsp;\u2013 CEP 8400-020 Hor\u00e1rio [&hellip;]<\/p>\n","protected":false},"author":2,"featured_media":0,"parent":0,"menu_order":0,"comment_status":"closed","ping_status":"closed","template":"","meta":{"footnotes":""},"class_list":["post-1169","page","type-page","status-publish","hentry"],"blog_post_layout_featured_media_urls":{"thumbnail":"","full":""},"categories_names":null,"comments_number":"0","wpmagazine_modules_lite_featured_media_urls":{"thumbnail":"","cvmm-medium":"","cvmm-medium-plus":"","cvmm-portrait":"","cvmm-medium-square":"","cvmm-large":"","cvmm-small":"","full":""},"_links":{"self":[{"href":"https:\/\/www.sindiapi.com.br\/2021\/index.php?rest_route=\/wp\/v2\/pages\/1169","targetHints":{"allow":["GET"]}}],"collection":[{"href":"https:\/\/www.sindiapi.com.br\/2021\/index.php?rest_route=\/wp\/v2\/pages"}],"about":[{"href":"https:\/\/www.sindiapi.com.br\/2021\/index.php?rest_route=\/wp\/v2\/types\/page"}],"author":[{"embeddable":true,"href":"https:\/\/www.sindiapi.com.br\/2021\/index.php?rest_route=\/wp\/v2\/users\/2"}],"replies":[{"embeddable":true,"href":"https:\/\/www.sindiapi.com.br\/2021\/index.php?rest_route=%2Fwp%2Fv2%2Fcomments&post=1169"}],"version-history":[{"count":3,"href":"https:\/\/www.sindiapi.com.br\/2021\/index.php?rest_route=\/wp\/v2\/pages\/1169\/revisions"}],"predecessor-version":[{"id":1296,"href":"https:\/\/www.sindiapi.com.br\/2021\/index.php?rest_route=\/wp\/v2\/pages\/1169\/revisions\/1296"}],"wp:attachment":[{"href":"https:\/\/www.sindiapi.com.br\/2021\/index.php?rest_route=%2Fwp%2Fv2%2Fmedia&parent=1169"}],"curies":[{"name":"wp","href":"https:\/\/api.w.org\/{rel}","templated":true}]}}