{"id":1166,"date":"2024-04-11T13:49:21","date_gmt":"2024-04-11T16:49:21","guid":{"rendered":"https:\/\/www.sindiapi.com.br\/2021\/?page_id=1166"},"modified":"2024-09-10T01:03:49","modified_gmt":"2024-09-10T04:03:49","slug":"beneficios-bahia","status":"publish","type":"page","link":"https:\/\/www.sindiapi.com.br\/2021\/?page_id=1166","title":{"rendered":"Benef\u00edcios Bahia &#8211; Sonora"},"content":{"rendered":"\n<div class=\"wp-block-cover has-background-dim\" style=\"min-height:265px;aspect-ratio:unset;\"><video class=\"wp-block-cover__video-background intrinsic-ignore\" autoplay muted loop playsinline src=\"https:\/\/www.sindiapi.com.br\/2021\/wp-content\/uploads\/2024\/01\/pexels-vlada-karpovich-5798913-1080p.mp4\" style=\"object-position:52% 0%\" data-object-fit=\"cover\" data-object-position=\"52% 0%\"><\/video><div class=\"wp-block-cover__inner-container is-layout-flow wp-block-cover-is-layout-flow\">\n<p class=\"has-large-font-size\"><\/p>\n<\/div><\/div>\n\n\n\n<p><\/p>\n\n\n\n<p class=\"has-large-font-size\"><strong>Sonora Centro Auditivo<\/strong><strong><\/strong><\/p>\n\n\n\n<p>15% (quinze por cento) de desconto para Aparelhos Auditivos<br>*com direito a acompanhamento fonoaudiol\u00f3gico gratuito e constante*;<br>10% (dez por cento) de desconto para Acess\u00f3rios de conectividade;<br>10% (dez por cento) de desconto para Desumidificador el\u00e9trico;<br>5% (quinze por cento) de desconto para Exame de Mapeamento de Fala;<\/p>\n\n\n\n<p>Avalia\u00e7\u00e3o, teste e indica\u00e7\u00e3o de aparelhos auditivos gratuitos.<\/p>\n\n\n\n<p>Rua Recife, 20 Barra \u2013 Salvador &#8211; BA&nbsp;\u2013 CEP 40140-240<\/p>\n\n\n\n<p><strong>Hor\u00e1rio de atendimento:<\/strong><br>Segunda a sexta feira das 8h00 \u00e0s 17h00.<br>Telefone: (71) 9.8108-9117<\/p>\n\n\n\n<p><\/p>\n","protected":false},"excerpt":{"rendered":"<p>Sonora Centro Auditivo 15% (quinze por cento) de desconto para Aparelhos Auditivos*com direito a acompanhamento fonoaudiol\u00f3gico gratuito e constante*;10% (dez por cento) de desconto para Acess\u00f3rios de conectividade;10% (dez por cento) de desconto para Desumidificador el\u00e9trico;5% (quinze por cento) de desconto para Exame de Mapeamento de Fala; Avalia\u00e7\u00e3o, teste e indica\u00e7\u00e3o de aparelhos auditivos gratuitos. [&hellip;]<\/p>\n","protected":false},"author":2,"featured_media":0,"parent":0,"menu_order":0,"comment_status":"closed","ping_status":"closed","template":"","meta":{"footnotes":""},"class_list":["post-1166","page","type-page","status-publish","hentry"],"blog_post_layout_featured_media_urls":{"thumbnail":"","full":""},"categories_names":null,"comments_number":"0","wpmagazine_modules_lite_featured_media_urls":{"thumbnail":"","cvmm-medium":"","cvmm-medium-plus":"","cvmm-portrait":"","cvmm-medium-square":"","cvmm-large":"","cvmm-small":"","full":""},"_links":{"self":[{"href":"https:\/\/www.sindiapi.com.br\/2021\/index.php?rest_route=\/wp\/v2\/pages\/1166","targetHints":{"allow":["GET"]}}],"collection":[{"href":"https:\/\/www.sindiapi.com.br\/2021\/index.php?rest_route=\/wp\/v2\/pages"}],"about":[{"href":"https:\/\/www.sindiapi.com.br\/2021\/index.php?rest_route=\/wp\/v2\/types\/page"}],"author":[{"embeddable":true,"href":"https:\/\/www.sindiapi.com.br\/2021\/index.php?rest_route=\/wp\/v2\/users\/2"}],"replies":[{"embeddable":true,"href":"https:\/\/www.sindiapi.com.br\/2021\/index.php?rest_route=%2Fwp%2Fv2%2Fcomments&post=1166"}],"version-history":[{"count":5,"href":"https:\/\/www.sindiapi.com.br\/2021\/index.php?rest_route=\/wp\/v2\/pages\/1166\/revisions"}],"predecessor-version":[{"id":1262,"href":"https:\/\/www.sindiapi.com.br\/2021\/index.php?rest_route=\/wp\/v2\/pages\/1166\/revisions\/1262"}],"wp:attachment":[{"href":"https:\/\/www.sindiapi.com.br\/2021\/index.php?rest_route=%2Fwp%2Fv2%2Fmedia&parent=1166"}],"curies":[{"name":"wp","href":"https:\/\/api.w.org\/{rel}","templated":true}]}}