{"id":1045,"date":"2024-01-18T17:14:25","date_gmt":"2024-01-18T20:14:25","guid":{"rendered":"https:\/\/www.sindiapi.com.br\/2021\/?page_id=1045"},"modified":"2024-09-09T23:22:19","modified_gmt":"2024-09-10T02:22:19","slug":"beneficios-minas-gerais","status":"publish","type":"page","link":"https:\/\/www.sindiapi.com.br\/2021\/?page_id=1045","title":{"rendered":"Benef\u00edcios Minas Gerais"},"content":{"rendered":"\n<div class=\"wp-block-cover has-background-dim\" style=\"min-height:265px;aspect-ratio:unset;\"><video class=\"wp-block-cover__video-background intrinsic-ignore\" autoplay muted loop playsinline src=\"https:\/\/www.sindiapi.com.br\/2021\/wp-content\/uploads\/2024\/01\/pexels-vlada-karpovich-5798913-1080p.mp4\" style=\"object-position:52% 0%\" data-object-fit=\"cover\" data-object-position=\"52% 0%\"><\/video><div class=\"wp-block-cover__inner-container is-layout-flow wp-block-cover-is-layout-flow\">\n<p class=\"has-large-font-size\"><\/p>\n<\/div><\/div>\n\n\n\n<p class=\"has-huge-font-size\"><strong><strong>Sonorit\u00e1<\/strong><\/strong><\/p>\n\n\n\n<p><strong>Descontos:<\/strong> <br>Avalia\u00e7\u00e3o gratuita, incluso o exame de audiometria.<br>Teste gratuito do aparelho auditivo por at\u00e9 7 dias.<br>20% de desconto para pagamentos parcelados em at\u00e9 12x sem juros no cart\u00e3o de cr\u00e9dito, em toda linha de aparelhos auditivos.<br>30% de desconto para pagamentos \u00e0 vista em toda linha de aparelhos auditivos.<\/p>\n\n\n\n<p>Endere\u00e7o:<br>Avenida Oleg\u00e1rio Maciel, 2146<br>Santo Agostinho \u2013 Belo Horizonte \u2013 MG \u2013 CEP 30180-112<br><br>Hor\u00e1rio de atendimento:<br>Segunda a sexta-feira das 9h00 \u00e0s 18h00<br>S\u00e1bado das 09h00 \u00e0s 12h00.<br>Telefone: (31) 3324-1002<\/p>\n","protected":false},"excerpt":{"rendered":"<p>Sonorit\u00e1 Descontos: Avalia\u00e7\u00e3o gratuita, incluso o exame de audiometria.Teste gratuito do aparelho auditivo por at\u00e9 7 dias.20% de desconto para pagamentos parcelados em at\u00e9 12x sem juros no cart\u00e3o de cr\u00e9dito, em toda linha de aparelhos auditivos.30% de desconto para pagamentos \u00e0 vista em toda linha de aparelhos auditivos. Endere\u00e7o:Avenida Oleg\u00e1rio Maciel, 2146Santo Agostinho \u2013 [&hellip;]<\/p>\n","protected":false},"author":2,"featured_media":1152,"parent":0,"menu_order":0,"comment_status":"closed","ping_status":"closed","template":"","meta":{"footnotes":""},"class_list":["post-1045","page","type-page","status-publish","has-post-thumbnail","hentry"],"blog_post_layout_featured_media_urls":{"thumbnail":["https:\/\/www.sindiapi.com.br\/2021\/wp-content\/uploads\/2024\/03\/1-Idosos-oculos-150x150.jpg",150,150,true],"full":["https:\/\/www.sindiapi.com.br\/2021\/wp-content\/uploads\/2024\/03\/1-Idosos-oculos.jpg",1400,975,false]},"categories_names":null,"comments_number":"0","wpmagazine_modules_lite_featured_media_urls":{"thumbnail":["https:\/\/www.sindiapi.com.br\/2021\/wp-content\/uploads\/2024\/03\/1-Idosos-oculos-150x150.jpg",150,150,true],"cvmm-medium":["https:\/\/www.sindiapi.com.br\/2021\/wp-content\/uploads\/2024\/03\/1-Idosos-oculos-300x300.jpg",300,300,true],"cvmm-medium-plus":["https:\/\/www.sindiapi.com.br\/2021\/wp-content\/uploads\/2024\/03\/1-Idosos-oculos-305x207.jpg",305,207,true],"cvmm-portrait":["https:\/\/www.sindiapi.com.br\/2021\/wp-content\/uploads\/2024\/03\/1-Idosos-oculos-400x600.jpg",400,600,true],"cvmm-medium-square":["https:\/\/www.sindiapi.com.br\/2021\/wp-content\/uploads\/2024\/03\/1-Idosos-oculos-600x600.jpg",600,600,true],"cvmm-large":["https:\/\/www.sindiapi.com.br\/2021\/wp-content\/uploads\/2024\/03\/1-Idosos-oculos-1024x975.jpg",1024,975,true],"cvmm-small":["https:\/\/www.sindiapi.com.br\/2021\/wp-content\/uploads\/2024\/03\/1-Idosos-oculos-130x95.jpg",130,95,true],"full":["https:\/\/www.sindiapi.com.br\/2021\/wp-content\/uploads\/2024\/03\/1-Idosos-oculos.jpg",1400,975,false]},"_links":{"self":[{"href":"https:\/\/www.sindiapi.com.br\/2021\/index.php?rest_route=\/wp\/v2\/pages\/1045","targetHints":{"allow":["GET"]}}],"collection":[{"href":"https:\/\/www.sindiapi.com.br\/2021\/index.php?rest_route=\/wp\/v2\/pages"}],"about":[{"href":"https:\/\/www.sindiapi.com.br\/2021\/index.php?rest_route=\/wp\/v2\/types\/page"}],"author":[{"embeddable":true,"href":"https:\/\/www.sindiapi.com.br\/2021\/index.php?rest_route=\/wp\/v2\/users\/2"}],"replies":[{"embeddable":true,"href":"https:\/\/www.sindiapi.com.br\/2021\/index.php?rest_route=%2Fwp%2Fv2%2Fcomments&post=1045"}],"version-history":[{"count":6,"href":"https:\/\/www.sindiapi.com.br\/2021\/index.php?rest_route=\/wp\/v2\/pages\/1045\/revisions"}],"predecessor-version":[{"id":1289,"href":"https:\/\/www.sindiapi.com.br\/2021\/index.php?rest_route=\/wp\/v2\/pages\/1045\/revisions\/1289"}],"wp:featuredmedia":[{"embeddable":true,"href":"https:\/\/www.sindiapi.com.br\/2021\/index.php?rest_route=\/wp\/v2\/media\/1152"}],"wp:attachment":[{"href":"https:\/\/www.sindiapi.com.br\/2021\/index.php?rest_route=%2Fwp%2Fv2%2Fmedia&parent=1045"}],"curies":[{"name":"wp","href":"https:\/\/api.w.org\/{rel}","templated":true}]}}