{"id":1039,"date":"2024-01-18T17:09:01","date_gmt":"2024-01-18T20:09:01","guid":{"rendered":"https:\/\/www.sindiapi.com.br\/2021\/?page_id=1039"},"modified":"2024-01-18T17:09:01","modified_gmt":"2024-01-18T20:09:01","slug":"beneficios-maranhao","status":"publish","type":"page","link":"https:\/\/www.sindiapi.com.br\/2021\/?page_id=1039","title":{"rendered":"Benef\u00edcios Maranh\u00e3o"},"content":{"rendered":"\n<div class=\"wp-block-cover has-background-dim\" style=\"min-height:265px;aspect-ratio:unset;\"><video class=\"wp-block-cover__video-background intrinsic-ignore\" autoplay muted loop playsinline src=\"https:\/\/www.sindiapi.com.br\/2021\/wp-content\/uploads\/2024\/01\/pexels-vlada-karpovich-5798913-1080p.mp4\" style=\"object-position:52% 0%\" data-object-fit=\"cover\" data-object-position=\"52% 0%\"><\/video><div class=\"wp-block-cover__inner-container is-layout-flow wp-block-cover-is-layout-flow\">\n<p class=\"has-large-font-size\"><\/p>\n<\/div><\/div>\n\n\n\n<p class=\"has-huge-font-size\"><strong>\u00d3ticas<\/strong><\/p>\n\n\n\n<p><strong>\u00d3ticas Ultrafarma<\/strong>&nbsp;\u2013 Desconto de 20% na&nbsp;compra de produtos de \u00f3tica (menos&nbsp;lentes&nbsp;de contato&nbsp;e&nbsp;campanhas&nbsp;j\u00e1&nbsp;existentes)<br>ou na&nbsp;compra&nbsp;de&nbsp;lentes&nbsp;multifocais, gr\u00e1tis a arma\u00e7\u00e3o das marcas Feel,&nbsp;EyeFly&nbsp;ou&nbsp;MX.<\/p>\n\n\n\n<p><strong>S\u00e3o Lu\u00eds \u2013 Centro<\/strong><br>Rua da Paz, 673<br>Centro \u2013 S\u00e3o Lu\u00eds \u2013 MA<strong>\u00a0\u2013\u00a0<\/strong>CEP 65020-450<br>Hor\u00e1rio de atendimento:<br>Segunda a sexta feira das 9h00 \u00e0s 18h00.<br>S\u00e1bado das 9h00 \u00e0s 13h00.<br>Telefone: (98) 9.8462-1428<\/p>\n","protected":false},"excerpt":{"rendered":"<p>\u00d3ticas \u00d3ticas Ultrafarma&nbsp;\u2013 Desconto de 20% na&nbsp;compra de produtos de \u00f3tica (menos&nbsp;lentes&nbsp;de contato&nbsp;e&nbsp;campanhas&nbsp;j\u00e1&nbsp;existentes)ou na&nbsp;compra&nbsp;de&nbsp;lentes&nbsp;multifocais, gr\u00e1tis a arma\u00e7\u00e3o das marcas Feel,&nbsp;EyeFly&nbsp;ou&nbsp;MX. S\u00e3o Lu\u00eds \u2013 CentroRua da Paz, 673Centro \u2013 S\u00e3o Lu\u00eds \u2013 MA\u00a0\u2013\u00a0CEP 65020-450Hor\u00e1rio de atendimento:Segunda a sexta feira das 9h00 \u00e0s 18h00.S\u00e1bado das 9h00 \u00e0s 13h00.Telefone: (98) 9.8462-1428<\/p>\n","protected":false},"author":2,"featured_media":0,"parent":0,"menu_order":0,"comment_status":"closed","ping_status":"closed","template":"","meta":{"footnotes":""},"class_list":["post-1039","page","type-page","status-publish","hentry"],"blog_post_layout_featured_media_urls":{"thumbnail":"","full":""},"categories_names":null,"comments_number":"0","wpmagazine_modules_lite_featured_media_urls":{"thumbnail":"","cvmm-medium":"","cvmm-medium-plus":"","cvmm-portrait":"","cvmm-medium-square":"","cvmm-large":"","cvmm-small":"","full":""},"_links":{"self":[{"href":"https:\/\/www.sindiapi.com.br\/2021\/index.php?rest_route=\/wp\/v2\/pages\/1039","targetHints":{"allow":["GET"]}}],"collection":[{"href":"https:\/\/www.sindiapi.com.br\/2021\/index.php?rest_route=\/wp\/v2\/pages"}],"about":[{"href":"https:\/\/www.sindiapi.com.br\/2021\/index.php?rest_route=\/wp\/v2\/types\/page"}],"author":[{"embeddable":true,"href":"https:\/\/www.sindiapi.com.br\/2021\/index.php?rest_route=\/wp\/v2\/users\/2"}],"replies":[{"embeddable":true,"href":"https:\/\/www.sindiapi.com.br\/2021\/index.php?rest_route=%2Fwp%2Fv2%2Fcomments&post=1039"}],"version-history":[{"count":1,"href":"https:\/\/www.sindiapi.com.br\/2021\/index.php?rest_route=\/wp\/v2\/pages\/1039\/revisions"}],"predecessor-version":[{"id":1043,"href":"https:\/\/www.sindiapi.com.br\/2021\/index.php?rest_route=\/wp\/v2\/pages\/1039\/revisions\/1043"}],"wp:attachment":[{"href":"https:\/\/www.sindiapi.com.br\/2021\/index.php?rest_route=%2Fwp%2Fv2%2Fmedia&parent=1039"}],"curies":[{"name":"wp","href":"https:\/\/api.w.org\/{rel}","templated":true}]}}